{"id":79,"date":"2021-02-24T19:06:11","date_gmt":"2021-02-24T19:06:11","guid":{"rendered":"http:\/\/www.tarinamestarit.fi\/?post_type=product&#038;p=79"},"modified":"2021-07-08T05:30:11","modified_gmt":"2021-07-08T05:30:11","slug":"murha-taikurin","status":"publish","type":"product","link":"https:\/\/www.tarinamestarit.fi\/index.php\/product\/murha-taikurin\/","title":{"rendered":"Murha taikurin kartanossa &#8211; murhamysteeripeli"},"content":{"rendered":"<h2>Murha taikurin kartanossa &#8211; murhamysteeripeli<\/h2>\n<p>Murha taikurin kartanossa vie sinut huikean j\u00e4nnitt\u00e4v\u00e4lle seikkailulle taikuri James Venomin kartanoon.<\/p>\n<p>Kuuluisa taikuri James Venom toivottaa sinut tervetulleeksi taikuuden maailmaan!<\/p>\n<p>Viikonloppuisin ihmiset tulvivat joukoittain Taikurinkartanoon. He haluavat n\u00e4hd\u00e4 korkealuokkaisia taikuriesityksi\u00e4 ja juhlia y\u00f6kerho Seitsem\u00e4ss\u00e4 hunnussa. James Venomin kartano on kuuluisa monestakin syyst\u00e4. Kansainv\u00e4liset kuuluisuudet esiintyv\u00e4t ritarisalissa. Vanhan kartanon tiloista on tehty taikurimaailman teemapuisto, jossa viihtyv\u00e4t kaikenik\u00e4iset.<\/p>\n<p>Kellari on muutettu kryptaksi. Siell\u00e4 esiintyv\u00e4t vampyyreiksi pukeutuneet kuuluisat taikurit. Ihmissusi ulvoo kartanon mailla t\u00e4ysikuisina \u00f6in\u00e4. Kummituksiksi pukeutuneet n\u00e4yttelij\u00e4t viev\u00e4t vieraita opaskierroksille. Py\u00f6re\u00e4n tornin laella toimii kartanon kuuluisa Kummituskasino. Kartanossa on my\u00f6s museo. Siell\u00e4 vierailijat voivat tutustua Brittein saarten mytologiseen menneisyyteen. Etenkin mielenkiintoinen on kaulakoru, jolla v\u00e4itet\u00e4\u00e4n olevan outoja voimia.<\/p>\n<p>Kartano tienaa hyvin. James Venom haluaakin nyt j\u00e4rjest\u00e4\u00e4 suuret juhlat 65-vuotissyntym\u00e4p\u00e4iv\u00e4ns\u00e4 kunniaksi. Vieraslistankin h\u00e4n on suunnitellut huolella. Juhla-iltana kartanon ritarisaliin kokoontuu henkil\u00f6kunnan lis\u00e4ksi taikurimaailman kuuluisuuksia. James kutsuu juhliinsa niin liikekumppaneita kuin kilpailijoitakin. Mukana saattaa olla muutama vanha vihollinenkin. Sill\u00e4 mik\u00e4p\u00e4 olisikaan nolompaa kuuluisalle taikurille kuin tyls\u00e4t juhlat?<\/p>\n<p>Tylsyys ei kuitenkaan ole Jamesille vaaraksi. Vihollisten kutsuminen saattaa sen sijaan olla. Ainakin yksi vieraista saapuu juhliin tappava suunnitelma mieless\u00e4\u00e4n\u2026<\/p>\n<p>Juhlat alkavat. Jamesia odotellaan. H\u00e4n on luvannut pit\u00e4\u00e4 puheen ennen juhlien alkamista. Yht\u00e4kki\u00e4 kuuluu kova kolahdus kartanon niin sanotusta Py\u00f6re\u00e4st\u00e4 kammiosta. Siell\u00e4 on aiemmilla vuosisadoilla on kuollut ainakin kaksi edellist\u00e4 omistajaa\u2026 eik\u00e4 kahta ilman kolmatta?<\/p>\n<p>Peliin voi osallistua 9 &#8211; 20 pelaajaa. Pelin hinta on 40 euroa\/pelaaja. Peli kest\u00e4\u00e4 4 &#8211; 5 tuntia, riippuen pelaajista itsest\u00e4\u00e4n.<\/p>\n<p>&nbsp;<\/p>\n<p>Anna sis\u00e4isen salapoliisisi n\u00e4ytt\u00e4\u00e4 kyntens\u00e4! Tarinamestarien peleiss\u00e4 ei ole n\u00e4yttelij\u00f6it\u00e4, joiden esityst\u00e4 katsellaan, vaan pelaajat esitt\u00e4v\u00e4t roolit itse.\u00a0 Murhamysteeripeli\u00e4 pelataan p\u00f6yd\u00e4n \u00e4\u00e4ress\u00e4 istuen. Jokainen on pukeutunut roolinsa mukaisesti ja lukee omat vuorosanansa pelivihkosta. Tarkoitus on selvitt\u00e4\u00e4, kuka p\u00f6yd\u00e4ss\u00e4 istujista on murhaaja &#8211; tai murhaajia voi olla useampiakin. Pelaaminen on tehty mahdollisimman helpoksi &#8211; mit\u00e4\u00e4n ei tarvitse keksi\u00e4 itse ja rooliinsa saa heitt\u00e4yty\u00e4 juuri niin paljon kuin haluaa.<\/p>\n<p><a href=\"https:\/\/www.tarinamestarit.fi\/index.php\/131-2\/\"><img loading=\"lazy\" class=\"alignnone size-medium wp-image-819\" src=\"https:\/\/www.tarinamestarit.fi\/wp-content\/uploads\/2021\/06\/Hyva-tietaa-linkki-300x109.jpg\" alt=\"\" width=\"300\" height=\"109\" srcset=\"https:\/\/www.tarinamestarit.fi\/wp-content\/uploads\/2021\/06\/Hyva-tietaa-linkki-300x109.jpg 300w, https:\/\/www.tarinamestarit.fi\/wp-content\/uploads\/2021\/06\/Hyva-tietaa-linkki.jpg 518w\" sizes=\"(max-width: 300px) 100vw, 300px\" \/><\/a><\/p>\n<p>Muista my\u00f6s tutustua muihin murhamysteeripeleihimme!<\/p>\n<p><a href=\"https:\/\/www.tarinamestarit.fi\/index.php\/product\/wesslanderin-kartano\/\">Kuudennusmiehen kuolema<\/a><\/p>\n<p><a href=\"https:\/\/www.tarinamestarit.fi\/index.php\/product\/murha-hiekkarannalla-murhamysteeripeli\/\">Murha hiekkarannalla<\/a><\/p>\n<p><a href=\"https:\/\/www.tarinamestarit.fi\/index.php\/product\/murha-hotelli-luxorissa-murhamysteeripeli\/\">Murha Hotelli Luxorissa<\/a><\/p>\n<p><a href=\"https:\/\/www.tarinamestarit.fi\/index.php\/product\/murha-kirkkaalla-ajatuksella-murhamysteeripeli\/\">Murha kirkkaalla ajatuksella<\/a><\/p>\n<p><a href=\"https:\/\/www.tarinamestarit.fi\/index.php\/product\/murha-romantican-saarella-murhamysteeripeli\/\">Murha Romantican saarella<\/a><\/p>\n<p><a href=\"https:\/\/www.tarinamestarit.fi\/index.php\/product\/murha-taikurin\/\">Murha taikurin kartanossa<\/a><\/p>\n<p>ja minimurhis pienemm\u00e4lle porukalle:<\/p>\n<p><a href=\"https:\/\/www.tarinamestarit.fi\/index.php\/product\/murha-merirosvolaivalla-minimurhis\/\">Murha merirosvolaivalla<\/a><\/p>\n","protected":false},"excerpt":{"rendered":"<p>Kuuluisa taikuri James Venom toivottaa sinut tervetulleeksi Taikurinkartanoonsa! Kartanossa on tarjolla korkealuokkaisia taikuriesityksi\u00e4 ja tilaisuus juhlia y\u00f6kerho Seitsem\u00e4ss\u00e4 hunnussa. Vanhan kartanon tiloista on tehty taikurimaailman teemapuisto, jossa viihtyv\u00e4t kaikenik\u00e4iset. James Venom haluaakin nyt j\u00e4rjest\u00e4\u00e4 suuret juhlat kartanon menestyksen ja oman 65-vuotissyntym\u00e4p\u00e4iv\u00e4ns\u00e4 kunniaksi. Juhlap\u00e4iv\u00e4n iltana Jamesia odotellaan ritarisaliin. H\u00e4n on luvannut pit\u00e4\u00e4 puheen. Yht\u00e4kki\u00e4 kuuluu kova kolahdus kartanon niin sanotusta Py\u00f6re\u00e4st\u00e4 kammiosta. Siell\u00e4 on aiemmilla vuosisadoilla kuollut ainakin kaksi kartanon edellisist\u00e4 omistajista&#8230; eik\u00e4 kahta ilman kolmatta?<\/p>\n","protected":false},"featured_media":251,"comment_status":"open","ping_status":"closed","template":"","meta":[],"yoast_head":"<!-- This site is optimized with the Yoast SEO plugin v15.8 - https:\/\/yoast.com\/wordpress\/plugins\/seo\/ -->\n<title>Murha taikurin kartanossa - murhamysteeripeli - Tarinamestarit<\/title>\n<meta name=\"description\" content=\"Murha taikurin kartanossa vie sinut taikuri James Venomin kartanoon. Kaksi edellist\u00e4 is\u00e4nt\u00e4\u00e4 ovat kuolleet Py\u00f6re\u00e4ss\u00e4 salissa...\" \/>\n<meta name=\"robots\" content=\"index, follow, max-snippet:-1, max-image-preview:large, max-video-preview:-1\" \/>\n<link rel=\"canonical\" href=\"https:\/\/www.tarinamestarit.fi\/index.php\/product\/murha-taikurin\/\" \/>\n<meta property=\"og:locale\" content=\"fi_FI\" \/>\n<meta property=\"og:type\" content=\"article\" \/>\n<meta property=\"og:title\" content=\"Murha taikurin kartanossa - murhamysteeripeli - Tarinamestarit\" \/>\n<meta property=\"og:description\" content=\"Murha taikurin kartanossa vie sinut taikuri James Venomin kartanoon. Kaksi edellist\u00e4 is\u00e4nt\u00e4\u00e4 ovat kuolleet Py\u00f6re\u00e4ss\u00e4 salissa...\" \/>\n<meta property=\"og:url\" content=\"https:\/\/www.tarinamestarit.fi\/index.php\/product\/murha-taikurin\/\" \/>\n<meta property=\"og:site_name\" content=\"Tarinamestarit\" \/>\n<meta property=\"article:modified_time\" content=\"2021-07-08T05:30:11+00:00\" \/>\n<meta property=\"og:image\" content=\"https:\/\/www.tarinamestarit.fi\/wp-content\/uploads\/2021\/03\/Taikuri-scaled.jpeg\" \/>\n\t<meta property=\"og:image:width\" content=\"2560\" \/>\n\t<meta property=\"og:image:height\" content=\"1920\" \/>\n<meta name=\"twitter:card\" content=\"summary_large_image\" \/>\n<meta name=\"twitter:label1\" content=\"Est. reading time\">\n\t<meta name=\"twitter:data1\" content=\"2 minuuttia\">\n<script type=\"application\/ld+json\" class=\"yoast-schema-graph\">{\"@context\":\"https:\/\/schema.org\",\"@graph\":[{\"@type\":\"WebSite\",\"@id\":\"https:\/\/www.tarinamestarit.fi\/#website\",\"url\":\"https:\/\/www.tarinamestarit.fi\/\",\"name\":\"Tarinamestarit\",\"description\":\"verkkokauppa\",\"potentialAction\":[{\"@type\":\"SearchAction\",\"target\":\"https:\/\/www.tarinamestarit.fi\/?s={search_term_string}\",\"query-input\":\"required name=search_term_string\"}],\"inLanguage\":\"fi\"},{\"@type\":\"ImageObject\",\"@id\":\"https:\/\/www.tarinamestarit.fi\/index.php\/product\/murha-taikurin\/#primaryimage\",\"inLanguage\":\"fi\",\"url\":\"https:\/\/www.tarinamestarit.fi\/wp-content\/uploads\/2021\/03\/Taikuri-scaled.jpeg\",\"width\":2560,\"height\":1920,\"caption\":\"Murha taikurin kartanossa\"},{\"@type\":\"WebPage\",\"@id\":\"https:\/\/www.tarinamestarit.fi\/index.php\/product\/murha-taikurin\/#webpage\",\"url\":\"https:\/\/www.tarinamestarit.fi\/index.php\/product\/murha-taikurin\/\",\"name\":\"Murha taikurin kartanossa - murhamysteeripeli - Tarinamestarit\",\"isPartOf\":{\"@id\":\"https:\/\/www.tarinamestarit.fi\/#website\"},\"primaryImageOfPage\":{\"@id\":\"https:\/\/www.tarinamestarit.fi\/index.php\/product\/murha-taikurin\/#primaryimage\"},\"datePublished\":\"2021-02-24T19:06:11+00:00\",\"dateModified\":\"2021-07-08T05:30:11+00:00\",\"description\":\"Murha taikurin kartanossa vie sinut taikuri James Venomin kartanoon. Kaksi edellist\\u00e4 is\\u00e4nt\\u00e4\\u00e4 ovat kuolleet Py\\u00f6re\\u00e4ss\\u00e4 salissa...\",\"breadcrumb\":{\"@id\":\"https:\/\/www.tarinamestarit.fi\/index.php\/product\/murha-taikurin\/#breadcrumb\"},\"inLanguage\":\"fi\",\"potentialAction\":[{\"@type\":\"ReadAction\",\"target\":[\"https:\/\/www.tarinamestarit.fi\/index.php\/product\/murha-taikurin\/\"]}]},{\"@type\":\"BreadcrumbList\",\"@id\":\"https:\/\/www.tarinamestarit.fi\/index.php\/product\/murha-taikurin\/#breadcrumb\",\"itemListElement\":[{\"@type\":\"ListItem\",\"position\":1,\"item\":{\"@type\":\"WebPage\",\"@id\":\"https:\/\/www.tarinamestarit.fi\/\",\"url\":\"https:\/\/www.tarinamestarit.fi\/\",\"name\":\"Home\"}},{\"@type\":\"ListItem\",\"position\":2,\"item\":{\"@type\":\"WebPage\",\"@id\":\"https:\/\/www.tarinamestarit.fi\/index.php\/kauppa\/\",\"url\":\"https:\/\/www.tarinamestarit.fi\/index.php\/kauppa\/\",\"name\":\"Kauppa\"}},{\"@type\":\"ListItem\",\"position\":3,\"item\":{\"@type\":\"WebPage\",\"@id\":\"https:\/\/www.tarinamestarit.fi\/index.php\/product\/murha-taikurin\/\",\"url\":\"https:\/\/www.tarinamestarit.fi\/index.php\/product\/murha-taikurin\/\",\"name\":\"Murha taikurin kartanossa &#8211; murhamysteeripeli\"}}]}]}<\/script>\n<!-- \/ Yoast SEO plugin. -->","_links":{"self":[{"href":"https:\/\/www.tarinamestarit.fi\/index.php\/wp-json\/wp\/v2\/product\/79"}],"collection":[{"href":"https:\/\/www.tarinamestarit.fi\/index.php\/wp-json\/wp\/v2\/product"}],"about":[{"href":"https:\/\/www.tarinamestarit.fi\/index.php\/wp-json\/wp\/v2\/types\/product"}],"replies":[{"embeddable":true,"href":"https:\/\/www.tarinamestarit.fi\/index.php\/wp-json\/wp\/v2\/comments?post=79"}],"wp:featuredmedia":[{"embeddable":true,"href":"https:\/\/www.tarinamestarit.fi\/index.php\/wp-json\/wp\/v2\/media\/251"}],"wp:attachment":[{"href":"https:\/\/www.tarinamestarit.fi\/index.php\/wp-json\/wp\/v2\/media?parent=79"}],"curies":[{"name":"wp","href":"https:\/\/api.w.org\/{rel}","templated":true}]}}