{"id":77,"date":"2021-02-24T19:01:15","date_gmt":"2021-02-24T19:01:15","guid":{"rendered":"http:\/\/www.tarinamestarit.fi\/?post_type=product&#038;p=77"},"modified":"2021-07-08T05:29:00","modified_gmt":"2021-07-08T05:29:00","slug":"murha-kirkkaalla-ajatuksella-murhamysteeripeli","status":"publish","type":"product","link":"https:\/\/www.tarinamestarit.fi\/index.php\/product\/murha-kirkkaalla-ajatuksella-murhamysteeripeli\/","title":{"rendered":"Murha kirkkaalla ajatuksella &#8211; murhamysteeripeli"},"content":{"rendered":"<h2>Murha kirkkaalla ajatuksella &#8211; murhamysteeripeli<\/h2>\n<p>Murha on tapahtunut, mutta kuka murhasi ja kenet? Tule selvitt\u00e4m\u00e4\u00e4n asia\u00a0<em>L\u00f6yd\u00e4 oma tiesi<\/em> -juhlaan. T\u00e4st\u00e4 murhamysteeripeliss\u00e4 tosiaan riitt\u00e4\u00e4 pohtimista juhlavieraille.<\/p>\n<p>Kultaisen Chakran terapiakylpyl\u00e4 valmistautuu vuosittaiseen <em>L\u00f6yd\u00e4 oma tiesi <\/em>-juhlaan. T\u00e4ll\u00e4 kertaa Kultaisen Chakran kylpyl\u00e4vieraat aloittavat juhlan mietiskelyretriitill\u00e4 vuoristoon. T\u00e4m\u00e4n j\u00e4lkeen heid\u00e4n on tarkoitus palata kylpyl\u00e4\u00e4n herkulliselle juhla-aterialle Terveysravintola Kultaiseen versoon. Maukkaan aterian j\u00e4lkeen vieraat on kutsuttu viett\u00e4m\u00e4\u00e4n iltaa positiivisuusterapeutin johdolla Pulpahtelevan positiivisuuden terapia-altailla.<\/p>\n<p>Muiden vieraiden l\u00e4hdetty\u00e4 vuoristoon kylpyl\u00e4vieras Messalina Matarosa l\u00f6ydet\u00e4\u00e4n murhattuna Kirkkaan ajatuksen Mietiskelysalista. Suunnilleen samaan aikaan huoltomies l\u00f6yt\u00e4\u00e4 Messalinan Matarosan henkivartijan, Rinaldo Garibaldin, puoliksi sy\u00f6tyn\u00e4 keskuksen leijonah\u00e4kist\u00e4\u2026 ja sitten hetke\u00e4 my\u00f6hemmin henkivartijan sy\u00f6nyt Brutus-leijonakin kuolee.<\/p>\n<p>Kuka murhaisi leijonan? Tai Messalinan tai Rinaldon? Asiaa mutkistanee sekin, ett\u00e4 kukaan ei oikeastaan pit\u00e4nyt Brutuksesta. Sek\u00e4 rouva Messalina Matarosalla ett\u00e4 Rinaldo Garibaldilla v\u00e4itet\u00e4\u00e4n olevan vahvat yhteydet Chicagon mafiaan\u2026 Lis\u00e4ksi FBI:n huhutaan sijoittaneen jo pitk\u00e4\u00e4n todistajainsuojeluohjelmassa olevia Kultaiseen Chakraan turvaan. Ep\u00e4illyist\u00e4 ei siis ole pulaa.<\/p>\n<p>Murha kirkkaalla ajatuksella-murhamysteeripeli vie sinut Coloradoon, Yhdysvaltoihin.<\/p>\n<p>T\u00e4h\u00e4n murhamysteeripeliin voi osallistua 9\u201320 pelaajaa. Pelin hinta on 40 euroa\/pelaaja. Pelin kesto on 4 &#8211; 5 tuntia, riippuen pelaajista itsest\u00e4\u00e4n.<\/p>\n<p>&nbsp;<\/p>\n<p>Anna sis\u00e4isen salapoliisisi n\u00e4ytt\u00e4\u00e4 kyntens\u00e4! Tarinamestarien peleiss\u00e4 ei ole n\u00e4yttelij\u00f6it\u00e4, joiden esityst\u00e4 katsellaan, vaan pelaajat esitt\u00e4v\u00e4t roolit itse.\u00a0 Murhamysteeripeli\u00e4 pelataan p\u00f6yd\u00e4n \u00e4\u00e4ress\u00e4 istuen. Jokainen on pukeutunut roolinsa mukaisesti ja lukee omat vuorosanansa pelivihkosta. Tarkoitus on selvitt\u00e4\u00e4, kuka p\u00f6yd\u00e4ss\u00e4 istujista on murhaaja &#8211; tai murhaajia voi olla useampiakin. Pelaaminen on tehty mahdollisimman helpoksi &#8211; mit\u00e4\u00e4n ei tarvitse keksi\u00e4 itse ja rooliinsa saa heitt\u00e4yty\u00e4 juuri niin paljon kuin haluaa.<\/p>\n<p><a href=\"https:\/\/www.tarinamestarit.fi\/index.php\/131-2\/\"><img loading=\"lazy\" class=\"alignnone size-medium wp-image-819\" src=\"https:\/\/www.tarinamestarit.fi\/wp-content\/uploads\/2021\/06\/Hyva-tietaa-linkki-300x109.jpg\" alt=\"\" width=\"300\" height=\"109\" srcset=\"https:\/\/www.tarinamestarit.fi\/wp-content\/uploads\/2021\/06\/Hyva-tietaa-linkki-300x109.jpg 300w, https:\/\/www.tarinamestarit.fi\/wp-content\/uploads\/2021\/06\/Hyva-tietaa-linkki.jpg 518w\" sizes=\"(max-width: 300px) 100vw, 300px\" \/><\/a><\/p>\n<p>Muista my\u00f6s tutustua muihin murhamysteeripeleihimme!<\/p>\n<p><a href=\"https:\/\/www.tarinamestarit.fi\/index.php\/product\/wesslanderin-kartano\/\">Kuudennusmiehen kuolema<\/a><\/p>\n<p><a href=\"https:\/\/www.tarinamestarit.fi\/index.php\/product\/murha-hiekkarannalla-murhamysteeripeli\/\">Murha hiekkarannalla<\/a><\/p>\n<p><a href=\"https:\/\/www.tarinamestarit.fi\/index.php\/product\/murha-hotelli-luxorissa-murhamysteeripeli\/\">Murha Hotelli Luxorissa<\/a><\/p>\n<p><a href=\"https:\/\/www.tarinamestarit.fi\/index.php\/product\/murha-kirkkaalla-ajatuksella-murhamysteeripeli\/\">Murha kirkkaalla ajatuksella<\/a><\/p>\n<p><a href=\"https:\/\/www.tarinamestarit.fi\/index.php\/product\/murha-romantican-saarella-murhamysteeripeli\/\">Murha Romantican saarella<\/a><\/p>\n<p><a href=\"https:\/\/www.tarinamestarit.fi\/index.php\/product\/murha-taikurin\/\">Murha taikurin kartanossa<\/a><\/p>\n<p>ja minimurhis pienemm\u00e4lle porukalle:<\/p>\n<p><a href=\"https:\/\/www.tarinamestarit.fi\/index.php\/product\/murha-merirosvolaivalla-minimurhis\/\">Murha merirosvolaivalla<\/a><\/p>\n","protected":false},"excerpt":{"rendered":"<p>Kultaisen Chakran terapiakylpyl\u00e4 valmistautuu perinteiseen L\u00f6yd\u00e4 oma tiesi -juhlaan. Aamulla kylpyl\u00e4vieraat suuntaavat vuoristoon mietiskelyretriittiin, mutta kylpyl\u00e4\u00e4n j\u00e4\u00e4 terapeuttien lis\u00e4ksi viel\u00e4 muutama vieras. Yleens\u00e4 kylpyl\u00e4n johtaja Aurora Tasakumpu pit\u00e4\u00e4 huolen siit\u00e4, ett\u00e4 kaikki kylpyl\u00e4n energiakent\u00e4t pysyv\u00e4t mukavasti suorassa ja miellytt\u00e4v\u00e4n positiivisina, mutta h\u00e4nk\u00e4\u00e4n ei voi mit\u00e4\u00e4n sille, ett\u00e4 seuraavaksi kylpyl\u00e4\u00e4n pit\u00e4\u00e4 kutsua poliisi: Kylpyl\u00e4vieras Messalina Murena l\u00f6ydet\u00e4\u00e4n murhattuna Kirkastuvan ajatuksen mietiskelysalista. Sitten viel\u00e4 Messalinan henkivartija Rinaldo Garibaldikin l\u00f6ydet\u00e4\u00e4n murhattuna ja puoliksi sy\u00f6tyn\u00e4 sfinksienergiakeskuksen leijonah\u00e4kist\u00e4&#8230; ja leijonakin kuolee.<\/p>\n<p>Kuka murhasi leijonan? Ent\u00e4 Messalinan tai Rinaldon?\u00a0 Huhu kulkee, ett\u00e4 Messalinalla ja Rinaldolla on mafiayhteyksi\u00e4 &#8211; ja ett\u00e4 Kultainen Chakra on FBI:n todistajain suojelun k\u00e4ytt\u00e4m\u00e4 sijoituspaikka niille, jotka ovat mafiaa paossa&#8230;<\/p>\n","protected":false},"featured_media":593,"comment_status":"open","ping_status":"closed","template":"","meta":[],"yoast_head":"<!-- This site is optimized with the Yoast SEO plugin v15.8 - https:\/\/yoast.com\/wordpress\/plugins\/seo\/ -->\n<title>Murha kirkkaalla ajatuksella - murhamysteeripeli - Tarinamestarit<\/title>\n<meta name=\"description\" content=\"Murha kirkkaalla ajatuksella. Kultaisen Chakran terapiakylpyl\u00e4 valmistautuu vuosittaiseen juhlaan. Tule selvitt\u00e4m\u00e4\u00e4n kuka murhasi ja kenet.\" \/>\n<meta name=\"robots\" content=\"index, follow, max-snippet:-1, max-image-preview:large, max-video-preview:-1\" \/>\n<link rel=\"canonical\" href=\"https:\/\/www.tarinamestarit.fi\/index.php\/product\/murha-kirkkaalla-ajatuksella-murhamysteeripeli\/\" \/>\n<meta property=\"og:locale\" content=\"fi_FI\" \/>\n<meta property=\"og:type\" content=\"article\" \/>\n<meta property=\"og:title\" content=\"Murha kirkkaalla ajatuksella - murhamysteeripeli - Tarinamestarit\" \/>\n<meta property=\"og:description\" content=\"Murha kirkkaalla ajatuksella. Kultaisen Chakran terapiakylpyl\u00e4 valmistautuu vuosittaiseen juhlaan. Tule selvitt\u00e4m\u00e4\u00e4n kuka murhasi ja kenet.\" \/>\n<meta property=\"og:url\" content=\"https:\/\/www.tarinamestarit.fi\/index.php\/product\/murha-kirkkaalla-ajatuksella-murhamysteeripeli\/\" \/>\n<meta property=\"og:site_name\" content=\"Tarinamestarit\" \/>\n<meta property=\"article:modified_time\" content=\"2021-07-08T05:29:00+00:00\" \/>\n<meta property=\"og:image\" content=\"https:\/\/www.tarinamestarit.fi\/wp-content\/uploads\/2021\/02\/IMG_8711-scaled-e1625642409102.jpg\" \/>\n\t<meta property=\"og:image:width\" content=\"1600\" \/>\n\t<meta property=\"og:image:height\" content=\"1200\" \/>\n<meta name=\"twitter:card\" content=\"summary_large_image\" \/>\n<meta name=\"twitter:label1\" content=\"Est. reading time\">\n\t<meta name=\"twitter:data1\" content=\"2 minuuttia\">\n<script type=\"application\/ld+json\" class=\"yoast-schema-graph\">{\"@context\":\"https:\/\/schema.org\",\"@graph\":[{\"@type\":\"WebSite\",\"@id\":\"https:\/\/www.tarinamestarit.fi\/#website\",\"url\":\"https:\/\/www.tarinamestarit.fi\/\",\"name\":\"Tarinamestarit\",\"description\":\"verkkokauppa\",\"potentialAction\":[{\"@type\":\"SearchAction\",\"target\":\"https:\/\/www.tarinamestarit.fi\/?s={search_term_string}\",\"query-input\":\"required name=search_term_string\"}],\"inLanguage\":\"fi\"},{\"@type\":\"ImageObject\",\"@id\":\"https:\/\/www.tarinamestarit.fi\/index.php\/product\/murha-kirkkaalla-ajatuksella-murhamysteeripeli\/#primaryimage\",\"inLanguage\":\"fi\",\"url\":\"https:\/\/www.tarinamestarit.fi\/wp-content\/uploads\/2021\/02\/IMG_8711-scaled-e1625642409102.jpg\",\"width\":1600,\"height\":1200},{\"@type\":\"WebPage\",\"@id\":\"https:\/\/www.tarinamestarit.fi\/index.php\/product\/murha-kirkkaalla-ajatuksella-murhamysteeripeli\/#webpage\",\"url\":\"https:\/\/www.tarinamestarit.fi\/index.php\/product\/murha-kirkkaalla-ajatuksella-murhamysteeripeli\/\",\"name\":\"Murha kirkkaalla ajatuksella - murhamysteeripeli - Tarinamestarit\",\"isPartOf\":{\"@id\":\"https:\/\/www.tarinamestarit.fi\/#website\"},\"primaryImageOfPage\":{\"@id\":\"https:\/\/www.tarinamestarit.fi\/index.php\/product\/murha-kirkkaalla-ajatuksella-murhamysteeripeli\/#primaryimage\"},\"datePublished\":\"2021-02-24T19:01:15+00:00\",\"dateModified\":\"2021-07-08T05:29:00+00:00\",\"description\":\"Murha kirkkaalla ajatuksella. Kultaisen Chakran terapiakylpyl\\u00e4 valmistautuu vuosittaiseen juhlaan. Tule selvitt\\u00e4m\\u00e4\\u00e4n kuka murhasi ja kenet.\",\"breadcrumb\":{\"@id\":\"https:\/\/www.tarinamestarit.fi\/index.php\/product\/murha-kirkkaalla-ajatuksella-murhamysteeripeli\/#breadcrumb\"},\"inLanguage\":\"fi\",\"potentialAction\":[{\"@type\":\"ReadAction\",\"target\":[\"https:\/\/www.tarinamestarit.fi\/index.php\/product\/murha-kirkkaalla-ajatuksella-murhamysteeripeli\/\"]}]},{\"@type\":\"BreadcrumbList\",\"@id\":\"https:\/\/www.tarinamestarit.fi\/index.php\/product\/murha-kirkkaalla-ajatuksella-murhamysteeripeli\/#breadcrumb\",\"itemListElement\":[{\"@type\":\"ListItem\",\"position\":1,\"item\":{\"@type\":\"WebPage\",\"@id\":\"https:\/\/www.tarinamestarit.fi\/\",\"url\":\"https:\/\/www.tarinamestarit.fi\/\",\"name\":\"Home\"}},{\"@type\":\"ListItem\",\"position\":2,\"item\":{\"@type\":\"WebPage\",\"@id\":\"https:\/\/www.tarinamestarit.fi\/index.php\/kauppa\/\",\"url\":\"https:\/\/www.tarinamestarit.fi\/index.php\/kauppa\/\",\"name\":\"Kauppa\"}},{\"@type\":\"ListItem\",\"position\":3,\"item\":{\"@type\":\"WebPage\",\"@id\":\"https:\/\/www.tarinamestarit.fi\/index.php\/product\/murha-kirkkaalla-ajatuksella-murhamysteeripeli\/\",\"url\":\"https:\/\/www.tarinamestarit.fi\/index.php\/product\/murha-kirkkaalla-ajatuksella-murhamysteeripeli\/\",\"name\":\"Murha kirkkaalla ajatuksella &#8211; murhamysteeripeli\"}}]}]}<\/script>\n<!-- \/ Yoast SEO plugin. -->","_links":{"self":[{"href":"https:\/\/www.tarinamestarit.fi\/index.php\/wp-json\/wp\/v2\/product\/77"}],"collection":[{"href":"https:\/\/www.tarinamestarit.fi\/index.php\/wp-json\/wp\/v2\/product"}],"about":[{"href":"https:\/\/www.tarinamestarit.fi\/index.php\/wp-json\/wp\/v2\/types\/product"}],"replies":[{"embeddable":true,"href":"https:\/\/www.tarinamestarit.fi\/index.php\/wp-json\/wp\/v2\/comments?post=77"}],"wp:featuredmedia":[{"embeddable":true,"href":"https:\/\/www.tarinamestarit.fi\/index.php\/wp-json\/wp\/v2\/media\/593"}],"wp:attachment":[{"href":"https:\/\/www.tarinamestarit.fi\/index.php\/wp-json\/wp\/v2\/media?parent=77"}],"curies":[{"name":"wp","href":"https:\/\/api.w.org\/{rel}","templated":true}]}}