{"id":76,"date":"2021-02-24T18:58:18","date_gmt":"2021-02-24T18:58:18","guid":{"rendered":"http:\/\/www.tarinamestarit.fi\/?post_type=product&#038;p=76"},"modified":"2024-06-08T22:51:54","modified_gmt":"2024-06-08T22:51:54","slug":"murha-hotelli-luxorissa-murhamysteeripeli","status":"publish","type":"product","link":"https:\/\/www.tarinamestarit.fi\/index.php\/product\/murha-hotelli-luxorissa-murhamysteeripeli\/","title":{"rendered":"Murha Hotelli Luxorissa &#8211; murhamysteeripeli"},"content":{"rendered":"<h2>Murha Hotelli Luxorissa &#8211; murhamysteeripeli<\/h2>\n<p>Murha hotelli Luxorissa vie sinut Egyptin mystiseen maailmaan ja vuoteen 1920.<\/p>\n<p>Lordi Herbert Karmavuori kutsuu sinut Hotelli Luxoriin. H\u00e4n haluaa juhlistaa vuosisadan suurinta arkeologista l\u00f6yt\u00f6\u00e4. H\u00e4n on juuri l\u00f6yt\u00e4nyt Kuninkaiden laaksosta kuningatar Hame-Khutin kadonneen haudan. T\u00e4t\u00e4 hautaa h\u00e4n on etsinyt kuukausien ajan ja viimein l\u00f6ysi etsim\u00e4ns\u00e4. Vaan onko l\u00f6yt\u00f6 h\u00e4nelle onneksi vai turmaksi?<\/p>\n<p>Koko Kairon kerma kokoontuu juhlimaan t\u00e4t\u00e4 suurta l\u00f6yt\u00f6\u00e4 ja haudan l\u00f6yt\u00e4j\u00e4\u00e4. Sir Herbertist\u00e4 on tullut vain yhdess\u00e4 p\u00e4iv\u00e4ss\u00e4 kuuluisa ja rikas mies.<\/p>\n<p>Sir Herbert on kutsunut juhliinsa kaikki, jotka on Egyptiss\u00e4 ollessaan tavannut. Mukana on kamelinajajia ja kauppiaita, aatelisia ja virkamiehi\u00e4, baariem\u00e4nti\u00e4 ja filmit\u00e4hti\u00e4. Kaikki ovat hyvin innoissaan Hame-Khutin haudasta ja sen aarteista. Tai n\u00e4in ainakin Sir Herbert olettaa.<\/p>\n<p>Aivan yksinkertainen asia hautal\u00f6yt\u00f6 ei kuitenkaan ole. Brittil\u00e4isten mielest\u00e4 aarteet kuuluvat heille. Egyptil\u00e4isten mielest\u00e4 aarteet kuuluvat Egyptille. Salakuljettajien mielest\u00e4 aarre kuuluu korkeimman tarjouksen tekij\u00e4lle. Ja on niit\u00e4kin, jotka eiv\u00e4t iloitse haudan l\u00f6ytymisest\u00e4 yht\u00e4\u00e4n. Osa saattaa olla valmis vaikka tappamaan kuningattaren hautaa suojellakseen. Ja osa taas saattaa olla sit\u00e4 mielt\u00e4, ett\u00e4 kunnia haudan l\u00f6yt\u00e4misest\u00e4 meni v\u00e4\u00e4r\u00e4lle miehelle.<\/p>\n<p>Joka tapauksessa vain harva yll\u00e4ttyy, kun juhlap\u00e4iv\u00e4n aamuna Sir Herbert tukehtuu aamuteens\u00e4 \u00e4\u00e4reen. Kyseess\u00e4 on selv\u00e4sti murha. Tai ehk\u00e4 sittenkin haudan kirous. Kuningatar Hame-Khutin haudassa oli kirjoitus: ken hautarauhaa rikkoo, tukehtuu\u2026<\/p>\n<p>V\u00e4hitellen Hamekhutin haudassa k\u00e4yneiden rivit alkavat harveta. Onko asialla todella kiero murhaaja \u2013 vai onko kuningatar Hamekhutin haudan kirous sittenkin totta?<\/p>\n<p>Peliin voi osallistua 9\u201320 pelaajaa. Pelin hinta on 40 euroa\/pelaaja. Pelin pituus on 4 &#8211; 5 tuntia, riippuen pelaajista itsest\u00e4\u00e4n.<\/p>\n<p>&nbsp;<\/p>\n<p>Anna sis\u00e4isen salapoliisisi n\u00e4ytt\u00e4\u00e4 kyntens\u00e4! Tarinamestarien peleiss\u00e4 ei ole n\u00e4yttelij\u00f6it\u00e4, joiden esityst\u00e4 katsellaan, vaan pelaajat esitt\u00e4v\u00e4t roolit itse.\u00a0 Murhamysteeripeli\u00e4 pelataan p\u00f6yd\u00e4n \u00e4\u00e4ress\u00e4 istuen. Jokainen on pukeutunut roolinsa mukaisesti ja lukee omat vuorosanansa pelivihkosta. Tarkoitus on selvitt\u00e4\u00e4, kuka p\u00f6yd\u00e4ss\u00e4 istujista on murhaaja &#8211; tai murhaajia voi olla useampiakin. Pelaaminen on tehty mahdollisimman helpoksi &#8211; mit\u00e4\u00e4n ei tarvitse keksi\u00e4 itse ja rooliinsa saa heitt\u00e4yty\u00e4 juuri niin paljon kuin haluaa.<\/p>\n<p><a href=\"https:\/\/www.tarinamestarit.fi\/index.php\/131-2\/\"><img loading=\"lazy\" class=\"alignnone size-medium wp-image-819\" src=\"https:\/\/www.tarinamestarit.fi\/wp-content\/uploads\/2021\/06\/Hyva-tietaa-linkki-300x109.jpg\" alt=\"\" width=\"300\" height=\"109\" srcset=\"https:\/\/www.tarinamestarit.fi\/wp-content\/uploads\/2021\/06\/Hyva-tietaa-linkki-300x109.jpg 300w, https:\/\/www.tarinamestarit.fi\/wp-content\/uploads\/2021\/06\/Hyva-tietaa-linkki.jpg 518w\" sizes=\"(max-width: 300px) 100vw, 300px\" \/><\/a><\/p>\n<p>Muista my\u00f6s tutustua muihin murhamysteeripeleihimme!<\/p>\n<p><a href=\"https:\/\/www.tarinamestarit.fi\/index.php\/product\/wesslanderin-kartano\/\">Kuudennusmiehen kuolema<\/a><\/p>\n<p><a href=\"https:\/\/www.tarinamestarit.fi\/index.php\/product\/murha-hiekkarannalla-murhamysteeripeli\/\">Murha hiekkarannalla<\/a><\/p>\n<p><a href=\"https:\/\/www.tarinamestarit.fi\/index.php\/product\/murha-hotelli-luxorissa-murhamysteeripeli\/\">Murha Hotelli Luxorissa<\/a><\/p>\n<p><a href=\"https:\/\/www.tarinamestarit.fi\/index.php\/product\/murha-kirkkaalla-ajatuksella-murhamysteeripeli\/\">Murha kirkkaalla ajatuksella<\/a><\/p>\n<p><a href=\"https:\/\/www.tarinamestarit.fi\/index.php\/product\/murha-romantican-saarella-murhamysteeripeli\/\">Murha Romantican saarella<\/a><\/p>\n<p><a href=\"https:\/\/www.tarinamestarit.fi\/index.php\/product\/murha-taikurin\/\">Murha taikurin kartanossa<\/a><\/p>\n<p>ja minimurhis pienemm\u00e4lle porukalle:<\/p>\n<p><a href=\"https:\/\/www.tarinamestarit.fi\/index.php\/product\/murha-merirosvolaivalla-minimurhis\/\">Murha merirosvolaivalla<\/a><\/p>\n","protected":false},"excerpt":{"rendered":"<p>Sir Herbert Karmavuori kutsuu sinut juhlimaan kanssaan suurta arkeologista l\u00f6yt\u00f6\u00e4: h\u00e4n on juuri l\u00f6yt\u00e4nyt Kuninkaiden laaksosta kuningatar Hame-Khutin kadonneen haudan.\u00a0Koko Kairon kerma kokoontuu juhlimaan t\u00e4t\u00e4 suurta l\u00f6yt\u00f6\u00e4 ja haudan l\u00f6yt\u00e4j\u00e4\u00e4. Kaikki ovat hyvin innoissaan Hame-Khutin haudasta ja sen aarteista&#8230;. tai n\u00e4in ainakin Sir Herbert olettaa. Brittil\u00e4isten mielest\u00e4 aarteet kuuluvat heille. Egyptil\u00e4isten mielest\u00e4 aarteet kuuluvat Egyptille. Osa on sit\u00e4 mielt\u00e4, ett\u00e4 vanhat haudat tulee j\u00e4tt\u00e4\u00e4 rauhaan. Ja osa taas saattaa olla sit\u00e4 mielt\u00e4, ett\u00e4 kunnia haudan l\u00f6yt\u00e4misest\u00e4 meni ihan v\u00e4\u00e4r\u00e4lle miehelle.<\/p>\n<p>Joka tapauksessa vain harva yll\u00e4ttyy, kun juhlap\u00e4iv\u00e4n aamuna Sir Herbert tukehtuu aamuteens\u00e4 \u00e4\u00e4reen. Kyseess\u00e4 on selv\u00e4sti murha. Tai ehk\u00e4 sittenkin kuningatar Hame-Khutin haudan kirous: ken hautarauhaa rikkoo, tukehtuu\u2026<\/p>\n<p>Kun haudassa k\u00e4yneiden rivit alkavat harveta, vieraat alkavat mietti\u00e4, onko asialla todella kiero murhaaja \u2013 vai onko kuningatar Hamekhutin haudan kirous sittenkin totta?<\/p>\n","protected":false},"featured_media":713,"comment_status":"open","ping_status":"closed","template":"","meta":[],"yoast_head":"<!-- This site is optimized with the Yoast SEO plugin v15.8 - https:\/\/yoast.com\/wordpress\/plugins\/seo\/ -->\n<title>Murha hotelli Egyptin Luxorissa - Murhamysteeripeli - Tarinamestarit<\/title>\n<meta name=\"description\" content=\"Murha hotelli Luxorissa vie sinut Egyptin Luxoriin. Tule selvitt\u00e4m\u00e4\u00e4n onko Hamekhutin haudan kirous totta vai onko kyseess\u00e4 murha?\" \/>\n<meta name=\"robots\" content=\"index, follow, max-snippet:-1, max-image-preview:large, max-video-preview:-1\" \/>\n<link rel=\"canonical\" href=\"https:\/\/www.tarinamestarit.fi\/index.php\/product\/murha-hotelli-luxorissa-murhamysteeripeli\/\" \/>\n<meta property=\"og:locale\" content=\"fi_FI\" \/>\n<meta property=\"og:type\" content=\"article\" \/>\n<meta property=\"og:title\" content=\"Murha hotelli Egyptin Luxorissa - Murhamysteeripeli - Tarinamestarit\" \/>\n<meta property=\"og:description\" content=\"Murha hotelli Luxorissa vie sinut Egyptin Luxoriin. Tule selvitt\u00e4m\u00e4\u00e4n onko Hamekhutin haudan kirous totta vai onko kyseess\u00e4 murha?\" \/>\n<meta property=\"og:url\" content=\"https:\/\/www.tarinamestarit.fi\/index.php\/product\/murha-hotelli-luxorissa-murhamysteeripeli\/\" \/>\n<meta property=\"og:site_name\" content=\"Tarinamestarit\" \/>\n<meta property=\"article:modified_time\" content=\"2024-06-08T22:51:54+00:00\" \/>\n<meta property=\"og:image\" content=\"https:\/\/www.tarinamestarit.fi\/wp-content\/uploads\/2021\/06\/anubis-heidille-e1625638491971.png\" \/>\n\t<meta property=\"og:image:width\" content=\"1600\" \/>\n\t<meta property=\"og:image:height\" content=\"1200\" \/>\n<meta name=\"twitter:card\" content=\"summary_large_image\" \/>\n<meta name=\"twitter:label1\" content=\"Est. reading time\">\n\t<meta name=\"twitter:data1\" content=\"2 minuuttia\">\n<script type=\"application\/ld+json\" class=\"yoast-schema-graph\">{\"@context\":\"https:\/\/schema.org\",\"@graph\":[{\"@type\":\"WebSite\",\"@id\":\"https:\/\/www.tarinamestarit.fi\/#website\",\"url\":\"https:\/\/www.tarinamestarit.fi\/\",\"name\":\"Tarinamestarit\",\"description\":\"verkkokauppa\",\"potentialAction\":[{\"@type\":\"SearchAction\",\"target\":\"https:\/\/www.tarinamestarit.fi\/?s={search_term_string}\",\"query-input\":\"required name=search_term_string\"}],\"inLanguage\":\"fi\"},{\"@type\":\"ImageObject\",\"@id\":\"https:\/\/www.tarinamestarit.fi\/index.php\/product\/murha-hotelli-luxorissa-murhamysteeripeli\/#primaryimage\",\"inLanguage\":\"fi\",\"url\":\"https:\/\/www.tarinamestarit.fi\/wp-content\/uploads\/2021\/06\/anubis-heidille-e1625638491971.png\",\"width\":1600,\"height\":1200},{\"@type\":\"WebPage\",\"@id\":\"https:\/\/www.tarinamestarit.fi\/index.php\/product\/murha-hotelli-luxorissa-murhamysteeripeli\/#webpage\",\"url\":\"https:\/\/www.tarinamestarit.fi\/index.php\/product\/murha-hotelli-luxorissa-murhamysteeripeli\/\",\"name\":\"Murha hotelli Egyptin Luxorissa - Murhamysteeripeli - Tarinamestarit\",\"isPartOf\":{\"@id\":\"https:\/\/www.tarinamestarit.fi\/#website\"},\"primaryImageOfPage\":{\"@id\":\"https:\/\/www.tarinamestarit.fi\/index.php\/product\/murha-hotelli-luxorissa-murhamysteeripeli\/#primaryimage\"},\"datePublished\":\"2021-02-24T18:58:18+00:00\",\"dateModified\":\"2024-06-08T22:51:54+00:00\",\"description\":\"Murha hotelli Luxorissa vie sinut Egyptin Luxoriin. Tule selvitt\\u00e4m\\u00e4\\u00e4n onko Hamekhutin haudan kirous totta vai onko kyseess\\u00e4 murha?\",\"breadcrumb\":{\"@id\":\"https:\/\/www.tarinamestarit.fi\/index.php\/product\/murha-hotelli-luxorissa-murhamysteeripeli\/#breadcrumb\"},\"inLanguage\":\"fi\",\"potentialAction\":[{\"@type\":\"ReadAction\",\"target\":[\"https:\/\/www.tarinamestarit.fi\/index.php\/product\/murha-hotelli-luxorissa-murhamysteeripeli\/\"]}]},{\"@type\":\"BreadcrumbList\",\"@id\":\"https:\/\/www.tarinamestarit.fi\/index.php\/product\/murha-hotelli-luxorissa-murhamysteeripeli\/#breadcrumb\",\"itemListElement\":[{\"@type\":\"ListItem\",\"position\":1,\"item\":{\"@type\":\"WebPage\",\"@id\":\"https:\/\/www.tarinamestarit.fi\/\",\"url\":\"https:\/\/www.tarinamestarit.fi\/\",\"name\":\"Home\"}},{\"@type\":\"ListItem\",\"position\":2,\"item\":{\"@type\":\"WebPage\",\"@id\":\"https:\/\/www.tarinamestarit.fi\/index.php\/kauppa\/\",\"url\":\"https:\/\/www.tarinamestarit.fi\/index.php\/kauppa\/\",\"name\":\"Kauppa\"}},{\"@type\":\"ListItem\",\"position\":3,\"item\":{\"@type\":\"WebPage\",\"@id\":\"https:\/\/www.tarinamestarit.fi\/index.php\/product\/murha-hotelli-luxorissa-murhamysteeripeli\/\",\"url\":\"https:\/\/www.tarinamestarit.fi\/index.php\/product\/murha-hotelli-luxorissa-murhamysteeripeli\/\",\"name\":\"Murha Hotelli Luxorissa &#8211; murhamysteeripeli\"}}]}]}<\/script>\n<!-- \/ Yoast SEO plugin. -->","_links":{"self":[{"href":"https:\/\/www.tarinamestarit.fi\/index.php\/wp-json\/wp\/v2\/product\/76"}],"collection":[{"href":"https:\/\/www.tarinamestarit.fi\/index.php\/wp-json\/wp\/v2\/product"}],"about":[{"href":"https:\/\/www.tarinamestarit.fi\/index.php\/wp-json\/wp\/v2\/types\/product"}],"replies":[{"embeddable":true,"href":"https:\/\/www.tarinamestarit.fi\/index.php\/wp-json\/wp\/v2\/comments?post=76"}],"wp:featuredmedia":[{"embeddable":true,"href":"https:\/\/www.tarinamestarit.fi\/index.php\/wp-json\/wp\/v2\/media\/713"}],"wp:attachment":[{"href":"https:\/\/www.tarinamestarit.fi\/index.php\/wp-json\/wp\/v2\/media?parent=76"}],"curies":[{"name":"wp","href":"https:\/\/api.w.org\/{rel}","templated":true}]}}