{"id":75,"date":"2021-02-24T18:54:39","date_gmt":"2021-02-24T18:54:39","guid":{"rendered":"http:\/\/www.tarinamestarit.fi\/?post_type=product&#038;p=75"},"modified":"2021-08-03T16:00:34","modified_gmt":"2021-08-03T16:00:34","slug":"murha-hiekkarannalla-murhamysteeripeli","status":"publish","type":"product","link":"https:\/\/www.tarinamestarit.fi\/index.php\/product\/murha-hiekkarannalla-murhamysteeripeli\/","title":{"rendered":"Murha hiekkarannalla &#8211; murhamysteeripeli"},"content":{"rendered":"<h2>Murha hiekkarannalla &#8211; murhamysteeripeli<\/h2>\n<p>Murha hiekkarannalla -murhamysteeripeli vie sinut nykyp\u00e4iv\u00e4n Espanjan aurinkorannalle.<\/p>\n<p>Ricardo Hernandez kutsuu sinut Monta\u00f1a del Solin linnaan, joka on Castanjettan kaupungin n\u00e4ht\u00e4vyyksist\u00e4 kuuluisin. Se on my\u00f6s Espanjan suosituin lomakeskus. Linnan omistaja Ricardo Hernandez on syyst\u00e4kin ylpe\u00e4 saavutuksistaan. Turistit saapuvat Castanjettaan ottamaan aurinkoa rannalla. He vaeltavat vuorilla ja sukeltelevat meress\u00e4. Eniten heit\u00e4 silti kiinnostaa ikivanha Monta\u00f1a del Solin linna. Tarinoiden mukaan linnassa kummittelee. Huhu kulkee, ett\u00e4 linnan omistajakin on n\u00e4hnyt t\u00e4m\u00e4n kummituksen, vaan uskoo, ken tahtoo. Linnassa toimii my\u00f6s paikallisten suosima y\u00f6kerho. Taiteenrakastajat suuntaavat linnaan taiden\u00e4yttelyyn. Vierailevat liikemiehet voivat kokoustaa linnan moderneissa kokoustiloissa ja hotellipalvelut, viihdepalvelut ja kes\u00e4inen aurinko odottavat tulijoita.<\/p>\n<p>On my\u00f6s tullut aika juhlistaa linnan menestyst\u00e4. Ricardo Hernandez j\u00e4rjest\u00e4\u00e4 suuret juhlat. Ne alkavat arvovieraiden yhteisell\u00e4 p\u00e4iv\u00e4llisell\u00e4. Luvassa on my\u00f6s tanssia ja opastettu kierros linnassa. Iltajuhlaan on kutsuttu koko Castanjettan v\u00e4ki.<\/p>\n<p>Varhain juhlap\u00e4iv\u00e4n aamuna Ricardo l\u00e4htee joka-aamuiselle juoksulenkilleen auringonnousun aikaan, satoi tai paistoi. Kaikki tiet\u00e4v\u00e4t t\u00e4m\u00e4n. My\u00f6s joku, jolla on pahat aikeet.<\/p>\n<p>Kun Ricardo ohittaa juostessaan rannalle rakennetun hiekkalinnan, h\u00e4nen jalkansa osuu ansalankaan ja hiekkalinna r\u00e4j\u00e4ht\u00e4\u00e4. R\u00e4j\u00e4hdys on pieni, mutta sinkoaa Ricardon p\u00e4\u00e4lle hyvin suunnatun latingin tappavan myrkyllisi\u00e4 meduusanpalasia.<\/p>\n<p>Aamiaisella linnan v\u00e4ki huomaa Ricardon puuttuvan joukostaan. Hovimestari l\u00e4htee etsim\u00e4\u00e4n ja l\u00f6yt\u00e4\u00e4 ty\u00f6nantajansa kuolleena rannalta. Vaan kuka juhlavieraista on rakentanut hiekkalinnan? Kuka osaa laittaa ansalangan? Kuka kumma on kalastellut hyvin, hyvin myrkyllisi\u00e4 meriel\u00e4imi\u00e4? Miksi kukaan haluaisi tappaa linnan menestyksekk\u00e4\u00e4n omistajan?<\/p>\n<p>Peliin voi osallistua 9\u201320 pelaajaa. Pelin hinta on 40 euroa\/pelaaja. Pelin kesto on noin 4 &#8211; 5 tuntia, riippuen pelaajista itsest\u00e4\u00e4n.<\/p>\n<p>&nbsp;<\/p>\n<p>Anna sis\u00e4isen salapoliisisi n\u00e4ytt\u00e4\u00e4 kyntens\u00e4! Tarinamestarien peleiss\u00e4 ei ole n\u00e4yttelij\u00f6it\u00e4, joiden esityst\u00e4 katsellaan, vaan pelaajat esitt\u00e4v\u00e4t roolit itse.\u00a0 Murhamysteeripeli\u00e4 pelataan p\u00f6yd\u00e4n \u00e4\u00e4ress\u00e4 istuen. Jokainen on pukeutunut roolinsa mukaisesti ja lukee omat vuorosanansa pelivihkosta. Tarkoitus on selvitt\u00e4\u00e4, kuka p\u00f6yd\u00e4ss\u00e4 istujista on murhaaja &#8211; tai murhaajia voi olla useampiakin. Pelaaminen on tehty mahdollisimman helpoksi &#8211; mit\u00e4\u00e4n ei tarvitse keksi\u00e4 itse ja rooliinsa saa heitt\u00e4yty\u00e4 juuri niin paljon kuin haluaa.<\/p>\n<p><a href=\"https:\/\/www.tarinamestarit.fi\/index.php\/131-2\/\"><img loading=\"lazy\" class=\"alignnone size-medium wp-image-819\" src=\"https:\/\/www.tarinamestarit.fi\/wp-content\/uploads\/2021\/06\/Hyva-tietaa-linkki-300x109.jpg\" alt=\"\" width=\"300\" height=\"109\" srcset=\"https:\/\/www.tarinamestarit.fi\/wp-content\/uploads\/2021\/06\/Hyva-tietaa-linkki-300x109.jpg 300w, https:\/\/www.tarinamestarit.fi\/wp-content\/uploads\/2021\/06\/Hyva-tietaa-linkki.jpg 518w\" sizes=\"(max-width: 300px) 100vw, 300px\" \/><\/a><\/p>\n<p>Muista my\u00f6s tutustua muihin murhamysteeripeleihimme!<\/p>\n<p><a href=\"https:\/\/www.tarinamestarit.fi\/index.php\/product\/wesslanderin-kartano\/\">Kuudennusmiehen kuolema<\/a><\/p>\n<p><a href=\"https:\/\/www.tarinamestarit.fi\/index.php\/product\/murha-hiekkarannalla-murhamysteeripeli\/\">Murha hiekkarannalla<\/a><\/p>\n<p><a href=\"https:\/\/www.tarinamestarit.fi\/index.php\/product\/murha-hotelli-luxorissa-murhamysteeripeli\/\">Murha Hotelli Luxorissa<\/a><\/p>\n<p><a href=\"https:\/\/www.tarinamestarit.fi\/index.php\/product\/murha-kirkkaalla-ajatuksella-murhamysteeripeli\/\">Murha kirkkaalla ajatuksella<\/a><\/p>\n<p><a href=\"https:\/\/www.tarinamestarit.fi\/index.php\/product\/murha-romantican-saarella-murhamysteeripeli\/\">Murha Romantican saarella<\/a><\/p>\n<p><a href=\"https:\/\/www.tarinamestarit.fi\/index.php\/product\/murha-taikurin\/\">Murha taikurin kartanossa<\/a><\/p>\n<p>ja minimurhis pienemm\u00e4lle porukalle:<\/p>\n<p><a href=\"https:\/\/www.tarinamestarit.fi\/index.php\/product\/murha-merirosvolaivalla-minimurhis\/\">Murha merirosvolaivalla<\/a><\/p>\n","protected":false},"excerpt":{"rendered":"<p>Ricardo Hernandez kutsuu sinut Monta\u00f1a del Solin linnaan, joka on Castanjettan kaupungin n\u00e4ht\u00e4vyyksist\u00e4 kuuluisin. Se on my\u00f6s Espanjan suosituin lomakeskus. On tullut aika juhlistaa linnan menestyst\u00e4, joten Ricardo Hernandez j\u00e4rjest\u00e4\u00e4 suuret juhlat. Ne alkavat arvovieraiden yhteisell\u00e4 p\u00e4iv\u00e4llisell\u00e4. Luvassa on my\u00f6s tanssia ja opastettu kierros linnassa. Iltajuhlaan on kutsuttu koko Castanjettan v\u00e4ki.<\/p>\n<p>Varhain juhlap\u00e4iv\u00e4n aamuna Ricardo l\u00e4htee joka-aamuiselle juoksulenkilleen auringonnousun aikaan. Kun Ricardo ohittaa juostessaan rannalle rakennetun hiekkalinnan, h\u00e4nen jalkansa osuu ansalankaan ja h\u00e4nen ylleen lent\u00e4\u00e4 tappavan myrkyllisi\u00e4 meduusan palasia.<\/p>\n<p>Kun Ricardoa ei kuulu aamupalalle, hovimestari l\u00e4htee h\u00e4nt\u00e4 etsim\u00e4\u00e4n ja l\u00f6yt\u00e4\u00e4 is\u00e4nt\u00e4ns\u00e4 murhattuna. Kyseess\u00e4 on selv\u00e4sti joku vieraista. Vai onko hovimestari j\u00e4lleen syyllinen?<\/p>\n","protected":false},"featured_media":869,"comment_status":"open","ping_status":"closed","template":"","meta":[],"yoast_head":"<!-- This site is optimized with the Yoast SEO plugin v15.8 - https:\/\/yoast.com\/wordpress\/plugins\/seo\/ -->\n<title>Murha hiekkarannalla - murhamysteeripeli - Tarinamestarit<\/title>\n<meta name=\"description\" content=\"Murha hiekkarannalla alkaa arvovieraiden yhteisell\u00e4 p\u00e4iv\u00e4llisell\u00e4, mutta mit\u00e4 tapahtui Ricardolle hiekkarannalla? Kuka on syyllinen?\" \/>\n<meta name=\"robots\" content=\"index, follow, max-snippet:-1, max-image-preview:large, max-video-preview:-1\" \/>\n<link rel=\"canonical\" href=\"https:\/\/www.tarinamestarit.fi\/index.php\/product\/murha-hiekkarannalla-murhamysteeripeli\/\" \/>\n<meta property=\"og:locale\" content=\"fi_FI\" \/>\n<meta property=\"og:type\" content=\"article\" \/>\n<meta property=\"og:title\" content=\"Murha hiekkarannalla - murhamysteeripeli - Tarinamestarit\" \/>\n<meta property=\"og:description\" content=\"Murha hiekkarannalla alkaa arvovieraiden yhteisell\u00e4 p\u00e4iv\u00e4llisell\u00e4, mutta mit\u00e4 tapahtui Ricardolle hiekkarannalla? Kuka on syyllinen?\" \/>\n<meta property=\"og:url\" content=\"https:\/\/www.tarinamestarit.fi\/index.php\/product\/murha-hiekkarannalla-murhamysteeripeli\/\" \/>\n<meta property=\"og:site_name\" content=\"Tarinamestarit\" \/>\n<meta property=\"article:modified_time\" content=\"2021-08-03T16:00:34+00:00\" \/>\n<meta property=\"og:image\" content=\"https:\/\/www.tarinamestarit.fi\/wp-content\/uploads\/2021\/02\/Hiekkalinna.jpg\" \/>\n\t<meta property=\"og:image:width\" content=\"1488\" \/>\n\t<meta property=\"og:image:height\" content=\"990\" \/>\n<meta name=\"twitter:card\" content=\"summary_large_image\" \/>\n<meta name=\"twitter:label1\" content=\"Est. reading time\">\n\t<meta name=\"twitter:data1\" content=\"2 minuuttia\">\n<script type=\"application\/ld+json\" class=\"yoast-schema-graph\">{\"@context\":\"https:\/\/schema.org\",\"@graph\":[{\"@type\":\"WebSite\",\"@id\":\"https:\/\/www.tarinamestarit.fi\/#website\",\"url\":\"https:\/\/www.tarinamestarit.fi\/\",\"name\":\"Tarinamestarit\",\"description\":\"verkkokauppa\",\"potentialAction\":[{\"@type\":\"SearchAction\",\"target\":\"https:\/\/www.tarinamestarit.fi\/?s={search_term_string}\",\"query-input\":\"required name=search_term_string\"}],\"inLanguage\":\"fi\"},{\"@type\":\"ImageObject\",\"@id\":\"https:\/\/www.tarinamestarit.fi\/index.php\/product\/murha-hiekkarannalla-murhamysteeripeli\/#primaryimage\",\"inLanguage\":\"fi\",\"url\":\"https:\/\/www.tarinamestarit.fi\/wp-content\/uploads\/2021\/02\/Hiekkalinna.jpg\",\"width\":1488,\"height\":990},{\"@type\":\"WebPage\",\"@id\":\"https:\/\/www.tarinamestarit.fi\/index.php\/product\/murha-hiekkarannalla-murhamysteeripeli\/#webpage\",\"url\":\"https:\/\/www.tarinamestarit.fi\/index.php\/product\/murha-hiekkarannalla-murhamysteeripeli\/\",\"name\":\"Murha hiekkarannalla - murhamysteeripeli - Tarinamestarit\",\"isPartOf\":{\"@id\":\"https:\/\/www.tarinamestarit.fi\/#website\"},\"primaryImageOfPage\":{\"@id\":\"https:\/\/www.tarinamestarit.fi\/index.php\/product\/murha-hiekkarannalla-murhamysteeripeli\/#primaryimage\"},\"datePublished\":\"2021-02-24T18:54:39+00:00\",\"dateModified\":\"2021-08-03T16:00:34+00:00\",\"description\":\"Murha hiekkarannalla alkaa arvovieraiden yhteisell\\u00e4 p\\u00e4iv\\u00e4llisell\\u00e4, mutta mit\\u00e4 tapahtui Ricardolle hiekkarannalla? Kuka on syyllinen?\",\"breadcrumb\":{\"@id\":\"https:\/\/www.tarinamestarit.fi\/index.php\/product\/murha-hiekkarannalla-murhamysteeripeli\/#breadcrumb\"},\"inLanguage\":\"fi\",\"potentialAction\":[{\"@type\":\"ReadAction\",\"target\":[\"https:\/\/www.tarinamestarit.fi\/index.php\/product\/murha-hiekkarannalla-murhamysteeripeli\/\"]}]},{\"@type\":\"BreadcrumbList\",\"@id\":\"https:\/\/www.tarinamestarit.fi\/index.php\/product\/murha-hiekkarannalla-murhamysteeripeli\/#breadcrumb\",\"itemListElement\":[{\"@type\":\"ListItem\",\"position\":1,\"item\":{\"@type\":\"WebPage\",\"@id\":\"https:\/\/www.tarinamestarit.fi\/\",\"url\":\"https:\/\/www.tarinamestarit.fi\/\",\"name\":\"Home\"}},{\"@type\":\"ListItem\",\"position\":2,\"item\":{\"@type\":\"WebPage\",\"@id\":\"https:\/\/www.tarinamestarit.fi\/index.php\/kauppa\/\",\"url\":\"https:\/\/www.tarinamestarit.fi\/index.php\/kauppa\/\",\"name\":\"Kauppa\"}},{\"@type\":\"ListItem\",\"position\":3,\"item\":{\"@type\":\"WebPage\",\"@id\":\"https:\/\/www.tarinamestarit.fi\/index.php\/product\/murha-hiekkarannalla-murhamysteeripeli\/\",\"url\":\"https:\/\/www.tarinamestarit.fi\/index.php\/product\/murha-hiekkarannalla-murhamysteeripeli\/\",\"name\":\"Murha hiekkarannalla &#8211; murhamysteeripeli\"}}]}]}<\/script>\n<!-- \/ Yoast SEO plugin. -->","_links":{"self":[{"href":"https:\/\/www.tarinamestarit.fi\/index.php\/wp-json\/wp\/v2\/product\/75"}],"collection":[{"href":"https:\/\/www.tarinamestarit.fi\/index.php\/wp-json\/wp\/v2\/product"}],"about":[{"href":"https:\/\/www.tarinamestarit.fi\/index.php\/wp-json\/wp\/v2\/types\/product"}],"replies":[{"embeddable":true,"href":"https:\/\/www.tarinamestarit.fi\/index.php\/wp-json\/wp\/v2\/comments?post=75"}],"wp:featuredmedia":[{"embeddable":true,"href":"https:\/\/www.tarinamestarit.fi\/index.php\/wp-json\/wp\/v2\/media\/869"}],"wp:attachment":[{"href":"https:\/\/www.tarinamestarit.fi\/index.php\/wp-json\/wp\/v2\/media?parent=75"}],"curies":[{"name":"wp","href":"https:\/\/api.w.org\/{rel}","templated":true}]}}