{"id":529,"date":"2021-06-15T13:42:14","date_gmt":"2021-06-15T13:42:14","guid":{"rendered":"http:\/\/www.tarinamestarit.fi\/?post_type=product&#038;p=529"},"modified":"2021-11-14T13:36:19","modified_gmt":"2021-11-14T13:36:19","slug":"tonttumokin-arvoitus-arvoitushuonepeli-sesonkipeli","status":"publish","type":"product","link":"https:\/\/www.tarinamestarit.fi\/index.php\/product\/tonttumokin-arvoitus-arvoitushuonepeli-sesonkipeli\/","title":{"rendered":"Tonttum\u00f6kin arvoitus &#8211; arvoitushuonepeli"},"content":{"rendered":"<h3>Tonttum\u00f6kin arvoitus &#8211; arvoitushuonepeli<\/h3>\n<p>Kuuluuko pakohuonepeli harrastuksiisi? Kokeile Tarinamestareiden arvoitushuonepelej\u00e4! Arvoitushuonepeli on my\u00f6s t\u00e4ydellinen ohjelma vaikkapa pikkujouluihin.<\/p>\n<p>Tonttum\u00f6kin arvoitus vie sinut kurkkaamaan Korvatunturin salaiseen maailmaan. Tontut k\u00e4viv\u00e4t ahkerasti ikkunoiden takana kurkkimassa. Niinp\u00e4 my\u00f6s t\u00e4n\u00e4kin vuonna. He pakkasivat kilttien lasten nimilistat nelj\u00e4\u00e4n lukittuun arkkuun syrj\u00e4iseen tonttum\u00f6kkiin. He pitiv\u00e4t siell\u00e4 my\u00f6hemmin pienet pikkujoulut\u2026 Juhlien j\u00e4lkeen he huomasivat, ettei heill\u00e4 olekaan koodeja, joilla arkut saadaan auki.<\/p>\n<p>Vastuu koodien s\u00e4ilytt\u00e4misest\u00e4 uskottiin ennen pikkujoulujuhlia Digitontulle. T\u00e4m\u00e4 vakuutti tallentaneensa kaikki koodit tabletille\u2026 Vaan kun tabletti avattiin, siell\u00e4 ei ollut koodeja. Nyt pit\u00e4isi palata Korvatunturille ja alkaa valmistella jouluaattoa. Ilman kilttien lasten nimilistoja se on t\u00e4ysin mahdotonta.<\/p>\n<p>Auttakaa tonttuja avaamaan lukko ennen kuin Joulupukki saa tiet\u00e4\u00e4 nimilistojen puuttuvan!\u00a0 H\u00e4n on kuitenkin jo aika vanha pukki ja saattaisi sairastua ylim\u00e4\u00e4r\u00e4isest\u00e4 joulustressist\u00e4. Lis\u00e4ksi, jos koodeja ei l\u00f6ydy, yksik\u00e4\u00e4n lapsi ei saa lahjojaan. Siit\u00e4 masentuvat sitten kyll\u00e4 muutkin kuin tontut\u2026<\/p>\n<p>Apuanne tarvitaan, vaan teht\u00e4v\u00e4 ei ole aivan helppo. Kilttien lasten nimilista on koko vuoden t\u00e4rkein salaisuus.\u00a0 Tonttu Tositarkan t\u00f6ihin kuuluu jokaisessa majapaikassa k\u00e4tke\u00e4 lista ja asettaa salaisuuden vartijoiksi haastavia teht\u00e4vi\u00e4. N\u00e4m\u00e4 teht\u00e4v\u00e4t voi vain todellinen tonttu l\u00e4p\u00e4ist\u00e4. Ja sitten teid\u00e4n pit\u00e4\u00e4 viel\u00e4 l\u00f6yt\u00e4\u00e4 koodi, jonka Digitonttu hukkasi jonnekin\u2026 Auttakaa tonttuja pelastamaan joulu ja tulkaa ratkaisemaan Tonttum\u00f6kin arvoitus!<\/p>\n<p>Pelaajam\u00e4\u00e4r\u00e4: 1 &#8211; 12<\/p>\n<p>Hinnasto:<\/p>\n<p>1 &#8211; 5 pelaajaa\/150 e<\/p>\n<p>6 &#8211; 10 pelaajaa\/200<\/p>\n<p>&#8230; ja siit\u00e4 eteenp\u00e4in 20 e\/pelaaja.<\/p>\n<p>Suositellaan: Arvoitushuonepeli on mainio ohjelma pikkujouluihin niin ty\u00f6- kuin yst\u00e4v\u00e4porukallekin, varsinkin, jos pakohuonepelit kiinnostavat. Arvoitushuonepeli pirist\u00e4\u00e4 mukavasti my\u00f6s joulun v\u00e4lip\u00e4ivi\u00e4.<\/p>\n<p>&nbsp;<\/p>\n<p>Arvoitushuonepeli on kuin pakohuonepeli. Aikaa vain on tarjolla enemm\u00e4n eik\u00e4 tarvitse paeta mist\u00e4\u00e4n. Lis\u00e4ksi arvoitushuonepeli on tehty liikuteltavaksi: se voidaan koota esimerkiksi juhla- tai kokoustilaan. Jos kiinnostuit, lue lis\u00e4\u00e4 alta (tietoa tilaajalle).<\/p>\n<p><a href=\"https:\/\/www.tarinamestarit.fi\/index.php\/131-2\/\"><img loading=\"lazy\" class=\"alignnone size-medium wp-image-819\" src=\"https:\/\/www.tarinamestarit.fi\/wp-content\/uploads\/2021\/06\/Hyva-tietaa-linkki-300x109.jpg\" alt=\"\" width=\"300\" height=\"109\" srcset=\"https:\/\/www.tarinamestarit.fi\/wp-content\/uploads\/2021\/06\/Hyva-tietaa-linkki-300x109.jpg 300w, https:\/\/www.tarinamestarit.fi\/wp-content\/uploads\/2021\/06\/Hyva-tietaa-linkki.jpg 518w\" sizes=\"(max-width: 300px) 100vw, 300px\" \/><\/a><\/p>\n<p>Muista my\u00f6s tutustua muihin arvoitushuonepeleihimme!<\/p>\n<p>&nbsp;<\/p>\n<p>Sesonkipelit voivat olla mit\u00e4 tahansa Tarinamestarien pelej\u00e4 \u2013 murhamysteerej\u00e4, toimintapelej\u00e4 tai arvoitushuoneita \u2013 jotka liittyv\u00e4t tiettyyn juhlapyh\u00e4\u00e4n. Sesonkipelit ovat tarjolla vain kerran vuodessa hieman ennen kyseist\u00e4 juhlapyh\u00e4\u00e4 ja joskus hieman sen j\u00e4lkeenkin. T\u00e4m\u00e4 peli on luonteeltaan arvoitushuonepeli.<\/p>\n<p>&nbsp;<\/p>\n","protected":false},"excerpt":{"rendered":"<p>Tontut k\u00e4viv\u00e4t t\u00e4n\u00e4kin vuonna ahkerasti ikkunoiden takana kurkkimassa. He pakkasivat kilttien lasten nimilistat nelj\u00e4\u00e4n lukittuun arkkuun syrj\u00e4iseen tonttum\u00f6kkiin ja pitiv\u00e4t siell\u00e4 my\u00f6hemmin pienet pikkujoulut. Juhlien j\u00e4lkeen he huomasivat, ettei heill\u00e4 olekaan koodeja, joilla arkut saadaan auki. Vastuu koodien s\u00e4ilytt\u00e4misest\u00e4 uskottiin ennen pikkujoulujuhlia Digitontulle. T\u00e4m\u00e4 vakuutti tallentaneensa kaikki koodit tabletille, mutta kun tabletti avattiin, siell\u00e4 ei ollutkaan koodeja! Miten tontut nyt tiet\u00e4v\u00e4t, kuka on ollut kiltti? Mit\u00e4 lahjoja lapset ovat toivoneet? T\u00e4m\u00e4 joulu on nyt menossa hyv\u00e4\u00e4 vauhtia p\u00e4in m\u00e4nty\u00e4. Auta tonttuja pelastamaan joulu: kokoa mukava joukkue ja selvit\u00e4 Tonttum\u00f6kin arvoitus!<\/p>\n","protected":false},"featured_media":946,"comment_status":"open","ping_status":"closed","template":"","meta":[],"yoast_head":"<!-- This site is optimized with the Yoast SEO plugin v15.8 - https:\/\/yoast.com\/wordpress\/plugins\/seo\/ -->\n<title>Tonttum\u00f6kin arvoitus - arvoitushuonepeli - Tarinamestarit<\/title>\n<meta name=\"description\" content=\"Selvit\u00e4 Tonttum\u00f6kin arvoitus ja auta tonttuja pelastamaan joulu!\" \/>\n<meta name=\"robots\" content=\"index, follow, max-snippet:-1, max-image-preview:large, max-video-preview:-1\" \/>\n<link rel=\"canonical\" href=\"https:\/\/www.tarinamestarit.fi\/index.php\/product\/tonttumokin-arvoitus-arvoitushuonepeli-sesonkipeli\/\" \/>\n<meta property=\"og:locale\" content=\"fi_FI\" \/>\n<meta property=\"og:type\" content=\"article\" \/>\n<meta property=\"og:title\" content=\"Tonttum\u00f6kin arvoitus - arvoitushuonepeli - Tarinamestarit\" \/>\n<meta property=\"og:description\" content=\"Selvit\u00e4 Tonttum\u00f6kin arvoitus ja auta tonttuja pelastamaan joulu!\" \/>\n<meta property=\"og:url\" content=\"https:\/\/www.tarinamestarit.fi\/index.php\/product\/tonttumokin-arvoitus-arvoitushuonepeli-sesonkipeli\/\" \/>\n<meta property=\"og:site_name\" content=\"Tarinamestarit\" \/>\n<meta property=\"article:modified_time\" content=\"2021-11-14T13:36:19+00:00\" \/>\n<meta property=\"og:image\" content=\"https:\/\/www.tarinamestarit.fi\/wp-content\/uploads\/2021\/11\/Joulukuusi-scaled.jpg\" \/>\n\t<meta property=\"og:image:width\" content=\"2560\" \/>\n\t<meta property=\"og:image:height\" content=\"1920\" \/>\n<meta name=\"twitter:card\" content=\"summary_large_image\" \/>\n<meta name=\"twitter:label1\" content=\"Est. reading time\">\n\t<meta name=\"twitter:data1\" content=\"2 minuuttia\">\n<script type=\"application\/ld+json\" class=\"yoast-schema-graph\">{\"@context\":\"https:\/\/schema.org\",\"@graph\":[{\"@type\":\"WebSite\",\"@id\":\"https:\/\/www.tarinamestarit.fi\/#website\",\"url\":\"https:\/\/www.tarinamestarit.fi\/\",\"name\":\"Tarinamestarit\",\"description\":\"verkkokauppa\",\"potentialAction\":[{\"@type\":\"SearchAction\",\"target\":\"https:\/\/www.tarinamestarit.fi\/?s={search_term_string}\",\"query-input\":\"required name=search_term_string\"}],\"inLanguage\":\"fi\"},{\"@type\":\"ImageObject\",\"@id\":\"https:\/\/www.tarinamestarit.fi\/index.php\/product\/tonttumokin-arvoitus-arvoitushuonepeli-sesonkipeli\/#primaryimage\",\"inLanguage\":\"fi\",\"url\":\"https:\/\/www.tarinamestarit.fi\/wp-content\/uploads\/2021\/11\/Joulukuusi-scaled.jpg\",\"width\":2560,\"height\":1920},{\"@type\":\"WebPage\",\"@id\":\"https:\/\/www.tarinamestarit.fi\/index.php\/product\/tonttumokin-arvoitus-arvoitushuonepeli-sesonkipeli\/#webpage\",\"url\":\"https:\/\/www.tarinamestarit.fi\/index.php\/product\/tonttumokin-arvoitus-arvoitushuonepeli-sesonkipeli\/\",\"name\":\"Tonttum\\u00f6kin arvoitus - arvoitushuonepeli - Tarinamestarit\",\"isPartOf\":{\"@id\":\"https:\/\/www.tarinamestarit.fi\/#website\"},\"primaryImageOfPage\":{\"@id\":\"https:\/\/www.tarinamestarit.fi\/index.php\/product\/tonttumokin-arvoitus-arvoitushuonepeli-sesonkipeli\/#primaryimage\"},\"datePublished\":\"2021-06-15T13:42:14+00:00\",\"dateModified\":\"2021-11-14T13:36:19+00:00\",\"description\":\"Selvit\\u00e4 Tonttum\\u00f6kin arvoitus ja auta tonttuja pelastamaan joulu!\",\"breadcrumb\":{\"@id\":\"https:\/\/www.tarinamestarit.fi\/index.php\/product\/tonttumokin-arvoitus-arvoitushuonepeli-sesonkipeli\/#breadcrumb\"},\"inLanguage\":\"fi\",\"potentialAction\":[{\"@type\":\"ReadAction\",\"target\":[\"https:\/\/www.tarinamestarit.fi\/index.php\/product\/tonttumokin-arvoitus-arvoitushuonepeli-sesonkipeli\/\"]}]},{\"@type\":\"BreadcrumbList\",\"@id\":\"https:\/\/www.tarinamestarit.fi\/index.php\/product\/tonttumokin-arvoitus-arvoitushuonepeli-sesonkipeli\/#breadcrumb\",\"itemListElement\":[{\"@type\":\"ListItem\",\"position\":1,\"item\":{\"@type\":\"WebPage\",\"@id\":\"https:\/\/www.tarinamestarit.fi\/\",\"url\":\"https:\/\/www.tarinamestarit.fi\/\",\"name\":\"Home\"}},{\"@type\":\"ListItem\",\"position\":2,\"item\":{\"@type\":\"WebPage\",\"@id\":\"https:\/\/www.tarinamestarit.fi\/index.php\/kauppa\/\",\"url\":\"https:\/\/www.tarinamestarit.fi\/index.php\/kauppa\/\",\"name\":\"Kauppa\"}},{\"@type\":\"ListItem\",\"position\":3,\"item\":{\"@type\":\"WebPage\",\"@id\":\"https:\/\/www.tarinamestarit.fi\/index.php\/product\/tonttumokin-arvoitus-arvoitushuonepeli-sesonkipeli\/\",\"url\":\"https:\/\/www.tarinamestarit.fi\/index.php\/product\/tonttumokin-arvoitus-arvoitushuonepeli-sesonkipeli\/\",\"name\":\"Tonttum\\u00f6kin arvoitus &#8211; arvoitushuonepeli\"}}]}]}<\/script>\n<!-- \/ Yoast SEO plugin. -->","_links":{"self":[{"href":"https:\/\/www.tarinamestarit.fi\/index.php\/wp-json\/wp\/v2\/product\/529"}],"collection":[{"href":"https:\/\/www.tarinamestarit.fi\/index.php\/wp-json\/wp\/v2\/product"}],"about":[{"href":"https:\/\/www.tarinamestarit.fi\/index.php\/wp-json\/wp\/v2\/types\/product"}],"replies":[{"embeddable":true,"href":"https:\/\/www.tarinamestarit.fi\/index.php\/wp-json\/wp\/v2\/comments?post=529"}],"wp:featuredmedia":[{"embeddable":true,"href":"https:\/\/www.tarinamestarit.fi\/index.php\/wp-json\/wp\/v2\/media\/946"}],"wp:attachment":[{"href":"https:\/\/www.tarinamestarit.fi\/index.php\/wp-json\/wp\/v2\/media?parent=529"}],"curies":[{"name":"wp","href":"https:\/\/api.w.org\/{rel}","templated":true}]}}