{"id":136,"date":"2021-03-04T19:20:54","date_gmt":"2021-03-04T19:20:54","guid":{"rendered":"http:\/\/www.tarinamestarit.fi\/?post_type=product&#038;p=136"},"modified":"2025-05-19T12:00:57","modified_gmt":"2025-05-19T12:00:57","slug":"roistojen-residenssi","status":"publish","type":"product","link":"https:\/\/www.tarinamestarit.fi\/index.php\/product\/roistojen-residenssi\/","title":{"rendered":"Roistojen residenssi &#8211; tarinallinen toimintapeli"},"content":{"rendered":"<h3>Roistojen residenssi: Mafiased\u00e4n syntym\u00e4p\u00e4iv\u00e4t &#8211; tarinallinen toimintapeli<\/h3>\n<p>Roistojen residenssi vie sinut mafiased\u00e4n Luigi Macinin syntym\u00e4p\u00e4iville. T\u00e4m\u00e4 tarinallinen toimintapeli on esteet\u00f6n eik\u00e4 sis\u00e4ll\u00e4 fyysisi\u00e4 teht\u00e4vi\u00e4.\u00a0 Peliss\u00e4 ratkotaan teht\u00e4vi\u00e4 joukkueina ja jokainen pukeutuu tarinaan ja omaan rooliinsa sopivasti. Pelaajat saavat pukeutumisohjeet ja rooliin liittyv\u00e4t ohjeet kutsun mukana. Peli ei sis\u00e4ll\u00e4 puheenvuoroja, mutta\u00a0sit\u00e4kin enemm\u00e4n hauskoja aivop\u00e4hkin\u00f6it\u00e4 ja nopeaa tiimity\u00f6t\u00e4. Pelaajat pelaavat koko ajan aikaa vastaan. Mafiased\u00e4n syntt\u00e4reill\u00e4 t\u00e4ysi katastrofi saattaa koko ajan olla sekunnin tai parin p\u00e4\u00e4ss\u00e4\u2026<\/p>\n<h5>Chicago, USA, 1951<\/h5>\n<p>Sinut on t\u00e4ten kutsuttu juhlistamaan Luigi Mancinin 65-vuotisjuhlia Chicagoon. Luigi-set\u00e4 on Chicagon alamaailman tunnetuin ja ehk\u00e4 my\u00f6s pel\u00e4tyin Iso Pomo. Luigin lonkerot ulottuvat miltei kaikkeen laittomaan toimintaan. Ne rikokset, joita Luigi Mancini ei ole viel\u00e4 ehtinyt tehd\u00e4, eiv\u00e4t juuri ole tekemisen arvoisia. Luigi kutsuu juhliinsa paitsi yst\u00e4vi\u00e4\u00e4n ja omia sukulaisiaan. H\u00e4n kutsuu juhliinsa my\u00f6s kilpailevan mafiasuku Rossin j\u00e4seni\u00e4. Vanhana kettuna Luigi tiet\u00e4\u00e4, ett\u00e4 on viisaampaa pit\u00e4\u00e4 yst\u00e4v\u00e4t l\u00e4hell\u00e4, viholliset l\u00e4hemp\u00e4n\u00e4 ja perint\u00f6\u00e4 odottavat sukulaiset kaikkein l\u00e4himp\u00e4n\u00e4.<\/p>\n<p>Juhliin mukaan tulevat Mancinien ja Rossien lis\u00e4ksi my\u00f6s poliisit (kutsumatta, tietysti). B\u00e4ndi ja iso kasa Luigi-sed\u00e4n alaisia. Osa kovasti haluaa juhlien onnistuvan. Joku kuitenkin haluaa juhlien p\u00e4\u00e4ttyv\u00e4n huonosti, isoon pamaukseen tai poliisiratsiaan. Ja tietenkin joukossa on aina joku, joka haluaa jotain ihan omiaan\u2026 Ole tarkka ja nopea, jossakin piilossa kello koko ajan tikitt\u00e4\u00e4\u2026<\/p>\n<p>Roistojen residenssiin voi osallistua 5 &#8211; 25 pelaajaa. <strong>Pelin hinta on 30 euroa\/pelaaja.<\/strong> Pelin kesto on noin kolme tuntia<strong>.<\/strong><\/p>\n<p>Jos tilaat meilt\u00e4 pelin, katso t\u00e4m\u00e4 linkki; <a href=\"https:\/\/www.tarinamestarit.fi\/index.php\/hauskoja-ja-hyodyllisia-kaytannon-jarjestelyja\/\">Pelin tilaajalle hyv\u00e4 tiet\u00e4\u00e4<\/a>. Sinne on koottu sinulle hy\u00f6dyllinen tietopaketti mm. pelin j\u00e4rjest\u00e4misest\u00e4, kutsuista, maksamisesta, siirt\u00e4misest\u00e4 tai perumisesta.<\/p>\n<p>&nbsp;<\/p>\n","protected":false},"excerpt":{"rendered":"<p>Sinut on t\u00e4ten kutsuttu juhlistamaan Luigi Mancinin 65-vuotisjuhlia Chicagoon. Luigi-set\u00e4 on Chicagon alamaailman tunnetuin Iso Pomo. Ne rikokset, joita Luigi Mancini ei ole viel\u00e4 ehtinyt tehd\u00e4, eiv\u00e4t juuri ole tekemisen arvoisia. Luigi kutsuu juhliinsa paitsi yst\u00e4vi\u00e4\u00e4n ja omia sukulaisiaan. H\u00e4n kutsuu juhliinsa my\u00f6s kilpailevan mafiasuku Rossin j\u00e4seni\u00e4.\u00a0Juhliin mukaan tulevat Mancinien ja Rossien lis\u00e4ksi my\u00f6s poliisit (kutsumatta, tietysti), b\u00e4ndi ja iso kasa Luigi-sed\u00e4n alaisia. Osa kovasti haluaa juhlien onnistuvan. Joku kuitenkin haluaa juhlien p\u00e4\u00e4ttyv\u00e4n huonosti, isoon pamaukseen tai poliisiratsiaan. Ja tietenkin joukossa on aina joku, joka haluaa jotain ihan omiaan\u2026 Ole tarkka ja nopea, jossakin piilossa kello koko ajan tikitt\u00e4\u00e4\u2026<\/p>\n","protected":false},"featured_media":257,"comment_status":"open","ping_status":"closed","template":"","meta":[],"yoast_head":"<!-- This site is optimized with the Yoast SEO plugin v15.8 - https:\/\/yoast.com\/wordpress\/plugins\/seo\/ -->\n<title>Roistojen residenssi - tarinallinen toimintapeli - Tarinamestarit<\/title>\n<meta name=\"description\" content=\"Roistojen residenssi on toimintapeli, jossa p\u00e4\u00e4set ratkaisemaan hauskoja arvoituksia Mafiased\u00e4n syntym\u00e4p\u00e4ivill\u00e4 yhdess\u00e4 tiimisi kanssa.\" \/>\n<meta name=\"robots\" content=\"index, follow, max-snippet:-1, max-image-preview:large, max-video-preview:-1\" \/>\n<link rel=\"canonical\" href=\"https:\/\/www.tarinamestarit.fi\/index.php\/product\/roistojen-residenssi\/\" \/>\n<meta property=\"og:locale\" content=\"fi_FI\" \/>\n<meta property=\"og:type\" content=\"article\" \/>\n<meta property=\"og:title\" content=\"Roistojen residenssi - tarinallinen toimintapeli - Tarinamestarit\" \/>\n<meta property=\"og:description\" content=\"Roistojen residenssi on toimintapeli, jossa p\u00e4\u00e4set ratkaisemaan hauskoja arvoituksia Mafiased\u00e4n syntym\u00e4p\u00e4ivill\u00e4 yhdess\u00e4 tiimisi kanssa.\" \/>\n<meta property=\"og:url\" content=\"https:\/\/www.tarinamestarit.fi\/index.php\/product\/roistojen-residenssi\/\" \/>\n<meta property=\"og:site_name\" content=\"Tarinamestarit\" \/>\n<meta property=\"article:modified_time\" content=\"2025-05-19T12:00:57+00:00\" \/>\n<meta property=\"og:image\" content=\"https:\/\/www.tarinamestarit.fi\/wp-content\/uploads\/2021\/03\/received_434534197998266-scaled.jpeg\" \/>\n\t<meta property=\"og:image:width\" content=\"1806\" \/>\n\t<meta property=\"og:image:height\" content=\"2560\" \/>\n<meta name=\"twitter:card\" content=\"summary_large_image\" \/>\n<meta name=\"twitter:label1\" content=\"Est. reading time\">\n\t<meta name=\"twitter:data1\" content=\"2 minuuttia\">\n<script type=\"application\/ld+json\" class=\"yoast-schema-graph\">{\"@context\":\"https:\/\/schema.org\",\"@graph\":[{\"@type\":\"WebSite\",\"@id\":\"https:\/\/www.tarinamestarit.fi\/#website\",\"url\":\"https:\/\/www.tarinamestarit.fi\/\",\"name\":\"Tarinamestarit\",\"description\":\"verkkokauppa\",\"potentialAction\":[{\"@type\":\"SearchAction\",\"target\":\"https:\/\/www.tarinamestarit.fi\/?s={search_term_string}\",\"query-input\":\"required name=search_term_string\"}],\"inLanguage\":\"fi\"},{\"@type\":\"ImageObject\",\"@id\":\"https:\/\/www.tarinamestarit.fi\/index.php\/product\/roistojen-residenssi\/#primaryimage\",\"inLanguage\":\"fi\",\"url\":\"https:\/\/www.tarinamestarit.fi\/wp-content\/uploads\/2021\/03\/received_434534197998266-scaled.jpeg\",\"width\":1806,\"height\":2560,\"caption\":\"roistojen residenssi\"},{\"@type\":\"WebPage\",\"@id\":\"https:\/\/www.tarinamestarit.fi\/index.php\/product\/roistojen-residenssi\/#webpage\",\"url\":\"https:\/\/www.tarinamestarit.fi\/index.php\/product\/roistojen-residenssi\/\",\"name\":\"Roistojen residenssi - tarinallinen toimintapeli - Tarinamestarit\",\"isPartOf\":{\"@id\":\"https:\/\/www.tarinamestarit.fi\/#website\"},\"primaryImageOfPage\":{\"@id\":\"https:\/\/www.tarinamestarit.fi\/index.php\/product\/roistojen-residenssi\/#primaryimage\"},\"datePublished\":\"2021-03-04T19:20:54+00:00\",\"dateModified\":\"2025-05-19T12:00:57+00:00\",\"description\":\"Roistojen residenssi on toimintapeli, jossa p\\u00e4\\u00e4set ratkaisemaan hauskoja arvoituksia Mafiased\\u00e4n syntym\\u00e4p\\u00e4ivill\\u00e4 yhdess\\u00e4 tiimisi kanssa.\",\"breadcrumb\":{\"@id\":\"https:\/\/www.tarinamestarit.fi\/index.php\/product\/roistojen-residenssi\/#breadcrumb\"},\"inLanguage\":\"fi\",\"potentialAction\":[{\"@type\":\"ReadAction\",\"target\":[\"https:\/\/www.tarinamestarit.fi\/index.php\/product\/roistojen-residenssi\/\"]}]},{\"@type\":\"BreadcrumbList\",\"@id\":\"https:\/\/www.tarinamestarit.fi\/index.php\/product\/roistojen-residenssi\/#breadcrumb\",\"itemListElement\":[{\"@type\":\"ListItem\",\"position\":1,\"item\":{\"@type\":\"WebPage\",\"@id\":\"https:\/\/www.tarinamestarit.fi\/\",\"url\":\"https:\/\/www.tarinamestarit.fi\/\",\"name\":\"Home\"}},{\"@type\":\"ListItem\",\"position\":2,\"item\":{\"@type\":\"WebPage\",\"@id\":\"https:\/\/www.tarinamestarit.fi\/index.php\/kauppa\/\",\"url\":\"https:\/\/www.tarinamestarit.fi\/index.php\/kauppa\/\",\"name\":\"Kauppa\"}},{\"@type\":\"ListItem\",\"position\":3,\"item\":{\"@type\":\"WebPage\",\"@id\":\"https:\/\/www.tarinamestarit.fi\/index.php\/product\/roistojen-residenssi\/\",\"url\":\"https:\/\/www.tarinamestarit.fi\/index.php\/product\/roistojen-residenssi\/\",\"name\":\"Roistojen residenssi &#8211; tarinallinen toimintapeli\"}}]}]}<\/script>\n<!-- \/ Yoast SEO plugin. -->","_links":{"self":[{"href":"https:\/\/www.tarinamestarit.fi\/index.php\/wp-json\/wp\/v2\/product\/136"}],"collection":[{"href":"https:\/\/www.tarinamestarit.fi\/index.php\/wp-json\/wp\/v2\/product"}],"about":[{"href":"https:\/\/www.tarinamestarit.fi\/index.php\/wp-json\/wp\/v2\/types\/product"}],"replies":[{"embeddable":true,"href":"https:\/\/www.tarinamestarit.fi\/index.php\/wp-json\/wp\/v2\/comments?post=136"}],"wp:featuredmedia":[{"embeddable":true,"href":"https:\/\/www.tarinamestarit.fi\/index.php\/wp-json\/wp\/v2\/media\/257"}],"wp:attachment":[{"href":"https:\/\/www.tarinamestarit.fi\/index.php\/wp-json\/wp\/v2\/media?parent=136"}],"curies":[{"name":"wp","href":"https:\/\/api.w.org\/{rel}","templated":true}]}}