{"id":129,"date":"2021-03-04T19:10:30","date_gmt":"2021-03-04T19:10:30","guid":{"rendered":"http:\/\/www.tarinamestarit.fi\/?post_type=product&#038;p=129"},"modified":"2024-08-09T21:59:24","modified_gmt":"2024-08-09T21:59:24","slug":"arvoitushuonepeli","status":"publish","type":"product","link":"https:\/\/www.tarinamestarit.fi\/index.php\/product\/arvoitushuonepeli\/","title":{"rendered":"Hotellihuoneen arvoitus &#8211; arvoitushuonepeli"},"content":{"rendered":"<h3>Hotellihuoneen arvoitus &#8211; arvoitushuonepeli<\/h3>\n<p>&nbsp;<\/p>\n<p>Kuuluuko pakohuonepeli harrastuksiisi? Kokeile Tarinamestareiden arvoitushuonepeli\u00e4!<\/p>\n<p>Hotellihuoneen arvoitus vie sinut Havaijin saarelle.\u00a0 Siell\u00e4 eritt\u00e4in omaper\u00e4inen ja sit\u00e4kin rikkaampi havaijilainen yritysjohtaja Makoa Kahananui eli Miljon\u00e4\u00e4ri-Masa on asettunut Pau Hana Hotelliin. H\u00e4n viett\u00e4\u00e4 eritt\u00e4in mielell\u00e4\u00e4n kauniita kes\u00e4p\u00e4ivi\u00e4 kotisaarellaan. Masa on sopinut hotellihuoneeseensa viisi eri neuvottelua &#8211; ja kaikki samaan aikaan. Kutsun neuvotteluun ovat saaneet esimerkiksi Pau Hana Hotelin omistajat, paikallisen luonnonsuojeluyhdistyksen edustajat, Lu\u2019au Kingit, televisioyhti\u00f6n edustajat ja MiljoonaMasan ty\u00f6nhakijat. Kun he sitten tulevat paikalle, Masaa ei n\u00e4yk\u00e4\u00e4n miss\u00e4\u00e4n!<\/p>\n<p>Minne Miljon\u00e4\u00e4ri-Masa on oikein kadonnut? Onko h\u00e4n unohtanut tapaamiset? Onko h\u00e4net kaapattu? Unohtuiko h\u00e4n tikibaariin vai j\u00e4ik\u00f6 h\u00e4n rannalle ottamaan aurinkoa? Miljon\u00e4\u00e4ri-Masa ei vastaa puhelimeensa eik\u00e4 h\u00e4n ole j\u00e4tt\u00e4nyt hotellille mink\u00e4\u00e4nlaisia yhteystietoja.<\/p>\n<p>Mihin kummaan h\u00e4n on oikein h\u00e4vinnyt? Viime p\u00e4ivin\u00e4 Miljon\u00e4\u00e4ri-Masaa on l\u00e4hestynyt joukko erilaisia ihmisi\u00e4. He kokoontuvat nyt hotellissa joukkueiksi h\u00e4nt\u00e4 etsim\u00e4\u00e4n\u2026 kaikilla heist\u00e4 on omat syyns\u00e4 l\u00f6yt\u00e4\u00e4 Masa \u2013 ja mielell\u00e4\u00e4n pian.<\/p>\n<p>&nbsp;<\/p>\n<p>Havaijin saari, USA, nykyhetki<\/p>\n<p>Pelaajia 1 &#8211; 20, kesto n. 2 tuntia<\/p>\n<p>Hinnasto:<\/p>\n<p>1 &#8211; 5 henke\u00e4\/150e<\/p>\n<p>6 &#8211; 10 henke\u00e4\/200<\/p>\n<p>&#8230; ja siit\u00e4 eteenp\u00e4in aina 20 e\/pelaaja.<\/p>\n<p>&nbsp;<\/p>\n<p>Arvoitushuonepeli on kuin pakohuonepeli. Aikaa vain on tarjolla enemm\u00e4n eik\u00e4 tarvitse paeta mist\u00e4\u00e4n. Lis\u00e4ksi arvoitushuonepeli on tehty liikuteltavaksi: se voidaan koota esimerkiksi juhla- tai kokoustilaan. Jos kiinnostuit, lue lis\u00e4\u00e4 alta (tietoa tilaajalle).<\/p>\n<p><a href=\"https:\/\/www.tarinamestarit.fi\/index.php\/131-2\/\"><img loading=\"lazy\" class=\"alignnone size-medium wp-image-819\" src=\"https:\/\/www.tarinamestarit.fi\/wp-content\/uploads\/2021\/06\/Hyva-tietaa-linkki-300x109.jpg\" alt=\"\" width=\"300\" height=\"109\" srcset=\"https:\/\/www.tarinamestarit.fi\/wp-content\/uploads\/2021\/06\/Hyva-tietaa-linkki-300x109.jpg 300w, https:\/\/www.tarinamestarit.fi\/wp-content\/uploads\/2021\/06\/Hyva-tietaa-linkki.jpg 518w\" sizes=\"(max-width: 300px) 100vw, 300px\" \/><\/a><\/p>\n<p>Muista my\u00f6s tutustua muihin arvoitushuonepeleihimme!<\/p>\n","protected":false},"excerpt":{"rendered":"<p>Havaijilaisessa Pau Hana Hotelissa tapahtuu: Makoa Kahananui eli Miljon\u00e4\u00e4ri-Masa on asettunut hotelliin ja on sopinut hotellihuoneeseensa t\u00e4rkeit\u00e4 neuvotteluita&#8230; mutta sitten h\u00e4nt\u00e4 ei n\u00e4kyk\u00e4\u00e4n miss\u00e4\u00e4n. Mihin Miljon\u00e4\u00e4ri-Masa on kadonnut? Kokoa nokkela joukkue ja tule ratkaisemaan hotellihuoneen arvoitus!<\/p>\n","protected":false},"featured_media":719,"comment_status":"open","ping_status":"closed","template":"","meta":[],"yoast_head":"<!-- This site is optimized with the Yoast SEO plugin v15.8 - https:\/\/yoast.com\/wordpress\/plugins\/seo\/ -->\n<title>Hotellihuoneen arvoitus - arvoitushuonepeli - Tarinamestarit<\/title>\n<meta name=\"description\" content=\"Hotellihuoneen arvoitus vie sinut Havaijille etsim\u00e4\u00e4n miljon\u00e4\u00e4ri\u00e4, joka on kadonnut salaper\u00e4isesti hotellihuoneestaan...\" \/>\n<meta name=\"robots\" content=\"index, follow, max-snippet:-1, max-image-preview:large, max-video-preview:-1\" \/>\n<link rel=\"canonical\" href=\"https:\/\/www.tarinamestarit.fi\/index.php\/product\/arvoitushuonepeli\/\" \/>\n<meta property=\"og:locale\" content=\"fi_FI\" \/>\n<meta property=\"og:type\" content=\"article\" \/>\n<meta property=\"og:title\" content=\"Hotellihuoneen arvoitus - arvoitushuonepeli - Tarinamestarit\" \/>\n<meta property=\"og:description\" content=\"Hotellihuoneen arvoitus vie sinut Havaijille etsim\u00e4\u00e4n miljon\u00e4\u00e4ri\u00e4, joka on kadonnut salaper\u00e4isesti hotellihuoneestaan...\" \/>\n<meta property=\"og:url\" content=\"https:\/\/www.tarinamestarit.fi\/index.php\/product\/arvoitushuonepeli\/\" \/>\n<meta property=\"og:site_name\" content=\"Tarinamestarit\" \/>\n<meta property=\"article:modified_time\" content=\"2024-08-09T21:59:24+00:00\" \/>\n<meta property=\"og:image\" content=\"https:\/\/www.tarinamestarit.fi\/wp-content\/uploads\/2021\/03\/kuva1-e1625638661661.jpg\" \/>\n\t<meta property=\"og:image:width\" content=\"1217\" \/>\n\t<meta property=\"og:image:height\" content=\"913\" \/>\n<meta name=\"twitter:card\" content=\"summary_large_image\" \/>\n<meta name=\"twitter:label1\" content=\"Est. reading time\">\n\t<meta name=\"twitter:data1\" content=\"2 minuuttia\">\n<script type=\"application\/ld+json\" class=\"yoast-schema-graph\">{\"@context\":\"https:\/\/schema.org\",\"@graph\":[{\"@type\":\"WebSite\",\"@id\":\"https:\/\/www.tarinamestarit.fi\/#website\",\"url\":\"https:\/\/www.tarinamestarit.fi\/\",\"name\":\"Tarinamestarit\",\"description\":\"verkkokauppa\",\"potentialAction\":[{\"@type\":\"SearchAction\",\"target\":\"https:\/\/www.tarinamestarit.fi\/?s={search_term_string}\",\"query-input\":\"required name=search_term_string\"}],\"inLanguage\":\"fi\"},{\"@type\":\"ImageObject\",\"@id\":\"https:\/\/www.tarinamestarit.fi\/index.php\/product\/arvoitushuonepeli\/#primaryimage\",\"inLanguage\":\"fi\",\"url\":\"https:\/\/www.tarinamestarit.fi\/wp-content\/uploads\/2021\/03\/kuva1-e1625638661661.jpg\",\"width\":1217,\"height\":913},{\"@type\":\"WebPage\",\"@id\":\"https:\/\/www.tarinamestarit.fi\/index.php\/product\/arvoitushuonepeli\/#webpage\",\"url\":\"https:\/\/www.tarinamestarit.fi\/index.php\/product\/arvoitushuonepeli\/\",\"name\":\"Hotellihuoneen arvoitus - arvoitushuonepeli - Tarinamestarit\",\"isPartOf\":{\"@id\":\"https:\/\/www.tarinamestarit.fi\/#website\"},\"primaryImageOfPage\":{\"@id\":\"https:\/\/www.tarinamestarit.fi\/index.php\/product\/arvoitushuonepeli\/#primaryimage\"},\"datePublished\":\"2021-03-04T19:10:30+00:00\",\"dateModified\":\"2024-08-09T21:59:24+00:00\",\"description\":\"Hotellihuoneen arvoitus vie sinut Havaijille etsim\\u00e4\\u00e4n miljon\\u00e4\\u00e4ri\\u00e4, joka on kadonnut salaper\\u00e4isesti hotellihuoneestaan...\",\"breadcrumb\":{\"@id\":\"https:\/\/www.tarinamestarit.fi\/index.php\/product\/arvoitushuonepeli\/#breadcrumb\"},\"inLanguage\":\"fi\",\"potentialAction\":[{\"@type\":\"ReadAction\",\"target\":[\"https:\/\/www.tarinamestarit.fi\/index.php\/product\/arvoitushuonepeli\/\"]}]},{\"@type\":\"BreadcrumbList\",\"@id\":\"https:\/\/www.tarinamestarit.fi\/index.php\/product\/arvoitushuonepeli\/#breadcrumb\",\"itemListElement\":[{\"@type\":\"ListItem\",\"position\":1,\"item\":{\"@type\":\"WebPage\",\"@id\":\"https:\/\/www.tarinamestarit.fi\/\",\"url\":\"https:\/\/www.tarinamestarit.fi\/\",\"name\":\"Home\"}},{\"@type\":\"ListItem\",\"position\":2,\"item\":{\"@type\":\"WebPage\",\"@id\":\"https:\/\/www.tarinamestarit.fi\/index.php\/kauppa\/\",\"url\":\"https:\/\/www.tarinamestarit.fi\/index.php\/kauppa\/\",\"name\":\"Kauppa\"}},{\"@type\":\"ListItem\",\"position\":3,\"item\":{\"@type\":\"WebPage\",\"@id\":\"https:\/\/www.tarinamestarit.fi\/index.php\/product\/arvoitushuonepeli\/\",\"url\":\"https:\/\/www.tarinamestarit.fi\/index.php\/product\/arvoitushuonepeli\/\",\"name\":\"Hotellihuoneen arvoitus &#8211; arvoitushuonepeli\"}}]}]}<\/script>\n<!-- \/ Yoast SEO plugin. -->","_links":{"self":[{"href":"https:\/\/www.tarinamestarit.fi\/index.php\/wp-json\/wp\/v2\/product\/129"}],"collection":[{"href":"https:\/\/www.tarinamestarit.fi\/index.php\/wp-json\/wp\/v2\/product"}],"about":[{"href":"https:\/\/www.tarinamestarit.fi\/index.php\/wp-json\/wp\/v2\/types\/product"}],"replies":[{"embeddable":true,"href":"https:\/\/www.tarinamestarit.fi\/index.php\/wp-json\/wp\/v2\/comments?post=129"}],"wp:featuredmedia":[{"embeddable":true,"href":"https:\/\/www.tarinamestarit.fi\/index.php\/wp-json\/wp\/v2\/media\/719"}],"wp:attachment":[{"href":"https:\/\/www.tarinamestarit.fi\/index.php\/wp-json\/wp\/v2\/media?parent=129"}],"curies":[{"name":"wp","href":"https:\/\/api.w.org\/{rel}","templated":true}]}}