{"id":116,"date":"2021-03-04T09:23:58","date_gmt":"2021-03-04T09:23:58","guid":{"rendered":"http:\/\/www.tarinamestarit.fi\/?post_type=product&#038;p=116"},"modified":"2021-12-07T19:23:52","modified_gmt":"2021-12-07T19:23:52","slug":"sinisen-salongin","status":"publish","type":"product","link":"https:\/\/www.tarinamestarit.fi\/index.php\/product\/sinisen-salongin\/","title":{"rendered":"Sinisen salongin arvoitus &#8211; arvoitushuonepeli"},"content":{"rendered":"<h3>Sinisen salongin arvoitus &#8211; arvoitushuonepeli<\/h3>\n<p>Kuuluuko pakohuonepeli harrastuksiisi? Kokeile Tarinamestareiden arvoitushuonepelej\u00e4!<\/p>\n<p>Sinisen salongin arvoitus vie sinut \u00c4ij\u00f6l\u00e4nvaaran kartanoon, jossa Edwina-t\u00e4ti toivottaa sinut tervetulleeksi!<\/p>\n<p>Kartanon entinen omistaja, Edwina Muinais\u00e4ij\u00f6, oli rikas nainen. H\u00e4n matkusteli nuoruudessaan laajasti kaikilla mantereilla. Edwina puhui monia kieli\u00e4 ja sai yst\u00e4vi\u00e4 ymp\u00e4ri maailmaa.<\/p>\n<p>Ennen kaikkea Edwina-t\u00e4ti rakasti dekkareita ja salapoliisielokuvia. H\u00e4n rakasti niit\u00e4 niin paljon, ett\u00e4 muutti kartanonsa jokaisen huone arvoitushuoneeksi ja perusti s\u00e4\u00e4ti\u00f6n, joka s\u00e4\u00e4nn\u00f6llisin v\u00e4liajoin avaa \u00c4ij\u00f6l\u00e4nvaaran kartanosta yhden huoneen yleis\u00f6lle. Edwina-t\u00e4din arvoitukset ovat kuuluisia kieroudestaan ja hauskuudestaan, joten kun s\u00e4\u00e4ti\u00f6 avaa huoneen, aivop\u00e4hkin\u00f6iden yst\u00e4v\u00e4t suuntaavat \u00c4ij\u00f6l\u00e4nvaaran kartanoon.<\/p>\n<p>T\u00e4n\u00e4 vuonna ovi avautuu Edwina-t\u00e4din kuuluisaan Siniseen salonkiin.<\/p>\n<p>Sininen salonki oli aikoinaan yksi Edwina-t\u00e4din lempihuoneista. H\u00e4n kestitsi siell\u00e4 vieraita, niin naapurustoa kuin kuuluisuuksiakin. Edwinan yst\u00e4v\u00e4t ymp\u00e4ri maailmaa vierailivat \u00c4ij\u00f6l\u00e4nvaaran kartanossa. Sinisess\u00e4 salongissa kuultiin musiikkiesityksi\u00e4 ja juotiin teet\u00e4&#8230; ja nyt, 2020-luvulla, siell\u00e4 ratkotaan Edwina-t\u00e4din ja h\u00e4nen yst\u00e4viens\u00e4 laatimia arvoituksia.<\/p>\n<p>Edwina k\u00e4tki Siniseen salonkiin maailmanmatkaajan arvoituksen. Arvoitusten laatijoina ovat t\u00e4ll\u00e4 kertaa Edwina-t\u00e4din yst\u00e4v\u00e4t pitkin poikin maailmaa. Edwina pyysi jokaista yst\u00e4v\u00e4\u00e4ns\u00e4 l\u00e4hett\u00e4m\u00e4\u00e4n yhden aivop\u00e4hkin\u00e4n. Aivop\u00e4hkin\u00e4n tuli kuvastaa l\u00e4hett\u00e4j\u00e4\u00e4ns\u00e4. Sen piti my\u00f6s olla sovelias Edwina-t\u00e4din kartanoon. Yst\u00e4v\u00e4t vastasivat innokkaasti pyynt\u00f6\u00f6n. He l\u00e4hettiv\u00e4t t\u00e4sm\u00e4lleen sen, mit\u00e4 t\u00e4ti pyysi.<\/p>\n<p>\u00c4ij\u00f6l\u00e4nvaaran kartano avaa ovensa t\u00e4n\u00e4kin vuonna. Vaan kuka ratkaiseekaan Sinisen salongin arvoituksen?<\/p>\n<p>Arvoitushuonepeli ovat pakohuonepelityyppinen peli.<\/p>\n<p>&nbsp;<\/p>\n<p>Osallistujien m\u00e4\u00e4r\u00e4: 1 &#8211; 20<\/p>\n<p>Hinnasto:<\/p>\n<p>1 &#8211; 5 pelaajaa\/150 e<\/p>\n<p>6 &#8211; 10 pelaajaa\/200 e<\/p>\n<p>&#8230; ja siit\u00e4 eteenp\u00e4in aina 20 e\/pelaaja.<\/p>\n<p>&nbsp;<\/p>\n<p>Arvoitushuonepeli on kuin pakohuonepeli. Aikaa vain on tarjolla enemm\u00e4n eik\u00e4 tarvitse paeta mist\u00e4\u00e4n. Lis\u00e4ksi arvoitushuonepeli on tehty liikuteltavaksi: se voidaan koota esimerkiksi juhla- tai kokoustilaan. Jos kiinnostuit, lue lis\u00e4\u00e4 alta (tietoa tilaajalle).<\/p>\n<p><a href=\"https:\/\/www.tarinamestarit.fi\/index.php\/131-2\/\"><img loading=\"lazy\" class=\"alignnone size-medium wp-image-819\" src=\"https:\/\/www.tarinamestarit.fi\/wp-content\/uploads\/2021\/06\/Hyva-tietaa-linkki-300x109.jpg\" alt=\"\" width=\"300\" height=\"109\" srcset=\"https:\/\/www.tarinamestarit.fi\/wp-content\/uploads\/2021\/06\/Hyva-tietaa-linkki-300x109.jpg 300w, https:\/\/www.tarinamestarit.fi\/wp-content\/uploads\/2021\/06\/Hyva-tietaa-linkki.jpg 518w\" sizes=\"(max-width: 300px) 100vw, 300px\" \/><\/a><\/p>\n<p>Muista my\u00f6s tutustua muihin arvoitushuonepeleihimme!<\/p>\n","protected":false},"excerpt":{"rendered":"<p>\u00c4ij\u00f6l\u00e4nvaaran kartanon Siniseen salonkiin on k\u00e4tketty maailmanmatkaajan arvoitus. Ker\u00e4\u00e4 nokkela porukka ja tule pelaamaan!<\/p>\n","protected":false},"featured_media":731,"comment_status":"open","ping_status":"closed","template":"","meta":[],"yoast_head":"<!-- This site is optimized with the Yoast SEO plugin v15.8 - https:\/\/yoast.com\/wordpress\/plugins\/seo\/ -->\n<title>Sinisen salongin arvoitus - arvoitushuonepeli - Tarinamestarit<\/title>\n<meta name=\"description\" content=\"Sinisen salongin arvoituksessa p\u00e4\u00e4set ratkomaan visaisia aivop\u00e4hkin\u00f6it\u00e4 \u00c4ij\u00f6l\u00e4nvaaran vanhaan kartanoon.\" \/>\n<meta name=\"robots\" content=\"index, follow, max-snippet:-1, max-image-preview:large, max-video-preview:-1\" \/>\n<link rel=\"canonical\" href=\"https:\/\/www.tarinamestarit.fi\/index.php\/product\/sinisen-salongin\/\" \/>\n<meta property=\"og:locale\" content=\"fi_FI\" \/>\n<meta property=\"og:type\" content=\"article\" \/>\n<meta property=\"og:title\" content=\"Sinisen salongin arvoitus - arvoitushuonepeli - Tarinamestarit\" \/>\n<meta property=\"og:description\" content=\"Sinisen salongin arvoituksessa p\u00e4\u00e4set ratkomaan visaisia aivop\u00e4hkin\u00f6it\u00e4 \u00c4ij\u00f6l\u00e4nvaaran vanhaan kartanoon.\" \/>\n<meta property=\"og:url\" content=\"https:\/\/www.tarinamestarit.fi\/index.php\/product\/sinisen-salongin\/\" \/>\n<meta property=\"og:site_name\" content=\"Tarinamestarit\" \/>\n<meta property=\"article:modified_time\" content=\"2021-12-07T19:23:52+00:00\" \/>\n<meta property=\"og:image\" content=\"https:\/\/www.tarinamestarit.fi\/wp-content\/uploads\/2021\/03\/Eve-scaled-e1625639097271.jpg\" \/>\n\t<meta property=\"og:image:width\" content=\"1600\" \/>\n\t<meta property=\"og:image:height\" content=\"1200\" \/>\n<meta name=\"twitter:card\" content=\"summary_large_image\" \/>\n<meta name=\"twitter:label1\" content=\"Est. reading time\">\n\t<meta name=\"twitter:data1\" content=\"2 minuuttia\">\n<script type=\"application\/ld+json\" class=\"yoast-schema-graph\">{\"@context\":\"https:\/\/schema.org\",\"@graph\":[{\"@type\":\"WebSite\",\"@id\":\"https:\/\/www.tarinamestarit.fi\/#website\",\"url\":\"https:\/\/www.tarinamestarit.fi\/\",\"name\":\"Tarinamestarit\",\"description\":\"verkkokauppa\",\"potentialAction\":[{\"@type\":\"SearchAction\",\"target\":\"https:\/\/www.tarinamestarit.fi\/?s={search_term_string}\",\"query-input\":\"required name=search_term_string\"}],\"inLanguage\":\"fi\"},{\"@type\":\"ImageObject\",\"@id\":\"https:\/\/www.tarinamestarit.fi\/index.php\/product\/sinisen-salongin\/#primaryimage\",\"inLanguage\":\"fi\",\"url\":\"https:\/\/www.tarinamestarit.fi\/wp-content\/uploads\/2021\/03\/Eve-scaled-e1625639097271.jpg\",\"width\":1600,\"height\":1200},{\"@type\":\"WebPage\",\"@id\":\"https:\/\/www.tarinamestarit.fi\/index.php\/product\/sinisen-salongin\/#webpage\",\"url\":\"https:\/\/www.tarinamestarit.fi\/index.php\/product\/sinisen-salongin\/\",\"name\":\"Sinisen salongin arvoitus - arvoitushuonepeli - Tarinamestarit\",\"isPartOf\":{\"@id\":\"https:\/\/www.tarinamestarit.fi\/#website\"},\"primaryImageOfPage\":{\"@id\":\"https:\/\/www.tarinamestarit.fi\/index.php\/product\/sinisen-salongin\/#primaryimage\"},\"datePublished\":\"2021-03-04T09:23:58+00:00\",\"dateModified\":\"2021-12-07T19:23:52+00:00\",\"description\":\"Sinisen salongin arvoituksessa p\\u00e4\\u00e4set ratkomaan visaisia aivop\\u00e4hkin\\u00f6it\\u00e4 \\u00c4ij\\u00f6l\\u00e4nvaaran vanhaan kartanoon.\",\"breadcrumb\":{\"@id\":\"https:\/\/www.tarinamestarit.fi\/index.php\/product\/sinisen-salongin\/#breadcrumb\"},\"inLanguage\":\"fi\",\"potentialAction\":[{\"@type\":\"ReadAction\",\"target\":[\"https:\/\/www.tarinamestarit.fi\/index.php\/product\/sinisen-salongin\/\"]}]},{\"@type\":\"BreadcrumbList\",\"@id\":\"https:\/\/www.tarinamestarit.fi\/index.php\/product\/sinisen-salongin\/#breadcrumb\",\"itemListElement\":[{\"@type\":\"ListItem\",\"position\":1,\"item\":{\"@type\":\"WebPage\",\"@id\":\"https:\/\/www.tarinamestarit.fi\/\",\"url\":\"https:\/\/www.tarinamestarit.fi\/\",\"name\":\"Home\"}},{\"@type\":\"ListItem\",\"position\":2,\"item\":{\"@type\":\"WebPage\",\"@id\":\"https:\/\/www.tarinamestarit.fi\/index.php\/kauppa\/\",\"url\":\"https:\/\/www.tarinamestarit.fi\/index.php\/kauppa\/\",\"name\":\"Kauppa\"}},{\"@type\":\"ListItem\",\"position\":3,\"item\":{\"@type\":\"WebPage\",\"@id\":\"https:\/\/www.tarinamestarit.fi\/index.php\/product\/sinisen-salongin\/\",\"url\":\"https:\/\/www.tarinamestarit.fi\/index.php\/product\/sinisen-salongin\/\",\"name\":\"Sinisen salongin arvoitus &#8211; arvoitushuonepeli\"}}]}]}<\/script>\n<!-- \/ Yoast SEO plugin. -->","_links":{"self":[{"href":"https:\/\/www.tarinamestarit.fi\/index.php\/wp-json\/wp\/v2\/product\/116"}],"collection":[{"href":"https:\/\/www.tarinamestarit.fi\/index.php\/wp-json\/wp\/v2\/product"}],"about":[{"href":"https:\/\/www.tarinamestarit.fi\/index.php\/wp-json\/wp\/v2\/types\/product"}],"replies":[{"embeddable":true,"href":"https:\/\/www.tarinamestarit.fi\/index.php\/wp-json\/wp\/v2\/comments?post=116"}],"wp:featuredmedia":[{"embeddable":true,"href":"https:\/\/www.tarinamestarit.fi\/index.php\/wp-json\/wp\/v2\/media\/731"}],"wp:attachment":[{"href":"https:\/\/www.tarinamestarit.fi\/index.php\/wp-json\/wp\/v2\/media?parent=116"}],"curies":[{"name":"wp","href":"https:\/\/api.w.org\/{rel}","templated":true}]}}