{"id":115,"date":"2021-03-04T09:21:13","date_gmt":"2021-03-04T09:21:13","guid":{"rendered":"http:\/\/www.tarinamestarit.fi\/?post_type=product&#038;p=115"},"modified":"2021-07-08T06:15:50","modified_gmt":"2021-07-08T06:15:50","slug":"murha-merirosvolaivalla-minimurhis","status":"publish","type":"product","link":"https:\/\/www.tarinamestarit.fi\/index.php\/product\/murha-merirosvolaivalla-minimurhis\/","title":{"rendered":"Murha merirosvolaivalla &#8211; minimurhis"},"content":{"rendered":"<h2>Murha merirosvolaivalla &#8211; minimurhis<\/h2>\n<p>Minimurhis on lyhenne sanoista minimurhamysteeri: kyseess\u00e4 on tavallista lyhyempi murhamysteeripeli, joka kest\u00e4\u00e4 noin 1,5 &#8211; 2 tuntia.\u00a0Minimurhista pelataan p\u00f6yd\u00e4n ymp\u00e4rill\u00e4 istuen. Kaikki pelaajat pukeutuvat roolinsa mukaisesti ja lukevat vuorosanoja pelivihkoistaan. Tarkoituksena on saada selville, kuka tai ketk\u00e4 p\u00f6yd\u00e4ss\u00e4 istujista ovat murhaajia. Peliin voi heitt\u00e4yty\u00e4 vapaasti \u2013 pelaaminen on tehty mahdollisimman helpoksi.<\/p>\n<p>&nbsp;<\/p>\n<p>Murha merirosvolaivalla pit\u00e4\u00e4 p\u00e4iv\u00e4si kiireisen\u00e4! P\u00e4\u00e4set astumaan hurjaan ja pahamaineiseen merirosvolaivaan. T\u00e4t\u00e4 laivaa luotsaa kapteeni, joka on kuulu kaappauksistaan. Pid\u00e4 siis hatustasi kiinni, luvassa on menoa merirosvotyyliin!<\/p>\n<p>Pitk\u00e4\u00e4n maailman meri\u00e4 h\u00e4irik\u00f6inyt kapteeni Aleksanteri Taifuuni ankkuroi laivansa <em>Khimairan <\/em>Lahtikyl\u00e4\u00e4n. Lahtikyl\u00e4 on kaikkien merten hurjimpien konnien rantautumispaikka ja kotikyl\u00e4. Kapteeni Taifuunilla on melkoinen m\u00e4\u00e4r\u00e4 toinen toistaan hurjempia kaapauksia takana. T\u00e4n\u00e4\u00e4n h\u00e4n aikookin juhlistaa viidett\u00e4kymmenett\u00e4 onnistunutta kaappaustaan. Suuret juhlat odottavat kapteeni Aleksanteri Taifuunia ja h\u00e4nen miehist\u00f6\u00e4ns\u00e4.<\/p>\n<p>P\u00e4iv\u00e4 kuluu kiireisiss\u00e4 juhlavalmisteluissa. Miss\u00e4\u00e4n ei s\u00e4\u00e4stell\u00e4. Kapteeni Taifuuni haluaa olla hetken rauhassa ennen juhlien alkamista. Niinp\u00e4 h\u00e4n kiipe\u00e4\u00e4 tapansa mukaan takilaan saadakseen rauhaa omille ajatuksilleen. Alamaailman yl\u00e4luokka kiertelee laivalla ja kokoontuu ihailemaan ja kadehtimaan mahtavaa ry\u00f6st\u00f6saalista. Mutta miss\u00e4 on kapteeni Aleksanteri Taifuuni? H\u00e4nt\u00e4 ei kuulukaan paikalle&#8230;<\/p>\n<p>T\u00e4m\u00e4 minimurhis vie sinut hurjalle merirosvoseikkailulle.<\/p>\n<p>&nbsp;<\/p>\n<p>Pelaajien m\u00e4\u00e4r\u00e4: 8 &#8211; 9<\/p>\n<p>Pelin kesto: noin 1,5 &#8211; 2 tuntia<\/p>\n<p>Pelin hinta: 200 euroa<\/p>\n<p>&nbsp;<\/p>\n<p>Jos kiinnostuit, lue lis\u00e4\u00e4:<\/p>\n<p><a href=\"https:\/\/www.tarinamestarit.fi\/index.php\/minimurhis-tietopaketti\/\"><img loading=\"lazy\" class=\"alignnone size-medium wp-image-819\" src=\"https:\/\/www.tarinamestarit.fi\/wp-content\/uploads\/2021\/06\/Hyva-tietaa-linkki-300x109.jpg\" alt=\"\" width=\"300\" height=\"109\" srcset=\"https:\/\/www.tarinamestarit.fi\/wp-content\/uploads\/2021\/06\/Hyva-tietaa-linkki-300x109.jpg 300w, https:\/\/www.tarinamestarit.fi\/wp-content\/uploads\/2021\/06\/Hyva-tietaa-linkki.jpg 518w\" sizes=\"(max-width: 300px) 100vw, 300px\" \/><\/a><\/p>\n","protected":false},"excerpt":{"rendered":"<p>Murha merirosvolaivalla &#8211; minimurhis Minimurhis on lyhenne sanoista minimurhamysteeri: kyseess\u00e4 on tavallista lyhyempi murhamysteeripeli, joka kest\u00e4\u00e4 noin 1,5 &#8211; 2 tuntia.\u00a0Minimurhista pelataan p\u00f6yd\u00e4n ymp\u00e4rill\u00e4 istuen. Kaikki pelaajat pukeutuvat roolinsa mukaisesti ja lukevat vuorosanoja pelivihkoistaan. Tarkoituksena on saada selville, kuka tai ketk\u00e4 p\u00f6yd\u00e4ss\u00e4 istujista ovat murhaajia. Peliin voi heitt\u00e4yty\u00e4 vapaasti \u2013 pelaaminen on tehty mahdollisimman helpoksi. [&hellip;]<\/p>\n","protected":false},"featured_media":189,"comment_status":"open","ping_status":"closed","template":"","meta":[],"yoast_head":"<!-- This site is optimized with the Yoast SEO plugin v15.8 - https:\/\/yoast.com\/wordpress\/plugins\/seo\/ -->\n<title>Murha merirosvolaivalla - minimurhis - Tarinamestarit<\/title>\n<meta name=\"description\" content=\"Murha merirosvolaivalla vie sinut seikkailulle merirosvojen maailmaan. Ker\u00e4\u00e4 porukka ja tule selvitt\u00e4m\u00e4\u00e4n, kuka on murhannut kapteenin.\" \/>\n<meta name=\"robots\" content=\"index, follow, max-snippet:-1, max-image-preview:large, max-video-preview:-1\" \/>\n<link rel=\"canonical\" href=\"https:\/\/www.tarinamestarit.fi\/index.php\/product\/murha-merirosvolaivalla-minimurhis\/\" \/>\n<meta property=\"og:locale\" content=\"fi_FI\" \/>\n<meta property=\"og:type\" content=\"article\" \/>\n<meta property=\"og:title\" content=\"Murha merirosvolaivalla - minimurhis - Tarinamestarit\" \/>\n<meta property=\"og:description\" content=\"Murha merirosvolaivalla vie sinut seikkailulle merirosvojen maailmaan. Ker\u00e4\u00e4 porukka ja tule selvitt\u00e4m\u00e4\u00e4n, kuka on murhannut kapteenin.\" \/>\n<meta property=\"og:url\" content=\"https:\/\/www.tarinamestarit.fi\/index.php\/product\/murha-merirosvolaivalla-minimurhis\/\" \/>\n<meta property=\"og:site_name\" content=\"Tarinamestarit\" \/>\n<meta property=\"article:modified_time\" content=\"2021-07-08T06:15:50+00:00\" \/>\n<meta property=\"og:image\" content=\"https:\/\/www.tarinamestarit.fi\/wp-content\/uploads\/2021\/03\/murha-merirosvolaivalla.jpg\" \/>\n\t<meta property=\"og:image:width\" content=\"1600\" \/>\n\t<meta property=\"og:image:height\" content=\"1200\" \/>\n<meta name=\"twitter:card\" content=\"summary_large_image\" \/>\n<meta name=\"twitter:label1\" content=\"Est. reading time\">\n\t<meta name=\"twitter:data1\" content=\"2 minuuttia\">\n<script type=\"application\/ld+json\" class=\"yoast-schema-graph\">{\"@context\":\"https:\/\/schema.org\",\"@graph\":[{\"@type\":\"WebSite\",\"@id\":\"https:\/\/www.tarinamestarit.fi\/#website\",\"url\":\"https:\/\/www.tarinamestarit.fi\/\",\"name\":\"Tarinamestarit\",\"description\":\"verkkokauppa\",\"potentialAction\":[{\"@type\":\"SearchAction\",\"target\":\"https:\/\/www.tarinamestarit.fi\/?s={search_term_string}\",\"query-input\":\"required name=search_term_string\"}],\"inLanguage\":\"fi\"},{\"@type\":\"ImageObject\",\"@id\":\"https:\/\/www.tarinamestarit.fi\/index.php\/product\/murha-merirosvolaivalla-minimurhis\/#primaryimage\",\"inLanguage\":\"fi\",\"url\":\"https:\/\/www.tarinamestarit.fi\/wp-content\/uploads\/2021\/03\/murha-merirosvolaivalla.jpg\",\"width\":1600,\"height\":1200,\"caption\":\"Murha merirosvolaivalla\"},{\"@type\":\"WebPage\",\"@id\":\"https:\/\/www.tarinamestarit.fi\/index.php\/product\/murha-merirosvolaivalla-minimurhis\/#webpage\",\"url\":\"https:\/\/www.tarinamestarit.fi\/index.php\/product\/murha-merirosvolaivalla-minimurhis\/\",\"name\":\"Murha merirosvolaivalla - minimurhis - Tarinamestarit\",\"isPartOf\":{\"@id\":\"https:\/\/www.tarinamestarit.fi\/#website\"},\"primaryImageOfPage\":{\"@id\":\"https:\/\/www.tarinamestarit.fi\/index.php\/product\/murha-merirosvolaivalla-minimurhis\/#primaryimage\"},\"datePublished\":\"2021-03-04T09:21:13+00:00\",\"dateModified\":\"2021-07-08T06:15:50+00:00\",\"description\":\"Murha merirosvolaivalla vie sinut seikkailulle merirosvojen maailmaan. Ker\\u00e4\\u00e4 porukka ja tule selvitt\\u00e4m\\u00e4\\u00e4n, kuka on murhannut kapteenin.\",\"breadcrumb\":{\"@id\":\"https:\/\/www.tarinamestarit.fi\/index.php\/product\/murha-merirosvolaivalla-minimurhis\/#breadcrumb\"},\"inLanguage\":\"fi\",\"potentialAction\":[{\"@type\":\"ReadAction\",\"target\":[\"https:\/\/www.tarinamestarit.fi\/index.php\/product\/murha-merirosvolaivalla-minimurhis\/\"]}]},{\"@type\":\"BreadcrumbList\",\"@id\":\"https:\/\/www.tarinamestarit.fi\/index.php\/product\/murha-merirosvolaivalla-minimurhis\/#breadcrumb\",\"itemListElement\":[{\"@type\":\"ListItem\",\"position\":1,\"item\":{\"@type\":\"WebPage\",\"@id\":\"https:\/\/www.tarinamestarit.fi\/\",\"url\":\"https:\/\/www.tarinamestarit.fi\/\",\"name\":\"Home\"}},{\"@type\":\"ListItem\",\"position\":2,\"item\":{\"@type\":\"WebPage\",\"@id\":\"https:\/\/www.tarinamestarit.fi\/index.php\/kauppa\/\",\"url\":\"https:\/\/www.tarinamestarit.fi\/index.php\/kauppa\/\",\"name\":\"Kauppa\"}},{\"@type\":\"ListItem\",\"position\":3,\"item\":{\"@type\":\"WebPage\",\"@id\":\"https:\/\/www.tarinamestarit.fi\/index.php\/product\/murha-merirosvolaivalla-minimurhis\/\",\"url\":\"https:\/\/www.tarinamestarit.fi\/index.php\/product\/murha-merirosvolaivalla-minimurhis\/\",\"name\":\"Murha merirosvolaivalla &#8211; minimurhis\"}}]}]}<\/script>\n<!-- \/ Yoast SEO plugin. -->","_links":{"self":[{"href":"https:\/\/www.tarinamestarit.fi\/index.php\/wp-json\/wp\/v2\/product\/115"}],"collection":[{"href":"https:\/\/www.tarinamestarit.fi\/index.php\/wp-json\/wp\/v2\/product"}],"about":[{"href":"https:\/\/www.tarinamestarit.fi\/index.php\/wp-json\/wp\/v2\/types\/product"}],"replies":[{"embeddable":true,"href":"https:\/\/www.tarinamestarit.fi\/index.php\/wp-json\/wp\/v2\/comments?post=115"}],"wp:featuredmedia":[{"embeddable":true,"href":"https:\/\/www.tarinamestarit.fi\/index.php\/wp-json\/wp\/v2\/media\/189"}],"wp:attachment":[{"href":"https:\/\/www.tarinamestarit.fi\/index.php\/wp-json\/wp\/v2\/media?parent=115"}],"curies":[{"name":"wp","href":"https:\/\/api.w.org\/{rel}","templated":true}]}}