{"id":929,"date":"2021-11-08T07:58:34","date_gmt":"2021-11-08T07:58:34","guid":{"rendered":"https:\/\/www.tarinamestarit.fi\/?page_id=929"},"modified":"2021-11-08T08:27:31","modified_gmt":"2021-11-08T08:27:31","slug":"sopimusehdot-ja-yksityisyydensuoja","status":"publish","type":"page","link":"https:\/\/www.tarinamestarit.fi\/index.php\/sopimusehdot-ja-yksityisyydensuoja\/","title":{"rendered":"Sopimusehdot ja yksityisyydensuoja"},"content":{"rendered":"\n<p>N\u00e4ist\u00e4 linkeist\u00e4 p\u00e4\u00e4set n\u00e4kem\u00e4\u00e4n Tarinamestarien Sopimusehdot ja Yksityisyydensuojaselosteen.<\/p>\n\n\n\n<p><a href=\"https:\/\/www.tarinamestarit.fi\/wp-content\/uploads\/2021\/11\/Tarinamestarien-sopimusehdot.pdf\">Sopimusehdot<\/a><\/p>\n\n\n\n<p><a href=\"https:\/\/www.tarinamestarit.fi\/wp-content\/uploads\/2021\/11\/Yksityisyyden-suoja.pdf\">Yksityisyydensuoja<\/a><\/p>\n","protected":false},"excerpt":{"rendered":"<p>N\u00e4ist\u00e4 linkeist\u00e4 p\u00e4\u00e4set n\u00e4kem\u00e4\u00e4n Tarinamestarien Sopimusehdot ja Yksityisyydensuojaselosteen. Sopimusehdot Yksityisyydensuoja<\/p>\n","protected":false},"author":3,"featured_media":0,"parent":0,"menu_order":0,"comment_status":"closed","ping_status":"closed","template":"","meta":[],"yoast_head":"<!-- This site is optimized with the Yoast SEO plugin v15.8 - https:\/\/yoast.com\/wordpress\/plugins\/seo\/ -->\n<title>Sopimusehdot ja yksityisyydensuoja - Tarinamestarit<\/title>\n<meta name=\"robots\" content=\"index, follow, max-snippet:-1, max-image-preview:large, max-video-preview:-1\" \/>\n<link rel=\"canonical\" href=\"https:\/\/www.tarinamestarit.fi\/index.php\/sopimusehdot-ja-yksityisyydensuoja\/\" \/>\n<meta property=\"og:locale\" content=\"fi_FI\" \/>\n<meta property=\"og:type\" content=\"article\" \/>\n<meta property=\"og:title\" content=\"Sopimusehdot ja yksityisyydensuoja - Tarinamestarit\" \/>\n<meta property=\"og:description\" content=\"N\u00e4ist\u00e4 linkeist\u00e4 p\u00e4\u00e4set n\u00e4kem\u00e4\u00e4n Tarinamestarien Sopimusehdot ja Yksityisyydensuojaselosteen. Sopimusehdot Yksityisyydensuoja\" \/>\n<meta property=\"og:url\" content=\"https:\/\/www.tarinamestarit.fi\/index.php\/sopimusehdot-ja-yksityisyydensuoja\/\" \/>\n<meta property=\"og:site_name\" content=\"Tarinamestarit\" \/>\n<meta property=\"article:modified_time\" content=\"2021-11-08T08:27:31+00:00\" \/>\n<meta name=\"twitter:card\" content=\"summary_large_image\" \/>\n<meta name=\"twitter:label1\" content=\"Est. reading time\">\n\t<meta name=\"twitter:data1\" content=\"1 minuutti\">\n<script type=\"application\/ld+json\" class=\"yoast-schema-graph\">{\"@context\":\"https:\/\/schema.org\",\"@graph\":[{\"@type\":\"WebSite\",\"@id\":\"https:\/\/www.tarinamestarit.fi\/#website\",\"url\":\"https:\/\/www.tarinamestarit.fi\/\",\"name\":\"Tarinamestarit\",\"description\":\"verkkokauppa\",\"potentialAction\":[{\"@type\":\"SearchAction\",\"target\":\"https:\/\/www.tarinamestarit.fi\/?s={search_term_string}\",\"query-input\":\"required name=search_term_string\"}],\"inLanguage\":\"fi\"},{\"@type\":\"WebPage\",\"@id\":\"https:\/\/www.tarinamestarit.fi\/index.php\/sopimusehdot-ja-yksityisyydensuoja\/#webpage\",\"url\":\"https:\/\/www.tarinamestarit.fi\/index.php\/sopimusehdot-ja-yksityisyydensuoja\/\",\"name\":\"Sopimusehdot ja yksityisyydensuoja - Tarinamestarit\",\"isPartOf\":{\"@id\":\"https:\/\/www.tarinamestarit.fi\/#website\"},\"datePublished\":\"2021-11-08T07:58:34+00:00\",\"dateModified\":\"2021-11-08T08:27:31+00:00\",\"breadcrumb\":{\"@id\":\"https:\/\/www.tarinamestarit.fi\/index.php\/sopimusehdot-ja-yksityisyydensuoja\/#breadcrumb\"},\"inLanguage\":\"fi\",\"potentialAction\":[{\"@type\":\"ReadAction\",\"target\":[\"https:\/\/www.tarinamestarit.fi\/index.php\/sopimusehdot-ja-yksityisyydensuoja\/\"]}]},{\"@type\":\"BreadcrumbList\",\"@id\":\"https:\/\/www.tarinamestarit.fi\/index.php\/sopimusehdot-ja-yksityisyydensuoja\/#breadcrumb\",\"itemListElement\":[{\"@type\":\"ListItem\",\"position\":1,\"item\":{\"@type\":\"WebPage\",\"@id\":\"https:\/\/www.tarinamestarit.fi\/\",\"url\":\"https:\/\/www.tarinamestarit.fi\/\",\"name\":\"Home\"}},{\"@type\":\"ListItem\",\"position\":2,\"item\":{\"@type\":\"WebPage\",\"@id\":\"https:\/\/www.tarinamestarit.fi\/index.php\/sopimusehdot-ja-yksityisyydensuoja\/\",\"url\":\"https:\/\/www.tarinamestarit.fi\/index.php\/sopimusehdot-ja-yksityisyydensuoja\/\",\"name\":\"Sopimusehdot ja yksityisyydensuoja\"}}]}]}<\/script>\n<!-- \/ Yoast SEO plugin. -->","_links":{"self":[{"href":"https:\/\/www.tarinamestarit.fi\/index.php\/wp-json\/wp\/v2\/pages\/929"}],"collection":[{"href":"https:\/\/www.tarinamestarit.fi\/index.php\/wp-json\/wp\/v2\/pages"}],"about":[{"href":"https:\/\/www.tarinamestarit.fi\/index.php\/wp-json\/wp\/v2\/types\/page"}],"author":[{"embeddable":true,"href":"https:\/\/www.tarinamestarit.fi\/index.php\/wp-json\/wp\/v2\/users\/3"}],"replies":[{"embeddable":true,"href":"https:\/\/www.tarinamestarit.fi\/index.php\/wp-json\/wp\/v2\/comments?post=929"}],"version-history":[{"count":6,"href":"https:\/\/www.tarinamestarit.fi\/index.php\/wp-json\/wp\/v2\/pages\/929\/revisions"}],"predecessor-version":[{"id":941,"href":"https:\/\/www.tarinamestarit.fi\/index.php\/wp-json\/wp\/v2\/pages\/929\/revisions\/941"}],"wp:attachment":[{"href":"https:\/\/www.tarinamestarit.fi\/index.php\/wp-json\/wp\/v2\/media?parent=929"}],"curies":[{"name":"wp","href":"https:\/\/api.w.org\/{rel}","templated":true}]}}