{"id":776,"date":"2021-07-05T18:24:55","date_gmt":"2021-07-05T18:24:55","guid":{"rendered":"http:\/\/www.tarinamestarit.fi\/?page_id=776"},"modified":"2021-09-28T06:13:38","modified_gmt":"2021-09-28T06:13:38","slug":"murhamysteeripelit","status":"publish","type":"page","link":"https:\/\/www.tarinamestarit.fi\/index.php\/murhamysteeripelit\/","title":{"rendered":"Murhamysteeripelit"},"content":{"rendered":"\n<h2>Murhamysteeripelit<\/h2>\n\n\n\n<figure class=\"wp-block-image size-large\"><img loading=\"lazy\" width=\"938\" height=\"384\" src=\"https:\/\/www.tarinamestarit.fi\/wp-content\/uploads\/2021\/07\/Murhamysteeripelit2.jpg\" alt=\"\" class=\"wp-image-777\" srcset=\"https:\/\/www.tarinamestarit.fi\/wp-content\/uploads\/2021\/07\/Murhamysteeripelit2.jpg 938w, https:\/\/www.tarinamestarit.fi\/wp-content\/uploads\/2021\/07\/Murhamysteeripelit2-300x123.jpg 300w, https:\/\/www.tarinamestarit.fi\/wp-content\/uploads\/2021\/07\/Murhamysteeripelit2-768x314.jpg 768w, https:\/\/www.tarinamestarit.fi\/wp-content\/uploads\/2021\/07\/Murhamysteeripelit2-555x227.jpg 555w\" sizes=\"(max-width: 938px) 100vw, 938px\" \/><\/figure>\n\n\n\n<h4>Tarjolla olevat pelit:<\/h4>\n\n\n\n<ul><li><strong><a href=\"https:\/\/www.tarinamestarit.fi\/index.php\/product\/wesslanderin-kartano\/\">Kuudennusmiehen kuolema<\/a><\/strong><\/li><li><strong><a href=\"https:\/\/www.tarinamestarit.fi\/index.php\/product\/murha-hiekkarannalla-murhamysteeripeli\/\">Murha hiekkarannalla<\/a><\/strong><\/li><li><a href=\"https:\/\/www.tarinamestarit.fi\/index.php\/product\/murha-hotelli-luxorissa-murhamysteeripeli\/\"><strong>Murha hotelli Luxorissa<\/strong><\/a><\/li><li><strong><a href=\"https:\/\/www.tarinamestarit.fi\/index.php\/product\/murha-kirkkaalla-ajatuksella-murhamysteeripeli\/\">Murha kirkaalla ajatuksella<\/a><\/strong><\/li><li><strong><a href=\"https:\/\/www.tarinamestarit.fi\/index.php\/product\/murha-romantican-saarella-murhamysteeripeli\/\">Murha Romantican saarella<\/a><\/strong><\/li><li><strong><a href=\"https:\/\/www.tarinamestarit.fi\/index.php\/product\/murha-taikurin\/\">Murha taikurin kartanossa<\/a><\/strong><\/li><\/ul>\n\n\n\n<p>Anna sis\u00e4isen salapoliisisi n\u00e4ytt\u00e4\u00e4 kyntens\u00e4! Tarinamestarien peleiss\u00e4 ei ole n\u00e4yttelij\u00f6it\u00e4, joiden esityst\u00e4 katsellaan, vaan pelaajat esitt\u00e4v\u00e4t roolit itse.&nbsp; Murhamysteeripeli\u00e4 pelataan p\u00f6yd\u00e4n \u00e4\u00e4ress\u00e4 istuen. Jokainen on pukeutunut roolinsa mukaisesti ja lukee omat vuorosanansa pelivihkosta. Tarkoitus on selvitt\u00e4\u00e4, kuka p\u00f6yd\u00e4ss\u00e4 istujista on murhaaja \u2013 tai murhaajia voi olla useampiakin. Pelaaminen on tehty mahdollisimman helpoksi \u2013 mit\u00e4\u00e4n ei tarvitse keksi\u00e4 itse ja rooliinsa saa heitt\u00e4yty\u00e4 juuri niin paljon kuin haluaa.<\/p>\n","protected":false},"excerpt":{"rendered":"<p>Murhamysteeripelit Tarjolla olevat pelit: Kuudennusmiehen kuolema Murha hiekkarannalla Murha hotelli Luxorissa Murha kirkaalla ajatuksella Murha Romantican saarella Murha taikurin kartanossa Anna sis\u00e4isen salapoliisisi n\u00e4ytt\u00e4\u00e4 kyntens\u00e4! Tarinamestarien peleiss\u00e4 ei ole n\u00e4yttelij\u00f6it\u00e4, joiden esityst\u00e4 katsellaan, vaan pelaajat esitt\u00e4v\u00e4t roolit itse.&nbsp; Murhamysteeripeli\u00e4 pelataan p\u00f6yd\u00e4n \u00e4\u00e4ress\u00e4 istuen. Jokainen on pukeutunut roolinsa mukaisesti ja lukee omat vuorosanansa pelivihkosta. Tarkoitus on [&hellip;]<\/p>\n","protected":false},"author":3,"featured_media":0,"parent":0,"menu_order":0,"comment_status":"closed","ping_status":"closed","template":"","meta":[],"yoast_head":"<!-- This site is optimized with the Yoast SEO plugin v15.8 - https:\/\/yoast.com\/wordpress\/plugins\/seo\/ -->\n<title>Murhamysteeripelit - Tarinamestarit<\/title>\n<meta name=\"robots\" content=\"index, follow, max-snippet:-1, max-image-preview:large, max-video-preview:-1\" \/>\n<link rel=\"canonical\" href=\"https:\/\/www.tarinamestarit.fi\/index.php\/murhamysteeripelit\/\" \/>\n<meta property=\"og:locale\" content=\"fi_FI\" \/>\n<meta property=\"og:type\" content=\"article\" \/>\n<meta property=\"og:title\" content=\"Murhamysteeripelit - Tarinamestarit\" \/>\n<meta property=\"og:description\" content=\"Murhamysteeripelit Tarjolla olevat pelit: Kuudennusmiehen kuolema Murha hiekkarannalla Murha hotelli Luxorissa Murha kirkaalla ajatuksella Murha Romantican saarella Murha taikurin kartanossa Anna sis\u00e4isen salapoliisisi n\u00e4ytt\u00e4\u00e4 kyntens\u00e4! Tarinamestarien peleiss\u00e4 ei ole n\u00e4yttelij\u00f6it\u00e4, joiden esityst\u00e4 katsellaan, vaan pelaajat esitt\u00e4v\u00e4t roolit itse.&nbsp; Murhamysteeripeli\u00e4 pelataan p\u00f6yd\u00e4n \u00e4\u00e4ress\u00e4 istuen. Jokainen on pukeutunut roolinsa mukaisesti ja lukee omat vuorosanansa pelivihkosta. Tarkoitus on [&hellip;]\" \/>\n<meta property=\"og:url\" content=\"https:\/\/www.tarinamestarit.fi\/index.php\/murhamysteeripelit\/\" \/>\n<meta property=\"og:site_name\" content=\"Tarinamestarit\" \/>\n<meta property=\"article:modified_time\" content=\"2021-09-28T06:13:38+00:00\" \/>\n<meta property=\"og:image\" content=\"http:\/\/www.tarinamestarit.fi\/wp-content\/uploads\/2021\/07\/Murhamysteeripelit2.jpg\" \/>\n<meta name=\"twitter:card\" content=\"summary_large_image\" \/>\n<meta name=\"twitter:label1\" content=\"Est. reading time\">\n\t<meta name=\"twitter:data1\" content=\"1 minuutti\">\n<script type=\"application\/ld+json\" class=\"yoast-schema-graph\">{\"@context\":\"https:\/\/schema.org\",\"@graph\":[{\"@type\":\"WebSite\",\"@id\":\"https:\/\/www.tarinamestarit.fi\/#website\",\"url\":\"https:\/\/www.tarinamestarit.fi\/\",\"name\":\"Tarinamestarit\",\"description\":\"verkkokauppa\",\"potentialAction\":[{\"@type\":\"SearchAction\",\"target\":\"https:\/\/www.tarinamestarit.fi\/?s={search_term_string}\",\"query-input\":\"required name=search_term_string\"}],\"inLanguage\":\"fi\"},{\"@type\":\"ImageObject\",\"@id\":\"https:\/\/www.tarinamestarit.fi\/index.php\/murhamysteeripelit\/#primaryimage\",\"inLanguage\":\"fi\",\"url\":\"http:\/\/www.tarinamestarit.fi\/wp-content\/uploads\/2021\/07\/Murhamysteeripelit2.jpg\"},{\"@type\":\"WebPage\",\"@id\":\"https:\/\/www.tarinamestarit.fi\/index.php\/murhamysteeripelit\/#webpage\",\"url\":\"https:\/\/www.tarinamestarit.fi\/index.php\/murhamysteeripelit\/\",\"name\":\"Murhamysteeripelit - Tarinamestarit\",\"isPartOf\":{\"@id\":\"https:\/\/www.tarinamestarit.fi\/#website\"},\"primaryImageOfPage\":{\"@id\":\"https:\/\/www.tarinamestarit.fi\/index.php\/murhamysteeripelit\/#primaryimage\"},\"datePublished\":\"2021-07-05T18:24:55+00:00\",\"dateModified\":\"2021-09-28T06:13:38+00:00\",\"breadcrumb\":{\"@id\":\"https:\/\/www.tarinamestarit.fi\/index.php\/murhamysteeripelit\/#breadcrumb\"},\"inLanguage\":\"fi\",\"potentialAction\":[{\"@type\":\"ReadAction\",\"target\":[\"https:\/\/www.tarinamestarit.fi\/index.php\/murhamysteeripelit\/\"]}]},{\"@type\":\"BreadcrumbList\",\"@id\":\"https:\/\/www.tarinamestarit.fi\/index.php\/murhamysteeripelit\/#breadcrumb\",\"itemListElement\":[{\"@type\":\"ListItem\",\"position\":1,\"item\":{\"@type\":\"WebPage\",\"@id\":\"https:\/\/www.tarinamestarit.fi\/\",\"url\":\"https:\/\/www.tarinamestarit.fi\/\",\"name\":\"Home\"}},{\"@type\":\"ListItem\",\"position\":2,\"item\":{\"@type\":\"WebPage\",\"@id\":\"https:\/\/www.tarinamestarit.fi\/index.php\/murhamysteeripelit\/\",\"url\":\"https:\/\/www.tarinamestarit.fi\/index.php\/murhamysteeripelit\/\",\"name\":\"Murhamysteeripelit\"}}]}]}<\/script>\n<!-- \/ Yoast SEO plugin. -->","_links":{"self":[{"href":"https:\/\/www.tarinamestarit.fi\/index.php\/wp-json\/wp\/v2\/pages\/776"}],"collection":[{"href":"https:\/\/www.tarinamestarit.fi\/index.php\/wp-json\/wp\/v2\/pages"}],"about":[{"href":"https:\/\/www.tarinamestarit.fi\/index.php\/wp-json\/wp\/v2\/types\/page"}],"author":[{"embeddable":true,"href":"https:\/\/www.tarinamestarit.fi\/index.php\/wp-json\/wp\/v2\/users\/3"}],"replies":[{"embeddable":true,"href":"https:\/\/www.tarinamestarit.fi\/index.php\/wp-json\/wp\/v2\/comments?post=776"}],"version-history":[{"count":3,"href":"https:\/\/www.tarinamestarit.fi\/index.php\/wp-json\/wp\/v2\/pages\/776\/revisions"}],"predecessor-version":[{"id":891,"href":"https:\/\/www.tarinamestarit.fi\/index.php\/wp-json\/wp\/v2\/pages\/776\/revisions\/891"}],"wp:attachment":[{"href":"https:\/\/www.tarinamestarit.fi\/index.php\/wp-json\/wp\/v2\/media?parent=776"}],"curies":[{"name":"wp","href":"https:\/\/api.w.org\/{rel}","templated":true}]}}