{"id":767,"date":"2021-07-05T18:03:50","date_gmt":"2021-07-05T18:03:50","guid":{"rendered":"http:\/\/www.tarinamestarit.fi\/?page_id=767"},"modified":"2021-07-05T19:26:09","modified_gmt":"2021-07-05T19:26:09","slug":"arvoitushuonepelit","status":"publish","type":"page","link":"https:\/\/www.tarinamestarit.fi\/index.php\/arvoitushuonepelit\/","title":{"rendered":"Arvoitushuonepelit"},"content":{"rendered":"\n<h2>Arvoitushuonepelit<\/h2>\n\n\n\n<figure class=\"wp-block-image size-large is-resized\"><img loading=\"lazy\" src=\"https:\/\/www.tarinamestarit.fi\/wp-content\/uploads\/2021\/07\/Arvoitushuonepelit2.jpg\" alt=\"\" class=\"wp-image-814\" width=\"702\" height=\"285\" srcset=\"https:\/\/www.tarinamestarit.fi\/wp-content\/uploads\/2021\/07\/Arvoitushuonepelit2.jpg 946w, https:\/\/www.tarinamestarit.fi\/wp-content\/uploads\/2021\/07\/Arvoitushuonepelit2-300x122.jpg 300w, https:\/\/www.tarinamestarit.fi\/wp-content\/uploads\/2021\/07\/Arvoitushuonepelit2-768x312.jpg 768w, https:\/\/www.tarinamestarit.fi\/wp-content\/uploads\/2021\/07\/Arvoitushuonepelit2-555x225.jpg 555w\" sizes=\"(max-width: 702px) 100vw, 702px\" \/><\/figure>\n\n\n\n<h4>Tarjolla olevat pelit:<\/h4>\n\n\n\n<ul><li><strong><a href=\"https:\/\/www.tarinamestarit.fi\/index.php\/product\/aavikkotemppelin-arvoitus-arvoitushuonepelin\/\">Aavikkotemppellin arvoitus<\/a><\/strong><\/li><li><strong><a href=\"https:\/\/www.tarinamestarit.fi\/index.php\/product\/arvoitushuonepeli\/\">Hotellihuoneen arvoitus<\/a><\/strong><\/li><li><strong><a href=\"https:\/\/www.tarinamestarit.fi\/index.php\/product\/sinisen-salongin\/\">Sinisen salongin arvoitus<\/a><\/strong><\/li><li><strong><a href=\"https:\/\/www.tarinamestarit.fi\/index.php\/product\/tonttumokin-arvoitus-arvoitushuonepeli-sesonkipeli\/\">Tonttum\u00f6kin arvoitu<\/a><\/strong><a href=\"https:\/\/www.tarinamestarit.fi\/index.php\/product\/tonttumokin-arvoitus-arvoitushuonepeli-sesonkipeli\/\">s<\/a> (sesonkipeli)<\/li><li><a href=\"https:\/\/www.tarinamestarit.fi\/index.php\/product\/ullakon-arvoitus-arvoitushuonepeli\/\"><strong>Ullakon arvoitus<\/strong><\/a><\/li><\/ul>\n\n\n\n<p>Arvoitushuonepeli on melkein kuin pakohuonepeli: aikaa on vain k\u00e4ytett\u00e4viss\u00e4 enemm\u00e4n, ei tarvitse paeta mist\u00e4\u00e4n ja arvoitushuone itsess\u00e4\u00e4n on t\u00e4ysin liikuteltavissa paikasta toiseen. Arvoitushuone ei ole kiinte\u00e4 rakennelma, vaan se voidaan rakentaa melkeinp\u00e4 mihin tahansa asiakkaan toivomaan julkiseen tilaan.<\/p>\n\n\n\n<p>Arvoitushuonepeli kest\u00e4\u00e4 noin 2 tuntia. Arvoitushuonepeli\u00e4 pelataan joukkueittain. Yleens\u00e4 joukkueeseen kuuluu 1\u20133 pelaajaa. Joukkueiden m\u00e4\u00e4r\u00e4 riippuu pelaajien m\u00e4\u00e4r\u00e4st\u00e4 ja pelin luonteesta. Useimpiin arvoitushuonepeleihin mahtuu 1\u201320 pelaajaa, riippuen tietysti siit\u00e4kin, miss\u00e4 peli j\u00e4rjestet\u00e4\u00e4n.<\/p>\n\n\n\n<p>Arvoitushuonepelin voi tilata esimerkiksi kaveri-, ty\u00f6kaveri- tai sukulaisporukalle johonkin julkiseen tilaan. Arvoitushuonepeli sopii my\u00f6s hyvin ohjelmaksi muun muassa tykyp\u00e4iv\u00e4\u00e4n, kokouksiin, polttareihin, pikkujouluihin, luokkakokouksiin tai erilaisiin illanviettoihin. Arjen stressi unohtuu takuulla, kun l\u00e4htee porukalla mets\u00e4st\u00e4m\u00e4\u00e4n ratkaisua Tarinamestarien kieroihin mutta hauskoihin arvoituksiin!<\/p>\n\n\n\n<p>Arvoitushuonepeliss\u00e4 huoneeseen on k\u00e4tketty arvoitus, johon voi l\u00f6yt\u00e4\u00e4 vastauksen ratkaisemalla kuuden tai seitsem\u00e4n aivop\u00e4hkin\u00e4n ketjun. Pelin voittaa, jos selvi\u00e4\u00e4 t\u00e4m\u00e4n esteradan l\u00e4pi ja l\u00f6yt\u00e4\u00e4 vastauksen pelin alussa annettuun kysymykseen.<\/p>\n","protected":false},"excerpt":{"rendered":"<p>Arvoitushuonepelit Tarjolla olevat pelit: Aavikkotemppellin arvoitus Hotellihuoneen arvoitus Sinisen salongin arvoitus Tonttum\u00f6kin arvoitus (sesonkipeli) Ullakon arvoitus Arvoitushuonepeli on melkein kuin pakohuonepeli: aikaa on vain k\u00e4ytett\u00e4viss\u00e4 enemm\u00e4n, ei tarvitse paeta mist\u00e4\u00e4n ja arvoitushuone itsess\u00e4\u00e4n on t\u00e4ysin liikuteltavissa paikasta toiseen. Arvoitushuone ei ole kiinte\u00e4 rakennelma, vaan se voidaan rakentaa melkeinp\u00e4 mihin tahansa asiakkaan toivomaan julkiseen tilaan. Arvoitushuonepeli [&hellip;]<\/p>\n","protected":false},"author":3,"featured_media":0,"parent":0,"menu_order":0,"comment_status":"closed","ping_status":"closed","template":"","meta":[],"yoast_head":"<!-- This site is optimized with the Yoast SEO plugin v15.8 - https:\/\/yoast.com\/wordpress\/plugins\/seo\/ -->\n<title>Arvoitushuonepelit - Tarinamestarit<\/title>\n<meta name=\"robots\" content=\"index, follow, max-snippet:-1, max-image-preview:large, max-video-preview:-1\" \/>\n<link rel=\"canonical\" href=\"https:\/\/www.tarinamestarit.fi\/index.php\/arvoitushuonepelit\/\" \/>\n<meta property=\"og:locale\" content=\"fi_FI\" \/>\n<meta property=\"og:type\" content=\"article\" \/>\n<meta property=\"og:title\" content=\"Arvoitushuonepelit - Tarinamestarit\" \/>\n<meta property=\"og:description\" content=\"Arvoitushuonepelit Tarjolla olevat pelit: Aavikkotemppellin arvoitus Hotellihuoneen arvoitus Sinisen salongin arvoitus Tonttum\u00f6kin arvoitus (sesonkipeli) Ullakon arvoitus Arvoitushuonepeli on melkein kuin pakohuonepeli: aikaa on vain k\u00e4ytett\u00e4viss\u00e4 enemm\u00e4n, ei tarvitse paeta mist\u00e4\u00e4n ja arvoitushuone itsess\u00e4\u00e4n on t\u00e4ysin liikuteltavissa paikasta toiseen. Arvoitushuone ei ole kiinte\u00e4 rakennelma, vaan se voidaan rakentaa melkeinp\u00e4 mihin tahansa asiakkaan toivomaan julkiseen tilaan. Arvoitushuonepeli [&hellip;]\" \/>\n<meta property=\"og:url\" content=\"https:\/\/www.tarinamestarit.fi\/index.php\/arvoitushuonepelit\/\" \/>\n<meta property=\"og:site_name\" content=\"Tarinamestarit\" \/>\n<meta property=\"article:modified_time\" content=\"2021-07-05T19:26:09+00:00\" \/>\n<meta property=\"og:image\" content=\"http:\/\/www.tarinamestarit.fi\/wp-content\/uploads\/2021\/07\/Arvoitushuonepelit2.jpg\" \/>\n<meta name=\"twitter:card\" content=\"summary_large_image\" \/>\n<meta name=\"twitter:label1\" content=\"Est. reading time\">\n\t<meta name=\"twitter:data1\" content=\"1 minuutti\">\n<script type=\"application\/ld+json\" class=\"yoast-schema-graph\">{\"@context\":\"https:\/\/schema.org\",\"@graph\":[{\"@type\":\"WebSite\",\"@id\":\"https:\/\/www.tarinamestarit.fi\/#website\",\"url\":\"https:\/\/www.tarinamestarit.fi\/\",\"name\":\"Tarinamestarit\",\"description\":\"verkkokauppa\",\"potentialAction\":[{\"@type\":\"SearchAction\",\"target\":\"https:\/\/www.tarinamestarit.fi\/?s={search_term_string}\",\"query-input\":\"required name=search_term_string\"}],\"inLanguage\":\"fi\"},{\"@type\":\"ImageObject\",\"@id\":\"https:\/\/www.tarinamestarit.fi\/index.php\/arvoitushuonepelit\/#primaryimage\",\"inLanguage\":\"fi\",\"url\":\"http:\/\/www.tarinamestarit.fi\/wp-content\/uploads\/2021\/07\/Arvoitushuonepelit2.jpg\"},{\"@type\":\"WebPage\",\"@id\":\"https:\/\/www.tarinamestarit.fi\/index.php\/arvoitushuonepelit\/#webpage\",\"url\":\"https:\/\/www.tarinamestarit.fi\/index.php\/arvoitushuonepelit\/\",\"name\":\"Arvoitushuonepelit - Tarinamestarit\",\"isPartOf\":{\"@id\":\"https:\/\/www.tarinamestarit.fi\/#website\"},\"primaryImageOfPage\":{\"@id\":\"https:\/\/www.tarinamestarit.fi\/index.php\/arvoitushuonepelit\/#primaryimage\"},\"datePublished\":\"2021-07-05T18:03:50+00:00\",\"dateModified\":\"2021-07-05T19:26:09+00:00\",\"breadcrumb\":{\"@id\":\"https:\/\/www.tarinamestarit.fi\/index.php\/arvoitushuonepelit\/#breadcrumb\"},\"inLanguage\":\"fi\",\"potentialAction\":[{\"@type\":\"ReadAction\",\"target\":[\"https:\/\/www.tarinamestarit.fi\/index.php\/arvoitushuonepelit\/\"]}]},{\"@type\":\"BreadcrumbList\",\"@id\":\"https:\/\/www.tarinamestarit.fi\/index.php\/arvoitushuonepelit\/#breadcrumb\",\"itemListElement\":[{\"@type\":\"ListItem\",\"position\":1,\"item\":{\"@type\":\"WebPage\",\"@id\":\"https:\/\/www.tarinamestarit.fi\/\",\"url\":\"https:\/\/www.tarinamestarit.fi\/\",\"name\":\"Home\"}},{\"@type\":\"ListItem\",\"position\":2,\"item\":{\"@type\":\"WebPage\",\"@id\":\"https:\/\/www.tarinamestarit.fi\/index.php\/arvoitushuonepelit\/\",\"url\":\"https:\/\/www.tarinamestarit.fi\/index.php\/arvoitushuonepelit\/\",\"name\":\"Arvoitushuonepelit\"}}]}]}<\/script>\n<!-- \/ Yoast SEO plugin. -->","_links":{"self":[{"href":"https:\/\/www.tarinamestarit.fi\/index.php\/wp-json\/wp\/v2\/pages\/767"}],"collection":[{"href":"https:\/\/www.tarinamestarit.fi\/index.php\/wp-json\/wp\/v2\/pages"}],"about":[{"href":"https:\/\/www.tarinamestarit.fi\/index.php\/wp-json\/wp\/v2\/types\/page"}],"author":[{"embeddable":true,"href":"https:\/\/www.tarinamestarit.fi\/index.php\/wp-json\/wp\/v2\/users\/3"}],"replies":[{"embeddable":true,"href":"https:\/\/www.tarinamestarit.fi\/index.php\/wp-json\/wp\/v2\/comments?post=767"}],"version-history":[{"count":7,"href":"https:\/\/www.tarinamestarit.fi\/index.php\/wp-json\/wp\/v2\/pages\/767\/revisions"}],"predecessor-version":[{"id":821,"href":"https:\/\/www.tarinamestarit.fi\/index.php\/wp-json\/wp\/v2\/pages\/767\/revisions\/821"}],"wp:attachment":[{"href":"https:\/\/www.tarinamestarit.fi\/index.php\/wp-json\/wp\/v2\/media?parent=767"}],"curies":[{"name":"wp","href":"https:\/\/api.w.org\/{rel}","templated":true}]}}