{"id":5,"date":"2021-01-28T17:34:34","date_gmt":"2021-01-28T17:34:34","guid":{"rendered":"http:\/\/10.222.28.100\/verkkokauppa\/?page_id=5"},"modified":"2021-07-05T18:25:11","modified_gmt":"2021-07-05T18:25:11","slug":"tarinamestarit-etusivu","status":"publish","type":"page","link":"https:\/\/www.tarinamestarit.fi\/","title":{"rendered":"Tarinamestarit ry etusivu"},"content":{"rendered":"\n<p><strong>Tarinamestarit ry<\/strong><\/p>\n\n\n\n<p>Tervetuloa tarinoiden ja pelien maailmaan!<\/p>\n\n\n\n<p>Tarinamestareiden mukana p\u00e4\u00e4set etsim\u00e4\u00e4n murhaajaa j\u00e4nnitt\u00e4ville murhamysteerip\u00e4iv\u00e4llisille, etsim\u00e4\u00e4n aarretta aktiivisissa, tarinallisissa toimintapeleiss\u00e4 ja ratkomaan mit\u00e4 mielenkiintoisimpia aivop\u00e4hkin\u00f6it\u00e4 arvoitushuonepeleiss\u00e4. K\u00e4sikirjoitamme tarinat ja pelit suunnittelemme itse \u2013 kyseess\u00e4 on joka kerta ainutlaatuinen kokemus. Ker\u00e4\u00e4 siis mieleisesi porukka ja tule mukaan!<\/p>\n\n\n\n<p><a href=\"https:\/\/ksamk-my.sharepoint.com\/personal\/banto003_edu_xamk_fi\/_layouts\/15\/onedrive.aspx?id=%2Fpersonal%2Fbanto003%5Fedu%5Fxamk%5Ffi%2FDocuments%2FTarulle%2FTarun%20video%20valmis%2Emp4&amp;parent=%2Fpersonal%2Fbanto003%5Fedu%5Fxamk%5Ffi%2FDocuments%2FTarulle&amp;originalPath=aHR0cHM6Ly9rc2Ftay1teS5zaGFyZXBvaW50LmNvbS86djovZy9wZXJzb25hbC9iYW50bzAwM19lZHVfeGFta19maS9FU2ZKcGp2S2tTVkFpRzhmMldQeXRjQUJ6Nk52WmJrcVBrVTZ4MEkzemIwQTN3P3J0aW1lPTMzTVJoWFR2MkVn\">Katso Tarinamestareiden video<\/a><\/p>\n\n\n\n<p>Yhteisty\u00f6kumppanit:<\/p>\n\n\n\n<ul><li><a href=\"https:\/\/www.facebook.com\/meggalaoy\/\">Meggala<\/a><\/li><li><a href=\"http:\/\/www.kahvilapostelli.fi\/\">Postelli<\/a><\/li><li><a href=\"https:\/\/honkosafarit.fi\/\">Punainen tupa<\/a><\/li><li><a href=\"http:\/\/www.lumiainen.fi\/ravintola-face\">Ravintola Face<\/a><\/li><\/ul>\n\n\n\n\n\n<div class=\"wp-block-columns\">\n<div class=\"wp-block-column\">\n<p>Tarinamestarit tarjoavat Korona-ajalle joka kuukausi vaihtuvan pelin alennettuun hintaan.\u00a0 Huhtikuun tarjouspelin\u00e4 on Ketkujen kilta. <br \/>T\u00e4ss\u00e4 minimurhiksessa p\u00e4\u00e4set seikkailemaan taikurin kartanoon.<\/p>\n<p>Taikuria-Jamesia odotellaan, sill\u00e4 h\u00e4n on luvannut pit\u00e4\u00e4 puheen ennen juhlap\u00e4iv\u00e4llisien alkamista. Yht\u00e4kki\u00e4 kuuluu kova kolahdus ja outoja \u00e4\u00e4ni\u00e4 Py\u00f6re\u00e4st\u00e4 salista, jossa aiemmilla vuosisadoilla on kuollut ainakin kaksi edellisist\u00e4 linnan omistajista\u2026<\/p>\n<\/div>\n\n\n\n<div class=\"wp-block-column\">\n<figure class=\"wp-block-gallery columns-1 is-cropped\"><ul class=\"blocks-gallery-grid\"><li class=\"blocks-gallery-item\"><figure><img loading=\"lazy\" width=\"1024\" height=\"768\" src=\"https:\/\/www.tarinamestarit.fi\/wp-content\/uploads\/2021\/02\/Taikuri-1024x768.jpeg\" alt=\"\" data-id=\"104\" data-full-url=\"https:\/\/www.tarinamestarit.fi\/wp-content\/uploads\/2021\/02\/Taikuri-scaled.jpeg\" data-link=\"https:\/\/www.tarinamestarit.fi\/taikuri\/\" class=\"wp-image-104\"\/><\/figure><\/li><\/ul><\/figure>\n\n\n\n<p><\/p>\n<\/div>\n<\/div>\n\n\n\n<p><\/p>\n","protected":false},"excerpt":{"rendered":"<p>Tarinamestarit ry Tervetuloa tarinoiden ja pelien maailmaan! Tarinamestareiden mukana p\u00e4\u00e4set etsim\u00e4\u00e4n murhaajaa j\u00e4nnitt\u00e4ville murhamysteerip\u00e4iv\u00e4llisille, etsim\u00e4\u00e4n aarretta aktiivisissa, tarinallisissa toimintapeleiss\u00e4 ja ratkomaan mit\u00e4 mielenkiintoisimpia aivop\u00e4hkin\u00f6it\u00e4 arvoitushuonepeleiss\u00e4. K\u00e4sikirjoitamme tarinat ja pelit suunnittelemme itse \u2013 kyseess\u00e4 on joka kerta ainutlaatuinen kokemus. Ker\u00e4\u00e4 siis mieleisesi porukka ja tule mukaan! Katso Tarinamestareiden video Yhteisty\u00f6kumppanit: Meggala Postelli Punainen tupa Ravintola Face [&hellip;]<\/p>\n","protected":false},"author":3,"featured_media":0,"parent":0,"menu_order":0,"comment_status":"closed","ping_status":"closed","template":"","meta":[],"yoast_head":"<!-- This site is optimized with the Yoast SEO plugin v15.8 - https:\/\/yoast.com\/wordpress\/plugins\/seo\/ -->\n<title>Tarinamestarit ry etusivu - Tarinamestarit<\/title>\n<meta name=\"description\" content=\"Tarinamestarit tarjoavat korona-ajalle tarjouspelej\u00e4. Katso kuukausittain vaihtuvat pelit ker\u00e4\u00e4 itsellesi porukka ja heitt\u00e4ydy seikkailuun.\" \/>\n<meta name=\"robots\" content=\"index, follow, max-snippet:-1, max-image-preview:large, max-video-preview:-1\" \/>\n<link rel=\"canonical\" href=\"https:\/\/www.tarinamestarit.fi\/\" \/>\n<meta property=\"og:locale\" content=\"fi_FI\" \/>\n<meta property=\"og:type\" content=\"article\" \/>\n<meta property=\"og:title\" content=\"Tarinamestarit ry etusivu - Tarinamestarit\" \/>\n<meta property=\"og:description\" content=\"Tarinamestarit tarjoavat korona-ajalle tarjouspelej\u00e4. Katso kuukausittain vaihtuvat pelit ker\u00e4\u00e4 itsellesi porukka ja heitt\u00e4ydy seikkailuun.\" \/>\n<meta property=\"og:url\" content=\"https:\/\/www.tarinamestarit.fi\/\" \/>\n<meta property=\"og:site_name\" content=\"Tarinamestarit\" \/>\n<meta property=\"article:modified_time\" content=\"2021-07-05T18:25:11+00:00\" \/>\n<meta property=\"og:image\" content=\"http:\/\/www.tarinamestarit.fi\/wp-content\/uploads\/2021\/02\/Taikuri-1024x768.jpeg\" \/>\n<meta name=\"twitter:card\" content=\"summary_large_image\" \/>\n<meta name=\"twitter:label1\" content=\"Est. reading time\">\n\t<meta name=\"twitter:data1\" content=\"1 minuutti\">\n<script type=\"application\/ld+json\" class=\"yoast-schema-graph\">{\"@context\":\"https:\/\/schema.org\",\"@graph\":[{\"@type\":\"WebSite\",\"@id\":\"https:\/\/www.tarinamestarit.fi\/#website\",\"url\":\"https:\/\/www.tarinamestarit.fi\/\",\"name\":\"Tarinamestarit\",\"description\":\"verkkokauppa\",\"potentialAction\":[{\"@type\":\"SearchAction\",\"target\":\"https:\/\/www.tarinamestarit.fi\/?s={search_term_string}\",\"query-input\":\"required name=search_term_string\"}],\"inLanguage\":\"fi\"},{\"@type\":\"ImageObject\",\"@id\":\"https:\/\/www.tarinamestarit.fi\/#primaryimage\",\"inLanguage\":\"fi\",\"url\":\"http:\/\/www.tarinamestarit.fi\/wp-content\/uploads\/2021\/02\/Taikuri-1024x768.jpeg\"},{\"@type\":\"WebPage\",\"@id\":\"https:\/\/www.tarinamestarit.fi\/#webpage\",\"url\":\"https:\/\/www.tarinamestarit.fi\/\",\"name\":\"Tarinamestarit ry etusivu - Tarinamestarit\",\"isPartOf\":{\"@id\":\"https:\/\/www.tarinamestarit.fi\/#website\"},\"primaryImageOfPage\":{\"@id\":\"https:\/\/www.tarinamestarit.fi\/#primaryimage\"},\"datePublished\":\"2021-01-28T17:34:34+00:00\",\"dateModified\":\"2021-07-05T18:25:11+00:00\",\"description\":\"Tarinamestarit tarjoavat korona-ajalle tarjouspelej\\u00e4. Katso kuukausittain vaihtuvat pelit ker\\u00e4\\u00e4 itsellesi porukka ja heitt\\u00e4ydy seikkailuun.\",\"breadcrumb\":{\"@id\":\"https:\/\/www.tarinamestarit.fi\/#breadcrumb\"},\"inLanguage\":\"fi\",\"potentialAction\":[{\"@type\":\"ReadAction\",\"target\":[\"https:\/\/www.tarinamestarit.fi\/\"]}]},{\"@type\":\"BreadcrumbList\",\"@id\":\"https:\/\/www.tarinamestarit.fi\/#breadcrumb\",\"itemListElement\":[{\"@type\":\"ListItem\",\"position\":1,\"item\":{\"@type\":\"WebPage\",\"@id\":\"https:\/\/www.tarinamestarit.fi\/\",\"url\":\"https:\/\/www.tarinamestarit.fi\/\",\"name\":\"Home\"}},{\"@type\":\"ListItem\",\"position\":2,\"item\":{\"@type\":\"WebPage\",\"@id\":\"https:\/\/www.tarinamestarit.fi\/\",\"url\":\"https:\/\/www.tarinamestarit.fi\/\",\"name\":\"Tarinamestarit ry etusivu\"}}]}]}<\/script>\n<!-- \/ Yoast SEO plugin. -->","_links":{"self":[{"href":"https:\/\/www.tarinamestarit.fi\/index.php\/wp-json\/wp\/v2\/pages\/5"}],"collection":[{"href":"https:\/\/www.tarinamestarit.fi\/index.php\/wp-json\/wp\/v2\/pages"}],"about":[{"href":"https:\/\/www.tarinamestarit.fi\/index.php\/wp-json\/wp\/v2\/types\/page"}],"author":[{"embeddable":true,"href":"https:\/\/www.tarinamestarit.fi\/index.php\/wp-json\/wp\/v2\/users\/3"}],"replies":[{"embeddable":true,"href":"https:\/\/www.tarinamestarit.fi\/index.php\/wp-json\/wp\/v2\/comments?post=5"}],"version-history":[{"count":15,"href":"https:\/\/www.tarinamestarit.fi\/index.php\/wp-json\/wp\/v2\/pages\/5\/revisions"}],"predecessor-version":[{"id":781,"href":"https:\/\/www.tarinamestarit.fi\/index.php\/wp-json\/wp\/v2\/pages\/5\/revisions\/781"}],"wp:attachment":[{"href":"https:\/\/www.tarinamestarit.fi\/index.php\/wp-json\/wp\/v2\/media?parent=5"}],"curies":[{"name":"wp","href":"https:\/\/api.w.org\/{rel}","templated":true}]}}