{"id":282,"date":"2021-04-14T17:59:24","date_gmt":"2021-04-14T17:59:24","guid":{"rendered":"http:\/\/www.tarinamestarit.fi\/?page_id=282"},"modified":"2021-07-08T06:53:50","modified_gmt":"2021-07-08T06:53:50","slug":"minimurhis-tietopaketti","status":"publish","type":"page","link":"https:\/\/www.tarinamestarit.fi\/index.php\/minimurhis-tietopaketti\/","title":{"rendered":"Tietoa minimurhiksesta"},"content":{"rendered":"\n<figure class=\"wp-block-image size-large\"><img loading=\"lazy\" width=\"518\" height=\"188\" src=\"https:\/\/www.tarinamestarit.fi\/wp-content\/uploads\/2021\/06\/Hyva-tietaa-linkki.jpg\" alt=\"\" class=\"wp-image-819\" srcset=\"https:\/\/www.tarinamestarit.fi\/wp-content\/uploads\/2021\/06\/Hyva-tietaa-linkki.jpg 518w, https:\/\/www.tarinamestarit.fi\/wp-content\/uploads\/2021\/06\/Hyva-tietaa-linkki-300x109.jpg 300w\" sizes=\"(max-width: 518px) 100vw, 518px\" \/><\/figure>\n\n\n\n<h2><strong>Kiinnostaako minimurhis?<\/strong><\/h2>\n\n\n\n<p>Minimurhis on lyhenne minimurhamysteeripelist\u00e4. Minimurhis on tavallista murhamysteeripeli\u00e4 lyhyempi peli, joka kest\u00e4\u00e4 noin 2 tuntia. Minimurhikseen voi osallistua 8 &#8211; 9 pelaajaa.<\/p>\n\n\n\n<p>Minimurhista pelataan p\u00f6yd\u00e4n ymp\u00e4rill\u00e4 istuen. Kaikki pelaajat pukeutuvat roolinsa mukaisesti ja lukevat vuorosanoja pelivihkoistaan. Tarkoituksena on saada selville, kuka tai ketk\u00e4 p\u00f6yd\u00e4ss\u00e4 istujista ovat murhaajia. Peliin voi heitt\u00e4yty\u00e4 vapaasti \u2013 pelaaminen on tehty mahdollisimman helpoksi.<\/p>\n\n\n\n<p>Tarinamestarit ry toimii Pohjois-Satakunnassa ja sen l\u00e4hialueilla. J\u00e4rjest\u00e4mme pelej\u00e4 ainoastaan julkisissa tiloissa, kuten esimerkiksi juhlapaikoissa, kyl\u00e4taloissa, kahviloissa tai ravintoloissa. Kankaanp\u00e4\u00e4ss\u00e4 yhteisty\u00f6kumppaneitamme ovat muun muassa:<\/p>\n\n\n\n<p><a href=\"https:\/\/honkosafarit.fi\/\"><strong>Punainen tupa<\/strong><\/a><\/p>\n\n\n\n<p><a href=\"http:\/\/www.viinitilameggala.fi\/\"><strong>Meggala<\/strong><\/a><\/p>\n\n\n\n<p><a href=\"http:\/\/kahvilapostelli.fi\"><strong>Postelli<\/strong><\/a><\/p>\n\n\n\n<p><a href=\"http:\/\/www.lumiainen.fi\/yhteystiedot\"><strong>Lumiainen<\/strong><\/a><\/p>\n\n\n\n<p><\/p>\n\n\n\n<h3><strong>Hauskoja ja hy\u00f6dyllisi\u00e4 k\u00e4yt\u00e4nn\u00f6n j\u00e4rjestelyj\u00e4<\/strong><\/h3>\n\n\n\n<p>Murhamysteerip\u00e4iv\u00e4llisten suunnittelu on vallan mukavaa puuhaa. Kun tilaat meilt\u00e4 murhamysteeripelin, soitamme sinulle ja aloitamme juhlien suunnittelun kanssasi. Jotta voimme j\u00e4rjest\u00e4\u00e4 pelin, meille t\u00e4rkeit\u00e4 tietoja ovat esimerkiksi:<\/p>\n\n\n\n<ul><li>Miss\u00e4 haluat pit\u00e4\u00e4 murhamysteeripelin?<\/li><li>Montako henkil\u00f6\u00e4 aiot kutsua peliisi? Paljonko teit\u00e4 on yhteens\u00e4: montako miest\u00e4, montako naista? N\u00e4in k\u00e4sikirjoittajamme tiet\u00e4v\u00e4t kirjoittaa oikean m\u00e4\u00e4r\u00e4n henkil\u00f6hahmoja peliin.<\/li><li>Haluatko liitt\u00e4\u00e4 minimurhikseen ruokailun tai kahvituksen? Ruoan hankinta on sinun vastuullasi, mutta Tarinamestarien kanssa kannattaa neuvotella, miten ruokailu itsess\u00e4\u00e4n liitet\u00e4\u00e4n peliin.<\/li><\/ul>\n\n\n\n<p>Kannattaa muistaa, ett\u00e4 <strong>kun peli alkaa, kaikkien pelaajien tulee olla pelip\u00f6yd\u00e4ss\u00e4<\/strong>. Silloin ei voi olla keitti\u00f6ss\u00e4 tekem\u00e4ss\u00e4 ruokaa. Tee ruokailusta mahdollisimman rentouttava kokemus teille kaikille: Tarinamestarit neuvovat mielell\u00e4\u00e4n t\u00e4ss\u00e4 asiassa ja kertovat, mill\u00e4 tavoin voivat pelip\u00e4iv\u00e4n\u00e4 olla avuksi. Yhteisty\u00f6ll\u00e4 syntyy hieno pelip\u00e4iv\u00e4 tai -ilta!<\/p>\n\n\n\n<ul><li>Jos sinulla on kysytt\u00e4v\u00e4\u00e4 pelist\u00e4 tai sen j\u00e4rjest\u00e4misest\u00e4, vastaamme mielell\u00e4mme kysymyksiisi. Jos j\u00e4rjest\u00e4t murhap\u00e4iv\u00e4llispelin esimerkiksi syntym\u00e4p\u00e4ivien tai muun merkkip\u00e4iv\u00e4n kunniaksi, kerro meille, niin neuvotellaan, miten t\u00e4rke\u00e4 p\u00e4iv\u00e4 saadaan yhdistetty\u00e4 minimurhikseen.&nbsp;<\/li><\/ul>\n\n\n\n<h3><strong>Kutsut \u2013 t\u00e4st\u00e4 peli alkaa!<\/strong><\/h3>\n\n\n\n<p>Kun olet tilannut ja maksanut pelin, Tarinamestarit ry l\u00e4hett\u00e4\u00e4 sinulle kaikkien pelaajien kutsut postitse. Sinun teht\u00e4v\u00e4ksesi j\u00e4\u00e4 jakaa ne muille pelaajille.<\/p>\n\n\n\n<p>Kutsut on hyv\u00e4 jakaa ajoissa, koska rooliasujen etsiminen on hauskaa ja siihen kannattaa varata aikaa. Rooliasuja voi etsi\u00e4 kirpputorien ja l\u00e4hipiirin vaatekaappien lis\u00e4ksi naamiaistavaraa myyvilt\u00e4 yrityksilt\u00e4, kuten Punanaamiosta tai Marakatista, joilla on molemmilla my\u00f6s verkkokauppa.<\/p>\n\n\n\n<h3><strong>Mit\u00e4, jos joku ei p\u00e4\u00e4sek\u00e4\u00e4n tulemaan?<\/strong><\/h3>\n\n\n\n<p>Jos joku kutsumistasi pelaajista ei p\u00e4\u00e4se tulemaan, kysele l\u00e4hipiirist\u00e4si, jos joku toinen tulisi h\u00e4nen tilalleen. Jos pelaajien m\u00e4\u00e4r\u00e4 muuttuu, Tarinamestareiden pit\u00e4\u00e4 tehd\u00e4 muutoksia k\u00e4sikirjoitukseen ja veloitamme muutosten tekemisest\u00e4 alla olevan hinnaston mukaisesti.&nbsp;<\/p>\n\n\n\n<p>Jos ilmoitat meille pienest\u00e4 muutoksesta (1 pelaaja) pelin osallistujam\u00e4\u00e4r\u00e4\u00e4n\u2026<\/p>\n\n\n\n<ul><li>30\u201320 vuorokautta ennen tapahtumap\u00e4iv\u00e4\u00e4: Tarinamestarit ry veloittaa uusien pelaajien osallistumisesta saman osallistumismaksun kuin muiltakin pelaajilta tai maksaa takaisin pelist\u00e4 pois j\u00e4\u00e4vien osallistumismaksut, jos on ne jo maksettu. Jokaisesta pois l\u00e4htev\u00e4st\u00e4 tai peliin tulevasta pelaajasta veloitamme kuitenkin 20 \u20ac.<\/li><li>21\u20138 p\u00e4iv\u00e4\u00e4 ennen tapahtumap\u00e4iv\u00e4\u00e4: osallistumismaksuja ei en\u00e4\u00e4 palauteta pois l\u00e4htevilt\u00e4 pelaajilta ja yhdistys veloittaa pois l\u00e4htev\u00e4st\u00e4 pelaajasta 30 \u20ac. Jokaisesta peliin tulevasta pelaajasta veloitetaan osallistumismaksun lis\u00e4ksi 30 \u20ac.<\/li><li>7 p\u00e4iv\u00e4\u00e4 ennen tapahtumap\u00e4iv\u00e4\u00e4 tai my\u00f6hemmin: Tarinamestarit ry ei en\u00e4\u00e4 tee muutoksia k\u00e4sikirjoituksiin, mutta voi mahdollisuuksien mukaan tarjota erikseen neuvoteltavasta lis\u00e4maksusta oman edustajansa tilaajan ryhm\u00e4st\u00e4 puuttuvien pelaajien tilalle. Yhdistys ei my\u00f6sk\u00e4\u00e4n en\u00e4\u00e4 palauta osallistumismaksuja.<\/li><\/ul>\n\n\n\n<p>Murhamysteeripeleihin ja muihin rooleihin sidottuihin peleihin saa osallistua vain Tarinamestarien kanssa sovittu m\u00e4\u00e4r\u00e4 pelaajia. Muuten meill\u00e4 on pelip\u00e4iv\u00e4n\u00e4 v\u00e4\u00e4r\u00e4 m\u00e4\u00e4r\u00e4 pelaajia ja peli ei toimi\u2026<\/p>\n\n\n\n<h3><strong>Voi ei \u2013 meid\u00e4n pit\u00e4\u00e4kin perua peli t\u00e4ll\u00e4 kertaa! Vai voiko peli\u00e4 siirt\u00e4\u00e4?<\/strong><\/h3>\n\n\n\n<p>Voit siirt\u00e4\u00e4 peli\u00e4 helposti ja ilman lis\u00e4kuluja. Ota yhteytt\u00e4 Tarinamestareihin mahdollisimman pian, niin sovitaan uudesta p\u00e4iv\u00e4m\u00e4\u00e4r\u00e4st\u00e4. Jos olet jo varannut juhlatilan, muistathan ottaa juhlatilan omistajaan yhteytt\u00e4 erikseen ja siirt\u00e4\u00e4 varaustasi heill\u00e4kin.<\/p>\n\n\n\n<p>Sinulla on oikeus peruuttaa peli ilman erityist\u00e4 syyt\u00e4 seuraavin ehdoin:<\/p>\n\n\n\n<ul><li>Mik\u00e4li tapahtuma perutaan v\u00e4hint\u00e4\u00e4n <strong>30<\/strong> vuorokautta ennen tapahtuman alkua, perimme toimituskuluina <strong>50<\/strong> \u20ac per yritys\/ryhm\u00e4.<\/li><li>Mik\u00e4li peruutus tapahtuu my\u00f6hemmin kuin <strong>30<\/strong> vuorokautta ennen tapahtumaa, perimme peruutuskuluina <strong>65 euroa per ryhm\u00e4.<\/strong><\/li><li>Jos peruutus tapahtuu my\u00f6hemmin kuin <strong>14<\/strong> vuorokautta ennen tapahtumaa mutta viimeist\u00e4\u00e4n <strong>48<\/strong> tuntia ennen tapahtumaa, perimme peruutuskuluina <strong>50 %<\/strong> tapahtuman hinnasta.<\/li><li>Jos peli perutaan my\u00f6hemmin kuin 48 tuntia ennen tapahtumaa, Tarinamestarit ry:ll\u00e4 on oikeus peri\u00e4 koko tapahtuman hinta.&nbsp;<\/li><\/ul>\n\n\n\n<h3><strong>Vakuutukset voimassa?<\/strong><\/h3>\n\n\n\n<p>Murhamysteeripeliss\u00e4 ei juuri liikuta kuin ruokap\u00f6yt\u00e4\u00e4n ja takaisin, mutta Tarinamestarien sopimusehtoihin kuuluu, ett\u00e4 tilaajalla ja osallistujilla tulee olla palveluntarjoajan tapahtumaan osallistuessaan voimassa oleva t\u00e4ysajan tai vapaa-ajan tapaturmavakuutus tai matkavakuutus. Tilaajan yhteyshenkil\u00f6n on tiedotettava t\u00e4st\u00e4 velvoitteesta kaikille osallistujille.<\/p>\n\n\n\n<h3><strong>Peliin aina selvin p\u00e4in \u2013 kiva pelihetki kaikille!<\/strong><\/h3>\n\n\n\n<p>Tarinamestarit ry:n peleihin ei oteta mukaan p\u00e4ihtyneit\u00e4. Pelin vet\u00e4j\u00e4ll\u00e4 on oikeus ev\u00e4t\u00e4 p\u00e4ihtyneelt\u00e4 asiakkaalta osallistuminen peliin.<\/p>\n\n\n\n<p>Pelin aikana tilaajalla on mahdollisuus tarjota valintansa mukaan alkoholijuomia esimerkiksi ruokajuomina. Isommat m\u00e4\u00e4r\u00e4t alkoholia kannattaa tarjoilla vasta pelin j\u00e4lkeen. Kaikki murhamysteeripelit vaativat keskittymist\u00e4, \u00e4\u00e4neen lukemista, aktiivista osallistumista ja p\u00e4\u00e4ttelykyky\u00e4: t\u00e4m\u00e4 onnistuu parhaiten selvin p\u00e4in.<\/p>\n\n\n\n<p>Tarinamestareilla on oikeus poistaa p\u00e4ihtynyt tai muuten h\u00e4iritsev\u00e4sti k\u00e4ytt\u00e4ytyv\u00e4 pelaaja pelist\u00e4 ja tapahtumapaikalta. Osallistumismaksua ei t\u00e4ll\u00f6in palauteta pelist\u00e4 poistetulle, ja koska murhamysteeripeli vaatii aina tietyn m\u00e4\u00e4r\u00e4n pelaajia, Tarinamestarit tarjoavat joukostaan sijaisen loppupelin ajaksi 50 euron korvausta vastaan.<\/p>\n\n\n\n<p><a href=\"https:\/\/www.tarinamestarit.fi\/index.php\/product\/murha-merirosvolaivalla-minimurhis\/\">P\u00e4\u00e4set tutustumaan minimurhispeliin t\u00e4\u00e4lt\u00e4.<\/a><\/p>\n","protected":false},"excerpt":{"rendered":"<p>Kiinnostaako minimurhis? Minimurhis on lyhenne minimurhamysteeripelist\u00e4. Minimurhis on tavallista murhamysteeripeli\u00e4 lyhyempi peli, joka kest\u00e4\u00e4 noin 2 tuntia. Minimurhikseen voi osallistua 8 &#8211; 9 pelaajaa. Minimurhista pelataan p\u00f6yd\u00e4n ymp\u00e4rill\u00e4 istuen. Kaikki pelaajat pukeutuvat roolinsa mukaisesti ja lukevat vuorosanoja pelivihkoistaan. Tarkoituksena on saada selville, kuka tai ketk\u00e4 p\u00f6yd\u00e4ss\u00e4 istujista ovat murhaajia. Peliin voi heitt\u00e4yty\u00e4 vapaasti \u2013 pelaaminen [&hellip;]<\/p>\n","protected":false},"author":3,"featured_media":0,"parent":0,"menu_order":0,"comment_status":"closed","ping_status":"closed","template":"","meta":[],"yoast_head":"<!-- This site is optimized with the Yoast SEO plugin v15.8 - https:\/\/yoast.com\/wordpress\/plugins\/seo\/ -->\n<title>Tietoa minimurhiksesta - Tietopaketti - Tarinamestarit<\/title>\n<meta name=\"description\" content=\"Minimurhis-tietopaketti! Kun tilaat meilt\u00e4 minimurhiksen, asiakaspalvelijamme soittaa sinulle ja aloittaa juhlien suunnittelun kanssasi.\" \/>\n<meta name=\"robots\" content=\"index, follow, max-snippet:-1, max-image-preview:large, max-video-preview:-1\" \/>\n<link rel=\"canonical\" href=\"https:\/\/www.tarinamestarit.fi\/index.php\/minimurhis-tietopaketti\/\" \/>\n<meta property=\"og:locale\" content=\"fi_FI\" \/>\n<meta property=\"og:type\" content=\"article\" \/>\n<meta property=\"og:title\" content=\"Tietoa minimurhiksesta - Tietopaketti - Tarinamestarit\" \/>\n<meta property=\"og:description\" content=\"Minimurhis-tietopaketti! Kun tilaat meilt\u00e4 minimurhiksen, asiakaspalvelijamme soittaa sinulle ja aloittaa juhlien suunnittelun kanssasi.\" \/>\n<meta property=\"og:url\" content=\"https:\/\/www.tarinamestarit.fi\/index.php\/minimurhis-tietopaketti\/\" \/>\n<meta property=\"og:site_name\" content=\"Tarinamestarit\" \/>\n<meta property=\"article:modified_time\" content=\"2021-07-08T06:53:50+00:00\" \/>\n<meta property=\"og:image\" content=\"http:\/\/www.tarinamestarit.fi\/wp-content\/uploads\/2021\/06\/Hyva-tietaa-linkki.jpg\" \/>\n<meta name=\"twitter:card\" content=\"summary_large_image\" \/>\n<meta name=\"twitter:label1\" content=\"Est. reading time\">\n\t<meta name=\"twitter:data1\" content=\"4 minuuttia\">\n<script type=\"application\/ld+json\" class=\"yoast-schema-graph\">{\"@context\":\"https:\/\/schema.org\",\"@graph\":[{\"@type\":\"WebSite\",\"@id\":\"https:\/\/www.tarinamestarit.fi\/#website\",\"url\":\"https:\/\/www.tarinamestarit.fi\/\",\"name\":\"Tarinamestarit\",\"description\":\"verkkokauppa\",\"potentialAction\":[{\"@type\":\"SearchAction\",\"target\":\"https:\/\/www.tarinamestarit.fi\/?s={search_term_string}\",\"query-input\":\"required name=search_term_string\"}],\"inLanguage\":\"fi\"},{\"@type\":\"ImageObject\",\"@id\":\"https:\/\/www.tarinamestarit.fi\/index.php\/minimurhis-tietopaketti\/#primaryimage\",\"inLanguage\":\"fi\",\"url\":\"http:\/\/www.tarinamestarit.fi\/wp-content\/uploads\/2021\/06\/Hyva-tietaa-linkki.jpg\"},{\"@type\":\"WebPage\",\"@id\":\"https:\/\/www.tarinamestarit.fi\/index.php\/minimurhis-tietopaketti\/#webpage\",\"url\":\"https:\/\/www.tarinamestarit.fi\/index.php\/minimurhis-tietopaketti\/\",\"name\":\"Tietoa minimurhiksesta - Tietopaketti - Tarinamestarit\",\"isPartOf\":{\"@id\":\"https:\/\/www.tarinamestarit.fi\/#website\"},\"primaryImageOfPage\":{\"@id\":\"https:\/\/www.tarinamestarit.fi\/index.php\/minimurhis-tietopaketti\/#primaryimage\"},\"datePublished\":\"2021-04-14T17:59:24+00:00\",\"dateModified\":\"2021-07-08T06:53:50+00:00\",\"description\":\"Minimurhis-tietopaketti! Kun tilaat meilt\\u00e4 minimurhiksen, asiakaspalvelijamme soittaa sinulle ja aloittaa juhlien suunnittelun kanssasi.\",\"breadcrumb\":{\"@id\":\"https:\/\/www.tarinamestarit.fi\/index.php\/minimurhis-tietopaketti\/#breadcrumb\"},\"inLanguage\":\"fi\",\"potentialAction\":[{\"@type\":\"ReadAction\",\"target\":[\"https:\/\/www.tarinamestarit.fi\/index.php\/minimurhis-tietopaketti\/\"]}]},{\"@type\":\"BreadcrumbList\",\"@id\":\"https:\/\/www.tarinamestarit.fi\/index.php\/minimurhis-tietopaketti\/#breadcrumb\",\"itemListElement\":[{\"@type\":\"ListItem\",\"position\":1,\"item\":{\"@type\":\"WebPage\",\"@id\":\"https:\/\/www.tarinamestarit.fi\/\",\"url\":\"https:\/\/www.tarinamestarit.fi\/\",\"name\":\"Home\"}},{\"@type\":\"ListItem\",\"position\":2,\"item\":{\"@type\":\"WebPage\",\"@id\":\"https:\/\/www.tarinamestarit.fi\/index.php\/minimurhis-tietopaketti\/\",\"url\":\"https:\/\/www.tarinamestarit.fi\/index.php\/minimurhis-tietopaketti\/\",\"name\":\"Tietoa minimurhiksesta\"}}]}]}<\/script>\n<!-- \/ Yoast SEO plugin. -->","_links":{"self":[{"href":"https:\/\/www.tarinamestarit.fi\/index.php\/wp-json\/wp\/v2\/pages\/282"}],"collection":[{"href":"https:\/\/www.tarinamestarit.fi\/index.php\/wp-json\/wp\/v2\/pages"}],"about":[{"href":"https:\/\/www.tarinamestarit.fi\/index.php\/wp-json\/wp\/v2\/types\/page"}],"author":[{"embeddable":true,"href":"https:\/\/www.tarinamestarit.fi\/index.php\/wp-json\/wp\/v2\/users\/3"}],"replies":[{"embeddable":true,"href":"https:\/\/www.tarinamestarit.fi\/index.php\/wp-json\/wp\/v2\/comments?post=282"}],"version-history":[{"count":12,"href":"https:\/\/www.tarinamestarit.fi\/index.php\/wp-json\/wp\/v2\/pages\/282\/revisions"}],"predecessor-version":[{"id":884,"href":"https:\/\/www.tarinamestarit.fi\/index.php\/wp-json\/wp\/v2\/pages\/282\/revisions\/884"}],"wp:attachment":[{"href":"https:\/\/www.tarinamestarit.fi\/index.php\/wp-json\/wp\/v2\/media?parent=282"}],"curies":[{"name":"wp","href":"https:\/\/api.w.org\/{rel}","templated":true}]}}