{"id":205,"date":"2021-03-25T11:59:55","date_gmt":"2021-03-25T11:59:55","guid":{"rendered":"http:\/\/www.tarinamestarit.fi\/?page_id=205"},"modified":"2021-07-05T18:41:48","modified_gmt":"2021-07-05T18:41:48","slug":"tilaajalle","status":"publish","type":"page","link":"https:\/\/www.tarinamestarit.fi\/index.php\/tilaajalle\/","title":{"rendered":"Tilaajalle"},"content":{"rendered":"\n<figure class=\"wp-block-image size-large\"><img loading=\"lazy\" width=\"914\" height=\"294\" src=\"https:\/\/www.tarinamestarit.fi\/wp-content\/uploads\/2021\/04\/tietopaketti.png\" alt=\"tietopaketti\" class=\"wp-image-359\" srcset=\"https:\/\/www.tarinamestarit.fi\/wp-content\/uploads\/2021\/04\/tietopaketti.png 914w, https:\/\/www.tarinamestarit.fi\/wp-content\/uploads\/2021\/04\/tietopaketti-300x96.png 300w, https:\/\/www.tarinamestarit.fi\/wp-content\/uploads\/2021\/04\/tietopaketti-768x247.png 768w, https:\/\/www.tarinamestarit.fi\/wp-content\/uploads\/2021\/04\/tietopaketti-555x179.png 555w\" sizes=\"(max-width: 914px) 100vw, 914px\" \/><\/figure>\n\n\n\n<h2>Tietopaketti pelin ostajalle<\/h2>\n\n\n\n<p><\/p>\n\n\n\n<p>Ennen pelin tilaamista suosittelemme tutustumaan <a href=\"\/verkkokauppa\/index.php\/kaytannon-jarjestelyn-vinkkeja-pelin-tilaajalle\/\">pelin ostajan tietopakettiin<\/a>. Tutustumalla n\u00e4ihin saat onnistuneen osto- ja pelikokemuksen. <\/p>\n\n\n\n<h2>Pelityypit<\/h2>\n\n\n\n<figure class=\"wp-block-gallery columns-3 is-cropped\"><ul class=\"blocks-gallery-grid\"><li class=\"blocks-gallery-item\"><figure><a href=\"\/verkkokauppa\/index.php\/tarinallinen-toimintapelit-saannot\/\"><img src=\"https:\/\/www.tarinamestarit.fi\/wp-content\/uploads\/2021\/03\/tarinapelit.jpg\" alt=\"\" data-id=\"204\" data-full-url=\"https:\/\/www.tarinamestarit.fi\/wp-content\/uploads\/2021\/03\/tarinapelit.jpg\" data-link=\"https:\/\/www.tarinamestarit.fi\/tarinapelit\/\" class=\"wp-image-204\"><\/a><\/figure><\/li><li class=\"blocks-gallery-item\"><figure><a href=\"\/verkkokauppa\/index.php\/131-2\/\"><img src=\"https:\/\/www.tarinamestarit.fi\/wp-content\/uploads\/2021\/03\/arvoituspelit.jpg\" alt=\"\" data-id=\"202\" data-full-url=\"https:\/\/www.tarinamestarit.fi\/wp-content\/uploads\/2021\/03\/arvoituspelit.jpg\" data-link=\"https:\/\/www.tarinamestarit.fi\/arvoituspelit\/\" class=\"wp-image-204\"><\/a><\/figure><\/li><li class=\"blocks-gallery-item\"><figure><a href=\"\/verkkokauppa\/index.php\/murhapaivallispelin-saantoja\/\"><img src=\"https:\/\/www.tarinamestarit.fi\/wp-content\/uploads\/2021\/03\/murhapelit.jpg\" alt=\"\" data-id=\"200\" data-full-url=\"https:\/\/www.tarinamestarit.fi\/wp-content\/uploads\/2021\/03\/murhapelit.jpg\" data-link=\"https:\/\/www.tarinamestarit.fi\/murhapelit\/\" class=\"wp-image-204\"><\/a><\/figure><\/li><\/ul><\/figure>\n\n\n\n<p>Meill\u00e4 on tarjolla kolme erilaista pelityyppi\u00e4. N\u00e4ist\u00e4 pelityypeist\u00e4 l\u00f6ytyy my\u00f6s mini-versioita, eli peli on normaalia peli\u00e4 hieman suppeampi kooltaan. Kuvia klikkaamalla p\u00e4\u00e4set tutustumaan pelien ohjeistuksiin. <\/p>\n\n\n\n<p>Arvoituspelit ovat nimens\u00e4 mukaan arvoituspelej\u00e4 joissa jokainen voi osallistua peliin omana itsen\u00e4\u00e4n. Murhapeleiss\u00e4 taas jokaiselle pelaajalle on rooli jossa tulee pysy\u00e4 koko pelin ajan, my\u00f6s tauolla. Tarinallisissa peleiss\u00e4 on tarjolla roolitonta ja roolillista vaihtoehtoa. <\/p>\n\n\n\n<h2>Kysytt\u00e4v\u00e4\u00e4?<\/h2>\n\n\n\n<p>Jos kuitenkin j\u00e4i sormi suuhun ja et saanut vastausta kaipaamaasi kysymykseen verkkosivuiltamme. Voit olla yhteydess\u00e4 Tarinamestareihin.<\/p>\n\n\n\n<p>puh. 040 1234 567 <br>joku yleinen s\u00e4hk\u00f6posti @tarinamestarit.domain<br>henkil\u00f6kunta1 @tarinamestarit.domain<br>henkil\u00f6kunta2 @tarinamestarit.domain<br>henkil\u00f6kunta3 @tarinamestarit.domain<\/p>\n\n\n\n<p>Vastaamme s\u00e4hk\u00f6posteihin X ajan sis\u00e4ll\u00e4 ja puheluihin vastaamme  X v\u00e4lisell\u00e4 ajalla. <\/p>\n\n\n\n<p>sana sana sana sana sana sana sana sanasana sana sana sanasana sana sana sanasana sana sana sanasana sana sana sanasana sana sana sanasana sana sana sanasana sana sana sanasana sana sana sanasana sana sana sanasana sana sana sanasana sana sana sanasana sana sana sanasana sana sana sanasana sana sana sanasana sana sana sanasana sana sana sanasana sana sana sanasana sana sana sanasana sana sana sanasana sana sana sanasana sana sana sanasana sana sana sanasana sana sana sanasana sana sana sanasana sana sana sanasana sana sana sanasana sana sana sanasana sana sana sana<\/p>\n","protected":false},"excerpt":{"rendered":"<p>Tietopaketti pelin ostajalle Ennen pelin tilaamista suosittelemme tutustumaan pelin ostajan tietopakettiin. Tutustumalla n\u00e4ihin saat onnistuneen osto- ja pelikokemuksen. Pelityypit Meill\u00e4 on tarjolla kolme erilaista pelityyppi\u00e4. N\u00e4ist\u00e4 pelityypeist\u00e4 l\u00f6ytyy my\u00f6s mini-versioita, eli peli on normaalia peli\u00e4 hieman suppeampi kooltaan. Kuvia klikkaamalla p\u00e4\u00e4set tutustumaan pelien ohjeistuksiin. Arvoituspelit ovat nimens\u00e4 mukaan arvoituspelej\u00e4 joissa jokainen voi osallistua peliin omana [&hellip;]<\/p>\n","protected":false},"author":2,"featured_media":0,"parent":0,"menu_order":0,"comment_status":"closed","ping_status":"closed","template":"","meta":[],"yoast_head":"<!-- This site is optimized with the Yoast SEO plugin v15.8 - https:\/\/yoast.com\/wordpress\/plugins\/seo\/ -->\n<title>Tilaajalle - Tarinamestarit<\/title>\n<meta name=\"description\" content=\"Tietopaketti Tarinamestareiden pelien ostajalle. N\u00e4ihin on hyv\u00e4 tutustua ennen pelin tilaamista.\" \/>\n<meta name=\"robots\" content=\"index, follow, max-snippet:-1, max-image-preview:large, max-video-preview:-1\" \/>\n<link rel=\"canonical\" href=\"https:\/\/www.tarinamestarit.fi\/index.php\/tilaajalle\/\" \/>\n<meta property=\"og:locale\" content=\"fi_FI\" \/>\n<meta property=\"og:type\" content=\"article\" \/>\n<meta property=\"og:title\" content=\"Tilaajalle - Tarinamestarit\" \/>\n<meta property=\"og:description\" content=\"Tietopaketti Tarinamestareiden pelien ostajalle. N\u00e4ihin on hyv\u00e4 tutustua ennen pelin tilaamista.\" \/>\n<meta property=\"og:url\" content=\"https:\/\/www.tarinamestarit.fi\/index.php\/tilaajalle\/\" \/>\n<meta property=\"og:site_name\" content=\"Tarinamestarit\" \/>\n<meta property=\"article:modified_time\" content=\"2021-07-05T18:41:48+00:00\" \/>\n<meta property=\"og:image\" content=\"http:\/\/www.tarinamestarit.fi\/wp-content\/uploads\/2021\/04\/tietopaketti.png\" \/>\n<meta name=\"twitter:card\" content=\"summary_large_image\" \/>\n<meta name=\"twitter:label1\" content=\"Est. reading time\">\n\t<meta name=\"twitter:data1\" content=\"2 minuuttia\">\n<script type=\"application\/ld+json\" class=\"yoast-schema-graph\">{\"@context\":\"https:\/\/schema.org\",\"@graph\":[{\"@type\":\"WebSite\",\"@id\":\"https:\/\/www.tarinamestarit.fi\/#website\",\"url\":\"https:\/\/www.tarinamestarit.fi\/\",\"name\":\"Tarinamestarit\",\"description\":\"verkkokauppa\",\"potentialAction\":[{\"@type\":\"SearchAction\",\"target\":\"https:\/\/www.tarinamestarit.fi\/?s={search_term_string}\",\"query-input\":\"required name=search_term_string\"}],\"inLanguage\":\"fi\"},{\"@type\":\"ImageObject\",\"@id\":\"https:\/\/www.tarinamestarit.fi\/index.php\/tilaajalle\/#primaryimage\",\"inLanguage\":\"fi\",\"url\":\"http:\/\/www.tarinamestarit.fi\/wp-content\/uploads\/2021\/04\/tietopaketti.png\"},{\"@type\":\"WebPage\",\"@id\":\"https:\/\/www.tarinamestarit.fi\/index.php\/tilaajalle\/#webpage\",\"url\":\"https:\/\/www.tarinamestarit.fi\/index.php\/tilaajalle\/\",\"name\":\"Tilaajalle - Tarinamestarit\",\"isPartOf\":{\"@id\":\"https:\/\/www.tarinamestarit.fi\/#website\"},\"primaryImageOfPage\":{\"@id\":\"https:\/\/www.tarinamestarit.fi\/index.php\/tilaajalle\/#primaryimage\"},\"datePublished\":\"2021-03-25T11:59:55+00:00\",\"dateModified\":\"2021-07-05T18:41:48+00:00\",\"description\":\"Tietopaketti Tarinamestareiden pelien ostajalle. N\\u00e4ihin on hyv\\u00e4 tutustua ennen pelin tilaamista.\",\"breadcrumb\":{\"@id\":\"https:\/\/www.tarinamestarit.fi\/index.php\/tilaajalle\/#breadcrumb\"},\"inLanguage\":\"fi\",\"potentialAction\":[{\"@type\":\"ReadAction\",\"target\":[\"https:\/\/www.tarinamestarit.fi\/index.php\/tilaajalle\/\"]}]},{\"@type\":\"BreadcrumbList\",\"@id\":\"https:\/\/www.tarinamestarit.fi\/index.php\/tilaajalle\/#breadcrumb\",\"itemListElement\":[{\"@type\":\"ListItem\",\"position\":1,\"item\":{\"@type\":\"WebPage\",\"@id\":\"https:\/\/www.tarinamestarit.fi\/\",\"url\":\"https:\/\/www.tarinamestarit.fi\/\",\"name\":\"Home\"}},{\"@type\":\"ListItem\",\"position\":2,\"item\":{\"@type\":\"WebPage\",\"@id\":\"https:\/\/www.tarinamestarit.fi\/index.php\/tilaajalle\/\",\"url\":\"https:\/\/www.tarinamestarit.fi\/index.php\/tilaajalle\/\",\"name\":\"Tilaajalle\"}}]}]}<\/script>\n<!-- \/ Yoast SEO plugin. -->","_links":{"self":[{"href":"https:\/\/www.tarinamestarit.fi\/index.php\/wp-json\/wp\/v2\/pages\/205"}],"collection":[{"href":"https:\/\/www.tarinamestarit.fi\/index.php\/wp-json\/wp\/v2\/pages"}],"about":[{"href":"https:\/\/www.tarinamestarit.fi\/index.php\/wp-json\/wp\/v2\/types\/page"}],"author":[{"embeddable":true,"href":"https:\/\/www.tarinamestarit.fi\/index.php\/wp-json\/wp\/v2\/users\/2"}],"replies":[{"embeddable":true,"href":"https:\/\/www.tarinamestarit.fi\/index.php\/wp-json\/wp\/v2\/comments?post=205"}],"version-history":[{"count":17,"href":"https:\/\/www.tarinamestarit.fi\/index.php\/wp-json\/wp\/v2\/pages\/205\/revisions"}],"predecessor-version":[{"id":793,"href":"https:\/\/www.tarinamestarit.fi\/index.php\/wp-json\/wp\/v2\/pages\/205\/revisions\/793"}],"wp:attachment":[{"href":"https:\/\/www.tarinamestarit.fi\/index.php\/wp-json\/wp\/v2\/media?parent=205"}],"curies":[{"name":"wp","href":"https:\/\/api.w.org\/{rel}","templated":true}]}}