{"id":16,"date":"2021-01-28T18:51:23","date_gmt":"2021-01-28T18:51:23","guid":{"rendered":"http:\/\/10.222.28.100\/verkkokauppa\/?page_id=16"},"modified":"2021-10-03T08:53:05","modified_gmt":"2021-10-03T08:53:05","slug":"test","status":"publish","type":"page","link":"https:\/\/www.tarinamestarit.fi\/index.php\/test\/","title":{"rendered":"Tarinamestarit"},"content":{"rendered":"\n<h2>Tervetuloa tarinoiden ja pelien maailmaan!<\/h2>\n\n\n\n<p>Tarinamestarit ry on pohjoissatakuntalainen kulttuuriyhdistys, joka tarjoaa el\u00e4myksellisi\u00e4 pelej\u00e4 l\u00e4hialueiden asukkaille. Kotipaikkakuntamme on Kankaanp\u00e4\u00e4. Olemme pieni mutta toimelias yhdistys, joka uskoo tarinoiden voimaan, yhdess\u00e4 vietettyjen hetkien arvokkuuteen ja yhdess\u00e4 tekemisen riemuun.<\/p>\n\n\n\n<p>Tarinamestareiden mukana p\u00e4\u00e4set etsim\u00e4\u00e4n murhaajaa j\u00e4nnitt\u00e4ville murhamysteerip\u00e4iv\u00e4llisille, etsim\u00e4\u00e4n aarretta aktiivisissa, tarinallisissa toimintapeleiss\u00e4 ja ratkomaan mit\u00e4 mielenkiintoisimpia aivop\u00e4hkin\u00f6it\u00e4 arvoitushuonepeleiss\u00e4. K\u00e4sikirjoitamme tarinat ja suunnittelemme pelit itse &#8211; kyseess\u00e4 on joka kerta ainutlaatuinen kokemus. Ker\u00e4\u00e4 siis mieleisesi porukka ja tule mukaan!<\/p>\n\n\n\n<p>Tarinamestarien pelit ovat hauskimmillaan, kun niit\u00e4 pelataan hyv\u00e4ss\u00e4 ty\u00f6-, sukulais- tai kaveriporukassa. Pelit sopivat erinomaisesti my\u00f6s tykyp\u00e4iviin, polttareihin, pikkujouluihin, erilaisiin illanviettoihin sek\u00e4 kevent\u00e4v\u00e4ksi osuudeksi esimerkiksi kokousp\u00e4iviin. Valitse julkinen tila, jossa pid\u00e4t juhlat, niin Tarinamestarit tuovat pelin luoksesi. <\/p>\n\n\n\n<p><a href=\"https:\/\/ksamk-my.sharepoint.com\/personal\/banto003_edu_xamk_fi\/_layouts\/15\/onedrive.aspx?id=%2Fpersonal%2Fbanto003%5Fedu%5Fxamk%5Ffi%2FDocuments%2FTarulle%2FTarun%20video%20valmis%2Emp4&amp;parent=%2Fpersonal%2Fbanto003%5Fedu%5Fxamk%5Ffi%2FDocuments%2FTarulle&amp;originalPath=aHR0cHM6Ly9rc2Ftay1teS5zaGFyZXBvaW50LmNvbS86djovZy9wZXJzb25hbC9iYW50bzAwM19lZHVfeGFta19maS9FU2ZKcGp2S2tTVkFpRzhmMldQeXRjQUJ6Nk52WmJrcVBrVTZ4MEkzemIwQTN3P3J0aW1lPTRnU3NZVXFHMlVn\">Katso Tarinamestareiden video<\/a><\/p>\n\n\n\n<p>Yhteisty\u00f6kumppaneitamme ovat muun muassa:<\/p>\n\n\n\n<ul><li><a href=\"https:\/\/www.facebook.com\/meggalaoy\/\">Meggala<\/a><\/li><li><a href=\"http:\/\/www.kahvilapostelli.fi\/\">Postelli<\/a><\/li><li><a href=\"https:\/\/honkosafarit.fi\/\">Punainen tupa<\/a><\/li><li><a href=\"http:\/\/www.lumiainen.fi\/ravintola-face\">Ravintola Face<\/a><\/li><\/ul>\n\n\n\n<p><\/p>\n\n\n\n<p>Tutustu pelitarjontaamme ja tilaa el\u00e4myksellinen peli Tarinamestareilta. <\/p>\n","protected":false},"excerpt":{"rendered":"<p>Tervetuloa tarinoiden ja pelien maailmaan! Tarinamestarit ry on pohjoissatakuntalainen kulttuuriyhdistys, joka tarjoaa el\u00e4myksellisi\u00e4 pelej\u00e4 l\u00e4hialueiden asukkaille. Kotipaikkakuntamme on Kankaanp\u00e4\u00e4. Olemme pieni mutta toimelias yhdistys, joka uskoo tarinoiden voimaan, yhdess\u00e4 vietettyjen hetkien arvokkuuteen ja yhdess\u00e4 tekemisen riemuun. Tarinamestareiden mukana p\u00e4\u00e4set etsim\u00e4\u00e4n murhaajaa j\u00e4nnitt\u00e4ville murhamysteerip\u00e4iv\u00e4llisille, etsim\u00e4\u00e4n aarretta aktiivisissa, tarinallisissa toimintapeleiss\u00e4 ja ratkomaan mit\u00e4 mielenkiintoisimpia aivop\u00e4hkin\u00f6it\u00e4 arvoitushuonepeleiss\u00e4. K\u00e4sikirjoitamme [&hellip;]<\/p>\n","protected":false},"author":3,"featured_media":0,"parent":0,"menu_order":0,"comment_status":"closed","ping_status":"closed","template":"","meta":[],"yoast_head":"<!-- This site is optimized with the Yoast SEO plugin v15.8 - https:\/\/yoast.com\/wordpress\/plugins\/seo\/ -->\n<title>Tarinamestarit - Tarinamestarit<\/title>\n<meta name=\"robots\" content=\"index, follow, max-snippet:-1, max-image-preview:large, max-video-preview:-1\" \/>\n<link rel=\"canonical\" href=\"https:\/\/www.tarinamestarit.fi\/index.php\/test\/\" \/>\n<meta property=\"og:locale\" content=\"fi_FI\" \/>\n<meta property=\"og:type\" content=\"article\" \/>\n<meta property=\"og:title\" content=\"Tarinamestarit - Tarinamestarit\" \/>\n<meta property=\"og:description\" content=\"Tervetuloa tarinoiden ja pelien maailmaan! Tarinamestarit ry on pohjoissatakuntalainen kulttuuriyhdistys, joka tarjoaa el\u00e4myksellisi\u00e4 pelej\u00e4 l\u00e4hialueiden asukkaille. Kotipaikkakuntamme on Kankaanp\u00e4\u00e4. Olemme pieni mutta toimelias yhdistys, joka uskoo tarinoiden voimaan, yhdess\u00e4 vietettyjen hetkien arvokkuuteen ja yhdess\u00e4 tekemisen riemuun. Tarinamestareiden mukana p\u00e4\u00e4set etsim\u00e4\u00e4n murhaajaa j\u00e4nnitt\u00e4ville murhamysteerip\u00e4iv\u00e4llisille, etsim\u00e4\u00e4n aarretta aktiivisissa, tarinallisissa toimintapeleiss\u00e4 ja ratkomaan mit\u00e4 mielenkiintoisimpia aivop\u00e4hkin\u00f6it\u00e4 arvoitushuonepeleiss\u00e4. K\u00e4sikirjoitamme [&hellip;]\" \/>\n<meta property=\"og:url\" content=\"https:\/\/www.tarinamestarit.fi\/index.php\/test\/\" \/>\n<meta property=\"og:site_name\" content=\"Tarinamestarit\" \/>\n<meta property=\"article:modified_time\" content=\"2021-10-03T08:53:05+00:00\" \/>\n<meta name=\"twitter:card\" content=\"summary_large_image\" \/>\n<meta name=\"twitter:label1\" content=\"Est. reading time\">\n\t<meta name=\"twitter:data1\" content=\"1 minuutti\">\n<script type=\"application\/ld+json\" class=\"yoast-schema-graph\">{\"@context\":\"https:\/\/schema.org\",\"@graph\":[{\"@type\":\"WebSite\",\"@id\":\"https:\/\/www.tarinamestarit.fi\/#website\",\"url\":\"https:\/\/www.tarinamestarit.fi\/\",\"name\":\"Tarinamestarit\",\"description\":\"verkkokauppa\",\"potentialAction\":[{\"@type\":\"SearchAction\",\"target\":\"https:\/\/www.tarinamestarit.fi\/?s={search_term_string}\",\"query-input\":\"required name=search_term_string\"}],\"inLanguage\":\"fi\"},{\"@type\":\"WebPage\",\"@id\":\"https:\/\/www.tarinamestarit.fi\/index.php\/test\/#webpage\",\"url\":\"https:\/\/www.tarinamestarit.fi\/index.php\/test\/\",\"name\":\"Tarinamestarit - Tarinamestarit\",\"isPartOf\":{\"@id\":\"https:\/\/www.tarinamestarit.fi\/#website\"},\"datePublished\":\"2021-01-28T18:51:23+00:00\",\"dateModified\":\"2021-10-03T08:53:05+00:00\",\"breadcrumb\":{\"@id\":\"https:\/\/www.tarinamestarit.fi\/index.php\/test\/#breadcrumb\"},\"inLanguage\":\"fi\",\"potentialAction\":[{\"@type\":\"ReadAction\",\"target\":[\"https:\/\/www.tarinamestarit.fi\/index.php\/test\/\"]}]},{\"@type\":\"BreadcrumbList\",\"@id\":\"https:\/\/www.tarinamestarit.fi\/index.php\/test\/#breadcrumb\",\"itemListElement\":[{\"@type\":\"ListItem\",\"position\":1,\"item\":{\"@type\":\"WebPage\",\"@id\":\"https:\/\/www.tarinamestarit.fi\/\",\"url\":\"https:\/\/www.tarinamestarit.fi\/\",\"name\":\"Home\"}},{\"@type\":\"ListItem\",\"position\":2,\"item\":{\"@type\":\"WebPage\",\"@id\":\"https:\/\/www.tarinamestarit.fi\/index.php\/test\/\",\"url\":\"https:\/\/www.tarinamestarit.fi\/index.php\/test\/\",\"name\":\"Tarinamestarit\"}}]}]}<\/script>\n<!-- \/ Yoast SEO plugin. -->","_links":{"self":[{"href":"https:\/\/www.tarinamestarit.fi\/index.php\/wp-json\/wp\/v2\/pages\/16"}],"collection":[{"href":"https:\/\/www.tarinamestarit.fi\/index.php\/wp-json\/wp\/v2\/pages"}],"about":[{"href":"https:\/\/www.tarinamestarit.fi\/index.php\/wp-json\/wp\/v2\/types\/page"}],"author":[{"embeddable":true,"href":"https:\/\/www.tarinamestarit.fi\/index.php\/wp-json\/wp\/v2\/users\/3"}],"replies":[{"embeddable":true,"href":"https:\/\/www.tarinamestarit.fi\/index.php\/wp-json\/wp\/v2\/comments?post=16"}],"version-history":[{"count":11,"href":"https:\/\/www.tarinamestarit.fi\/index.php\/wp-json\/wp\/v2\/pages\/16\/revisions"}],"predecessor-version":[{"id":916,"href":"https:\/\/www.tarinamestarit.fi\/index.php\/wp-json\/wp\/v2\/pages\/16\/revisions\/916"}],"wp:attachment":[{"href":"https:\/\/www.tarinamestarit.fi\/index.php\/wp-json\/wp\/v2\/media?parent=16"}],"curies":[{"name":"wp","href":"https:\/\/api.w.org\/{rel}","templated":true}]}}