{"id":131,"date":"2021-03-04T19:12:41","date_gmt":"2021-03-04T19:12:41","guid":{"rendered":"http:\/\/www.tarinamestarit.fi\/?page_id=131"},"modified":"2021-07-08T07:22:46","modified_gmt":"2021-07-08T07:22:46","slug":"131-2","status":"publish","type":"page","link":"https:\/\/www.tarinamestarit.fi\/index.php\/131-2\/","title":{"rendered":"Tietoa arvoitushuonepelist\u00e4"},"content":{"rendered":"\n<figure class=\"wp-block-image size-large\"><img loading=\"lazy\" width=\"518\" height=\"188\" src=\"https:\/\/www.tarinamestarit.fi\/wp-content\/uploads\/2021\/06\/Hyva-tietaa-linkki.jpg\" alt=\"\" class=\"wp-image-819\" srcset=\"https:\/\/www.tarinamestarit.fi\/wp-content\/uploads\/2021\/06\/Hyva-tietaa-linkki.jpg 518w, https:\/\/www.tarinamestarit.fi\/wp-content\/uploads\/2021\/06\/Hyva-tietaa-linkki-300x109.jpg 300w\" sizes=\"(max-width: 518px) 100vw, 518px\" \/><\/figure>\n\n\n\n<h2><strong>Arvoitushuonepeli<\/strong><\/h2>\n\n\n\n<p>Arvoitushuonepeli on melkein kuin pakohuonepeli: aikaa on vain k\u00e4ytett\u00e4viss\u00e4 enemm\u00e4n, ei tarvitse paeta mist\u00e4\u00e4n ja arvoitushuone itsess\u00e4\u00e4n on t\u00e4ysin liikuteltavissa paikasta toiseen. Arvoitushuone ei ole kiinte\u00e4 rakennelma, vaan se voidaan rakentaa melkeinp\u00e4 mihin tahansa asiakkaan toivomaan julkiseen tilaan.<\/p>\n\n\n\n<p>Arvoitushuonepeli kest\u00e4\u00e4 noin 2 tuntia. Arvoitushuonepeli\u00e4 pelataan joukkueittain. Yleens\u00e4 joukkueeseen kuuluu 1\u20133 pelaajaa. Joukkueiden m\u00e4\u00e4r\u00e4 riippuu pelaajien m\u00e4\u00e4r\u00e4st\u00e4 ja pelin luonteesta. Useimpiin arvoitushuonepeleihin mahtuu 1\u201320 pelaajaa, riippuen tietysti siit\u00e4kin, miss\u00e4 peli j\u00e4rjestet\u00e4\u00e4n.<\/p>\n\n\n\n<p>Arvoitushuonepelin voi tilata esimerkiksi kaveri-, ty\u00f6kaveri- tai sukulaisporukalle johonkin julkiseen tilaan. Arvoitushuonepeli sopii my\u00f6s hyvin ohjelmaksi muun muassa tykyp\u00e4iv\u00e4\u00e4n, kokouksiin, polttareihin, pikkujouluihin, luokkakokouksiin tai erilaisiin illanviettoihin. Arjen stressi unohtuu takuulla, kun l\u00e4htee porukalla mets\u00e4st\u00e4m\u00e4\u00e4n ratkaisua Tarinamestarien kieroihin mutta hauskoihin arvoituksiin!<\/p>\n\n\n\n<p>Arvoitushuonepeliss\u00e4 huoneeseen on k\u00e4tketty arvoitus, johon voi l\u00f6yt\u00e4\u00e4 vastauksen ratkaisemalla kuuden tai seitsem\u00e4n aivop\u00e4hkin\u00e4n ketjun. Pelin voittaa, jos selvi\u00e4\u00e4 t\u00e4m\u00e4n esteradan l\u00e4pi ja l\u00f6yt\u00e4\u00e4 vastauksen pelin alussa annettuun kysymykseen. <\/p>\n\n\n\n<p>Tarinamestarit ry toimii Pohjois-Satakunnassa Kankaanp\u00e4\u00e4ss\u00e4 ja sen l\u00e4hialueilla. J\u00e4rjest\u00e4mme pelej\u00e4 ainoastaan julkisissa tiloissa, kuten esimerkiksi juhlapaikoissa, kyl\u00e4taloissa, kahviloissa tai ravintoloissa. Kankaanp\u00e4\u00e4ss\u00e4 yhteisty\u00f6kumppaneitamme ovat muun muassa:<\/p>\n\n\n\n<p><a href=\"https:\/\/honkosafarit.fi\/\">Punainen tupa<\/a><\/p>\n\n\n\n<p><a href=\"http:\/\/www.viinitilameggala.fi\/\">Meggala<\/a><\/p>\n\n\n\n<p><a href=\"https:\/\/www.kahvilapostelli.fi\/\">Postelli<\/a><\/p>\n\n\n\n<p><a href=\"http:\/\/www.lumiainen.fi\/yhteystiedot\">Lumiainen<\/a><\/p>\n\n\n\n<p><\/p>\n\n\n\n<p><strong>Liikulteltava pakohuone \u2013 miten se toimii?<\/strong><\/p>\n\n\n\n<p>Me tuomme sovittuun paikkaan pelin, sin\u00e4 tuot pelaaajat.<\/p>\n\n\n\n<p>Jos et ole j\u00e4rjest\u00e4m\u00e4ss\u00e4 tilaisuutta (kokousta, tyky\u00e4, tms.), vaan ihan vain haluat pelata pari tuntia hyv\u00e4ll\u00e4 porukalla, suosittelemme yll\u00e4 mainittujen yhteisty\u00f6kumppaniemme tiloja. Valitse listasta se, joka parhaiten sinulle sopii. Tilan vuokra noin kahdeksi tunniksi sis\u00e4ltyy tuolloin arvoitushuonepelin hintaan ja neuvottelemme tilan vuokraajan kanssa puolestasi. Voimme toki j\u00e4rjest\u00e4\u00e4 pelin my\u00f6s muussa julkisessa tilassa, mutta t\u00e4ll\u00f6in tilanvuokra ei sis\u00e4lly pelin hintaan ja sinun tulee itse neuvotella tilan vuokraajan kanssa.<\/p>\n\n\n\n<p>Jos olet jo varannut julkisen tilan esim. kokousta varten, tuomme pelin paikalle toivomanasi ajankohtana. Kun tilaat Tarinamestareilta pelin, tarkistamme, ett\u00e4 toivomasi peli on vapaana kokousp\u00e4iv\u00e4n\u00e4 ja neuvottelemme kanssasi siit\u00e4, mihin kohtaan p\u00e4iv\u00e4\u00e4 haluat pelin sijoittaa. Tilan vuokra ei sis\u00e4lly pelin hintaan, koska kyseess\u00e4 on tilan pitempiaikainen vuokraaminen.  <\/p>\n\n\n\n<p><\/p>\n\n\n\n<p><strong>Kutsut \u2013 t\u00e4st\u00e4 peli alkaa!<\/strong><\/p>\n\n\n\n<p>Kun olet tilannut ja maksanut pelin, Tarinamestarit ry l\u00e4hett\u00e4\u00e4 sinulle kutsun arvoitushuonepeliin s\u00e4hk\u00f6postitse. Tilaajana sinun teht\u00e4v\u00e4ksesi j\u00e4\u00e4 jakaa kutsut muille pelaajille. Kutsun mukana tulee my\u00f6s peliohje, joka sis\u00e4lt\u00e4\u00e4 pelin s\u00e4\u00e4nn\u00f6t sek\u00e4 hyvi\u00e4 vinkkej\u00e4, joita hy\u00f6dynt\u00e4\u00e4 pelin aikana.<\/p>\n\n\n\n<p><\/p>\n\n\n\n<p><strong>Mit\u00e4, jos joku ei p\u00e4\u00e4sek\u00e4\u00e4n tulemaan?<\/strong><\/p>\n\n\n\n<p>Me rakennamme arvoitushuoneen joko pienemm\u00e4lle tai isommalle m\u00e4\u00e4r\u00e4lle pelaajia ja my\u00f6s pelin hinta riippuu pelaajien m\u00e4\u00e4r\u00e4st\u00e4. Jos haluat muuttaa pelaajien m\u00e4\u00e4r\u00e4\u00e4, sinun tulee tehd\u00e4 se viimeist\u00e4\u00e4n 5 p\u00e4iv\u00e4\u00e4 ennen pelip\u00e4iv\u00e4\u00e4. Sen j\u00e4lkeen ilmoittamasi pelaajien m\u00e4\u00e4r\u00e4 on sitova.<\/p>\n\n\n\n<p><\/p>\n\n\n\n<p><strong>Voi ei \u2013 meid\u00e4n pit\u00e4\u00e4kin perua peli t\u00e4ll\u00e4 kertaa! Vai voimmeko siirt\u00e4\u00e4 pelin?<\/strong><\/p>\n\n\n\n<p>Pelin siirt\u00e4minen on helppoa ja t\u00e4ysin ilmaista: ota yhteytt\u00e4 Tarinamestareihin mahdollisimman pian, niin sovitaan uudesta p\u00e4iv\u00e4m\u00e4\u00e4r\u00e4st\u00e4. Jos olet jo varannut juhlatilan, muistathan ottaa juhlatilan omistajaan yhteytt\u00e4 erikseen ja siirt\u00e4\u00e4 varaustasi heill\u00e4kin.<\/p>\n\n\n\n<p>Arvoitushuonepeli voidaan perua puolin ja toisin ilman erillisi\u00e4 kuluja ilmoittamalla siit\u00e4 kirjallisesti tai s\u00e4hk\u00f6postilla viimeist\u00e4\u00e4n 5 p\u00e4iv\u00e4\u00e4 ennen pelin j\u00e4rjest\u00e4mist\u00e4. Tuon ajan j\u00e4lkeen Tarinamestarit ry ei en\u00e4\u00e4 palauta osallistumismaksuja.<\/p>\n\n\n\n<p><\/p>\n\n\n\n<p><strong>Vakuutukset voimassa?<\/strong><\/p>\n\n\n\n<p>Tarinamestarien sopimusehtoihin kuuluu, ett\u00e4 tilaajalla ja osallistujilla tulee olla palveluntarjoajan tapahtumaan osallistuessaan voimassa oleva t\u00e4ysajan tai vapaa-ajan tapaturmavakuutus tai matkavakuutus. Tilaajan yhteyshenkil\u00f6n on tiedotettava t\u00e4st\u00e4 velvoitteesta kaikille osallistujille.<\/p>\n\n\n\n<p><\/p>\n\n\n\n<p>Arvoitushuonepeli on hauska tapa viett\u00e4\u00e4 aikaa kivalla porukalla. Tutustu arvoitushuonepelivalikoimaamme.<\/p>\n\n\n\n<figure class=\"wp-block-image size-large\"><img loading=\"lazy\" width=\"1024\" height=\"768\" src=\"https:\/\/www.tarinamestarit.fi\/wp-content\/uploads\/2021\/03\/Murhis-1024x768.jpg\" alt=\"Ullakkohuoneen arvoitus\" class=\"wp-image-316\" srcset=\"https:\/\/www.tarinamestarit.fi\/wp-content\/uploads\/2021\/03\/Murhis-1024x768.jpg 1024w, https:\/\/www.tarinamestarit.fi\/wp-content\/uploads\/2021\/03\/Murhis-300x225.jpg 300w, https:\/\/www.tarinamestarit.fi\/wp-content\/uploads\/2021\/03\/Murhis-768x576.jpg 768w, https:\/\/www.tarinamestarit.fi\/wp-content\/uploads\/2021\/03\/Murhis-1536x1153.jpg 1536w, https:\/\/www.tarinamestarit.fi\/wp-content\/uploads\/2021\/03\/Murhis-555x417.jpg 555w, https:\/\/www.tarinamestarit.fi\/wp-content\/uploads\/2021\/03\/Murhis.jpg 1599w\" sizes=\"(max-width: 1024px) 100vw, 1024px\" \/><\/figure>\n\n\n\n<p><a href=\"https:\/\/www.tarinamestarit.fi\/\">Tarinamestareiden verkkokauppaan<\/a><\/p>\n","protected":false},"excerpt":{"rendered":"<p>Arvoitushuonepeli Arvoitushuonepeli on melkein kuin pakohuonepeli: aikaa on vain k\u00e4ytett\u00e4viss\u00e4 enemm\u00e4n, ei tarvitse paeta mist\u00e4\u00e4n ja arvoitushuone itsess\u00e4\u00e4n on t\u00e4ysin liikuteltavissa paikasta toiseen. Arvoitushuone ei ole kiinte\u00e4 rakennelma, vaan se voidaan rakentaa melkeinp\u00e4 mihin tahansa asiakkaan toivomaan julkiseen tilaan. Arvoitushuonepeli kest\u00e4\u00e4 noin 2 tuntia. Arvoitushuonepeli\u00e4 pelataan joukkueittain. Yleens\u00e4 joukkueeseen kuuluu 1\u20133 pelaajaa. Joukkueiden m\u00e4\u00e4r\u00e4 riippuu [&hellip;]<\/p>\n","protected":false},"author":3,"featured_media":0,"parent":0,"menu_order":0,"comment_status":"closed","ping_status":"closed","template":"","meta":[],"yoast_head":"<!-- This site is optimized with the Yoast SEO plugin v15.8 - https:\/\/yoast.com\/wordpress\/plugins\/seo\/ -->\n<title>Tietoa arvoitushuonepelist\u00e4 - Tarinamestarit<\/title>\n<meta name=\"description\" content=\"Arvoitushuonepelin s\u00e4\u00e4nn\u00f6t kannattaa lukea huolellisesti ennen pelin tilaamista ja pelaamista. Mukavia pelihetki\u00e4 teille!\" \/>\n<meta name=\"robots\" content=\"index, follow, max-snippet:-1, max-image-preview:large, max-video-preview:-1\" \/>\n<link rel=\"canonical\" href=\"https:\/\/www.tarinamestarit.fi\/index.php\/131-2\/\" \/>\n<meta property=\"og:locale\" content=\"fi_FI\" \/>\n<meta property=\"og:type\" content=\"article\" \/>\n<meta property=\"og:title\" content=\"Tietoa arvoitushuonepelist\u00e4 - Tarinamestarit\" \/>\n<meta property=\"og:description\" content=\"Arvoitushuonepelin s\u00e4\u00e4nn\u00f6t kannattaa lukea huolellisesti ennen pelin tilaamista ja pelaamista. Mukavia pelihetki\u00e4 teille!\" \/>\n<meta property=\"og:url\" content=\"https:\/\/www.tarinamestarit.fi\/index.php\/131-2\/\" \/>\n<meta property=\"og:site_name\" content=\"Tarinamestarit\" \/>\n<meta property=\"article:modified_time\" content=\"2021-07-08T07:22:46+00:00\" \/>\n<meta property=\"og:image\" content=\"http:\/\/www.tarinamestarit.fi\/wp-content\/uploads\/2021\/06\/Hyva-tietaa-linkki.jpg\" \/>\n<meta name=\"twitter:card\" content=\"summary_large_image\" \/>\n<meta name=\"twitter:label1\" content=\"Est. reading time\">\n\t<meta name=\"twitter:data1\" content=\"3 minuuttia\">\n<script type=\"application\/ld+json\" class=\"yoast-schema-graph\">{\"@context\":\"https:\/\/schema.org\",\"@graph\":[{\"@type\":\"WebSite\",\"@id\":\"https:\/\/www.tarinamestarit.fi\/#website\",\"url\":\"https:\/\/www.tarinamestarit.fi\/\",\"name\":\"Tarinamestarit\",\"description\":\"verkkokauppa\",\"potentialAction\":[{\"@type\":\"SearchAction\",\"target\":\"https:\/\/www.tarinamestarit.fi\/?s={search_term_string}\",\"query-input\":\"required name=search_term_string\"}],\"inLanguage\":\"fi\"},{\"@type\":\"ImageObject\",\"@id\":\"https:\/\/www.tarinamestarit.fi\/index.php\/131-2\/#primaryimage\",\"inLanguage\":\"fi\",\"url\":\"http:\/\/www.tarinamestarit.fi\/wp-content\/uploads\/2021\/06\/Hyva-tietaa-linkki.jpg\"},{\"@type\":\"WebPage\",\"@id\":\"https:\/\/www.tarinamestarit.fi\/index.php\/131-2\/#webpage\",\"url\":\"https:\/\/www.tarinamestarit.fi\/index.php\/131-2\/\",\"name\":\"Tietoa arvoitushuonepelist\\u00e4 - Tarinamestarit\",\"isPartOf\":{\"@id\":\"https:\/\/www.tarinamestarit.fi\/#website\"},\"primaryImageOfPage\":{\"@id\":\"https:\/\/www.tarinamestarit.fi\/index.php\/131-2\/#primaryimage\"},\"datePublished\":\"2021-03-04T19:12:41+00:00\",\"dateModified\":\"2021-07-08T07:22:46+00:00\",\"description\":\"Arvoitushuonepelin s\\u00e4\\u00e4nn\\u00f6t kannattaa lukea huolellisesti ennen pelin tilaamista ja pelaamista. Mukavia pelihetki\\u00e4 teille!\",\"breadcrumb\":{\"@id\":\"https:\/\/www.tarinamestarit.fi\/index.php\/131-2\/#breadcrumb\"},\"inLanguage\":\"fi\",\"potentialAction\":[{\"@type\":\"ReadAction\",\"target\":[\"https:\/\/www.tarinamestarit.fi\/index.php\/131-2\/\"]}]},{\"@type\":\"BreadcrumbList\",\"@id\":\"https:\/\/www.tarinamestarit.fi\/index.php\/131-2\/#breadcrumb\",\"itemListElement\":[{\"@type\":\"ListItem\",\"position\":1,\"item\":{\"@type\":\"WebPage\",\"@id\":\"https:\/\/www.tarinamestarit.fi\/\",\"url\":\"https:\/\/www.tarinamestarit.fi\/\",\"name\":\"Home\"}},{\"@type\":\"ListItem\",\"position\":2,\"item\":{\"@type\":\"WebPage\",\"@id\":\"https:\/\/www.tarinamestarit.fi\/index.php\/131-2\/\",\"url\":\"https:\/\/www.tarinamestarit.fi\/index.php\/131-2\/\",\"name\":\"Tietoa arvoitushuonepelist\\u00e4\"}}]}]}<\/script>\n<!-- \/ Yoast SEO plugin. -->","_links":{"self":[{"href":"https:\/\/www.tarinamestarit.fi\/index.php\/wp-json\/wp\/v2\/pages\/131"}],"collection":[{"href":"https:\/\/www.tarinamestarit.fi\/index.php\/wp-json\/wp\/v2\/pages"}],"about":[{"href":"https:\/\/www.tarinamestarit.fi\/index.php\/wp-json\/wp\/v2\/types\/page"}],"author":[{"embeddable":true,"href":"https:\/\/www.tarinamestarit.fi\/index.php\/wp-json\/wp\/v2\/users\/3"}],"replies":[{"embeddable":true,"href":"https:\/\/www.tarinamestarit.fi\/index.php\/wp-json\/wp\/v2\/comments?post=131"}],"version-history":[{"count":12,"href":"https:\/\/www.tarinamestarit.fi\/index.php\/wp-json\/wp\/v2\/pages\/131\/revisions"}],"predecessor-version":[{"id":888,"href":"https:\/\/www.tarinamestarit.fi\/index.php\/wp-json\/wp\/v2\/pages\/131\/revisions\/888"}],"wp:attachment":[{"href":"https:\/\/www.tarinamestarit.fi\/index.php\/wp-json\/wp\/v2\/media?parent=131"}],"curies":[{"name":"wp","href":"https:\/\/api.w.org\/{rel}","templated":true}]}}